{"id":2888,"date":"2025-06-21T12:27:27","date_gmt":"2025-06-21T10:27:27","guid":{"rendered":"https:\/\/openprofit.pl\/?page_id=2888"},"modified":"2025-07-07T09:45:23","modified_gmt":"2025-07-07T07:45:23","slug":"lubelskie","status":"publish","type":"page","link":"https:\/\/openprofit.pl\/lubelskie\/","title":{"rendered":"Us\u0142ugi ksi\u0119gowe online \u2013 lubelskie"},"content":{"rendered":"\n<section class=\"seo_section relative container section-margin\">\n\t\t\t<div class=\"flex flex-col w-full max-w-[113.2rem] justify-center mx-auto breadcrumbsSpace\">\n\t\t\t<div class=\"breadcrumbs mb-19 lg:mb-39 mx-auto max-w-full\">\n\t\t\t\t<div class=\"breadcrumbs__inner flex md:w-full\">\n\t\t\t\t\t<span><span><a href=\"https:\/\/openprofit.pl\/\">Strona g\u0142\u00f3wna<\/a><\/span><\/span>\n\t\t\t\t<\/div>\n\t\t\t<\/div>\n\t\t<\/div>\n\t\t<div class=\"text-center\">\n\t\t\n\t\t<div class=\"flex flex-col w-full max-w-[113.2rem] justify-center mx-auto\">\n\n\t\t\t\t\t\t\t\t<h1 class=\"h1  mb-40 md:mb-60\">\n\n\t\tUs\u0142ugi ksi\u0119gowe online \u2013 lubelskie\n\n\t<\/h1>\n\t\t\t\n\t\t\t<div class=\"seo_section-description paragraph-m text-content\">\n\n\t\t\t\t<p>Prowadzisz firm\u0119 w wojew\u00f3dztwie lubelskim i szukasz wygodnej formy obs\u0142ugi ksi\u0119gowej? W Open Profit oferujemy ksi\u0119gowo\u015b\u0107 online dla jednoosobowych dzia\u0142alno\u015bci, sp\u00f3\u0142ek i freelancer\u00f3w oraz podmiot\u00f3w dzia\u0142aj\u0105cych w ramach kontraktu B2B. Dzi\u0119ki w pe\u0142ni zdalnej obs\u0142udze mo\u017cesz prowadzi\u0107 swoj\u0105 firm\u0119 bez konieczno\u015bci dojazd\u00f3w do biura rachunkowego \u2013 a te bywaj\u0105 czasoch\u0142onne i kosztowne. Wsp\u00f3\u0142pracuj\u0105c z nami, przekazujesz dokumenty online, kontaktujesz si\u0119 z indywidualnym opiekunem \u2013 i wszystko to odbywa si\u0119 sprawnie i bezpiecznie.<\/p>\n<p>Nie jeste\u015bmy aplikacj\u0105 do samodzielnego ksi\u0119gowania. W przeciwie\u0144stwie do popularnych system\u00f3w zatrudniamy pracownik\u00f3w, kt\u00f3rzy prowadz\u0105 ksi\u0119gowo\u015b\u0107 klient\u00f3w z lubelskiego od pocz\u0105tku do ko\u0144ca. Masz swojego specjalist\u0119 \u2013 eksperta, kt\u00f3ry zna Twoj\u0105 firm\u0119 i odpowiada za ca\u0142y proces rozlicze\u0144.<\/p>\n<h2>Ksi\u0119gowo\u015b\u0107 lubelskie \u2013 wsparcie dla firm w regionie<\/h2>\n<p>Wojew\u00f3dztwo lubelskie to region z du\u017cym potencja\u0142em \u2013 wed\u0142ug danych GUS dzia\u0142a tu ponad 216 000 firm (stan na luty 2025 roku), a przeci\u0119tne wynagrodzenie brutto w sektorze przedsi\u0119biorstw wynosi 7 304,79 z\u0142. Coraz wi\u0119cej os\u00f3b decyduje si\u0119 na prowadzenie w\u0142asnej dzia\u0142alno\u015bci, a ci, kt\u00f3rzy ju\u017c funkcjonuj\u0105 na rynku, szukaj\u0105 rozwi\u0105za\u0144, kt\u00f3re b\u0119d\u0105 u\u0142atwieniem ich pracy. My je oferujemy! Ksi\u0119gowo\u015b\u0107 w lubelskim mo\u017ce by\u0107 wygodna i dopasowana do potrzeb ma\u0142ych firm \u2013 tak\u017ce tych, kt\u00f3re dzia\u0142aj\u0105 w e-commerce, dropshippingu, us\u0142ugach zdalnych czy bran\u017cy kreatywnej. Wystarczy wybra\u0107 Open Profit!<\/p>\n<p><strong>Niezale\u017cnie od tego, czy prowadzisz JDG, czy sp\u00f3\u0142k\u0119, z nami masz pewno\u015b\u0107, \u017ce Twoje rozliczenia s\u0105 w dobrych r\u0119kach.<\/strong><\/p>\n<h2>Us\u0142ugi ksi\u0119gowe dla klient\u00f3w z lubelskiego \u2013 w 100% online<\/h2>\n<p>Open Profit oferuje us\u0142ugi ksi\u0119gowe \u2013 lubelskie jest jednym z wojew\u00f3dztw, w kt\u00f3rym mamy klient\u00f3w. Pracujemy w pe\u0142ni zdalnie z klientami z ca\u0142ej Polski, dlatego doskonale wiemy, jak wa\u017cna jest szybka komunikacja i dost\u0119pno\u015b\u0107 bez wzgl\u0119du na lokalizacj\u0119.<\/p>\n<p>W ramach wsp\u00f3\u0142pracy zapewniamy:<\/p>\n<ul>\n<li>prowadzenie ksi\u0105g rachunkowych i ksi\u0119gowo\u015bci uproszczonej,<\/li>\n<li>prowadzenie rejestr\u00f3w VAT,<\/li>\n<li>obs\u0142ug\u0119 kadrowo-p\u0142acow\u0105 (umowy, listy p\u0142ac, ZUS, PIT),<\/li>\n<li>rekomendacje podatkowe i prawne w bie\u017c\u0105cych sprawach firmowych,<\/li>\n<li>pomoc w zak\u0142adaniu firmy (w tym sp\u00f3\u0142ek),<\/li>\n<li>sta\u0142y kontakt z indywidualnym opiekunem ksi\u0119gowym.<\/li>\n<\/ul>\n<p>Nie korzystamy z podwykonawc\u00f3w ani nie wsp\u00f3\u0142pracujemy z zewn\u0119trznymi biurami \u2013 za Twoj\u0105 ksi\u0119gowo\u015b\u0107 odpowiada wyznaczony pracownik naszego zespo\u0142u. Dokumenty dostarczasz przez Dropbox, a kontakt odbywa si\u0119 telefonicznie, mailowo lub online.<\/p>\n<h2>Sprawd\u017a ofert\u0119 ksi\u0119gowo\u015bci dla przedsi\u0119biorc\u00f3w z lubelskiego<\/h2>\n<p>Zdalna ksi\u0119gowo\u015b\u0107 to nie tylko wygoda, ale te\u017c bezpiecze\u0144stwo, przejrzysto\u015b\u0107 i szybki dost\u0119p do informacji. Z Open Profit nie musisz zna\u0107 si\u0119 na przepisach ani \u015bledzi\u0107 zmian w prawie \u2013 Tw\u00f3j opiekun b\u0119dzie Ci\u0119 informowa\u0107 na bie\u017c\u0105co i w ramach rekomendacji podpowie, jakie rozwi\u0105zania b\u0119d\u0105 najkorzystniejsze dla Twojej firmy. Ty w tym czasie b\u0119dziesz rozwija\u0107 skrzyd\u0142a w swojej bran\u017cy!<\/p>\n        <div class=\"region-children-container\">\n            <div class=\"region-children-grid\">\n                                <div class=\"region-child-item\">\n                    <a href=\"https:\/\/openprofit.pl\/lubelskie\/biuro-rachunkowe-lublin\/\" class=\"region-child-link\">\n                        <div class=\"region-child-icon\">\n                            <img decoding=\"async\" src=\"https:\/\/openprofit.pl\/wp-content\/uploads\/2022\/12\/konto-ikona.svg\" alt=\"Ikona lokalizacji\">\n                        <\/div>\n                        <div class=\"region-child-name\">Biuro rachunkowe \u2013 Lublin<\/div>\n                    <\/a>\n                <\/div>\n                            <\/div>\n        <\/div>\n\n        <style>\n            .region-children-container {\n                width: 100%;\n                max-width: 1320px;\n                margin: 40px auto;\n                padding: 0 15px;\n            }\n\n            .region-children-grid {\n                display: flex;\n                flex-wrap: wrap;\n                justify-content: center;\n                margin: 0 -15px;\n            }\n\n            .region-child-item {\n                flex: 0 0 280px;\n                width: 280px;\n                padding: 0 15px;\n                margin-bottom: 30px;\n            }\n\n            .region-child-link {\n                display: flex;\n                align-items: center;\n                justify-content: center;\n                padding: 20px;\n                height: 80px;\n                background: #f8fcfd;\n                border: 1px solid #e0f2f4;\n                border-radius: 8px;\n                transition: all 0.3s ease;\n                text-decoration: none !important;\n                color: #4a5568;\n                text-align: center;\n            }\n\n            .region-child-link:hover {\n                transform: translateY(-2px);\n                box-shadow: 0 8px 25px rgba(139, 216, 211, 0.3);\n                background: #ffffff;\n                border-color: #8bd8d3;\n                color: #2d3748;\n            }\n\n            .region-child-icon {\n                flex: 0 0 28px;\n                margin-right: 15px;\n            }\n\n            .region-child-icon img {\n                width: 28px;\n                height: 28px;\n                display: block;\n                filter: brightness(0) saturate(100%) invert(40%) sepia(8%) saturate(977%) hue-rotate(184deg) brightness(94%) contrast(86%);\n                transition: filter 0.3s ease;\n            }\n\n            .region-child-link:hover .region-child-icon img {\n                filter: brightness(0) saturate(100%) invert(71%) sepia(29%) saturate(463%) hue-rotate(122deg) brightness(96%) contrast(87%);\n            }\n\n            .region-child-name {\n                font-size: 16px;\n                font-weight: 500;\n                line-height: 1.3;\n                color: inherit;\n            }\n\n            @media (max-width: 1280px) {\n                .region-child-item {\n                    flex: 0 0 260px;\n                    width: 260px;\n                }\n            }\n\n            @media (max-width: 768px) {\n                .region-child-item {\n                    flex: 0 0 240px;\n                    width: 240px;\n                }\n\n                .region-child-link {\n                    padding: 15px;\n                    height: 70px;\n                }\n\n                .region-child-name {\n                    font-size: 15px;\n                }\n\n                .region-child-icon {\n                    flex: 0 0 24px;\n                    margin-right: 12px;\n                }\n\n                .region-child-icon img {\n                    width: 24px;\n                    height: 24px;\n                }\n            }\n\n            @media (max-width: 480px) {\n                .region-child-item {\n                    flex: 0 0 100%;\n                    width: 100%;\n                    max-width: 280px;\n                }\n            }\n        <\/style>\n        \n<p>Zapraszamy do wsp\u00f3\u0142pracy.<\/p>\n\n\t\t\t<\/div>\n\n\t\t<\/div>\n\t<\/div>\n\t\n<\/section>\n","protected":false},"excerpt":{"rendered":"","protected":false},"author":13,"featured_media":0,"parent":0,"menu_order":0,"comment_status":"closed","ping_status":"closed","template":"","meta":{"_acf_changed":false,"inline_featured_image":false,"editor_plus_copied_stylings":"{}","footnotes":""},"class_list":["post-2888","page","type-page","status-publish","hentry"],"acf":[],"yoast_head":"<!-- This site is optimized with the Yoast SEO plugin v27.3 - https:\/\/yoast.com\/product\/yoast-seo-wordpress\/ -->\n<title>Us\u0142ugi ksi\u0119gowe online \u2013 lubelskie | biuro rachunkowe i podatkowe - us\u0142ugi ksi\u0119gowe | openprofit.pl<\/title>\n<meta name=\"description\" content=\"Oferujemy ksi\u0119gowo\u015b\u0107 online dla firm z wojew\u00f3dztwa lubelskiego \u2013 rozliczamy, zajmujemy si\u0119 kadrami i p\u0142acami. Obs\u0142ugujemy sp\u00f3\u0142ki i JDG. Sprawd\u017a sam!\" \/>\n<meta name=\"robots\" content=\"index, follow, max-snippet:-1, max-image-preview:large, max-video-preview:-1\" \/>\n<link rel=\"canonical\" href=\"https:\/\/openprofit.pl\/lubelskie\/\" \/>\n<meta property=\"og:locale\" content=\"pl_PL\" \/>\n<meta property=\"og:type\" content=\"article\" \/>\n<meta property=\"og:title\" content=\"Us\u0142ugi ksi\u0119gowe online \u2013 lubelskie | biuro rachunkowe i podatkowe - us\u0142ugi ksi\u0119gowe | openprofit.pl\" \/>\n<meta property=\"og:description\" content=\"Oferujemy ksi\u0119gowo\u015b\u0107 online dla firm z wojew\u00f3dztwa lubelskiego \u2013 rozliczamy, zajmujemy si\u0119 kadrami i p\u0142acami. Obs\u0142ugujemy sp\u00f3\u0142ki i JDG. Sprawd\u017a sam!\" \/>\n<meta property=\"og:url\" content=\"https:\/\/openprofit.pl\/lubelskie\/\" \/>\n<meta property=\"og:site_name\" content=\"openprofit.pl\" \/>\n<meta property=\"article:modified_time\" content=\"2025-07-07T07:45:23+00:00\" \/>\n<meta name=\"twitter:card\" content=\"summary_large_image\" \/>\n<!-- \/ Yoast SEO plugin. -->","yoast_head_json":{"title":"Us\u0142ugi ksi\u0119gowe online \u2013 lubelskie | biuro rachunkowe i podatkowe - us\u0142ugi ksi\u0119gowe | openprofit.pl","description":"Oferujemy ksi\u0119gowo\u015b\u0107 online dla firm z wojew\u00f3dztwa lubelskiego \u2013 rozliczamy, zajmujemy si\u0119 kadrami i p\u0142acami. Obs\u0142ugujemy sp\u00f3\u0142ki i JDG. Sprawd\u017a sam!","robots":{"index":"index","follow":"follow","max-snippet":"max-snippet:-1","max-image-preview":"max-image-preview:large","max-video-preview":"max-video-preview:-1"},"canonical":"https:\/\/openprofit.pl\/lubelskie\/","og_locale":"pl_PL","og_type":"article","og_title":"Us\u0142ugi ksi\u0119gowe online \u2013 lubelskie | biuro rachunkowe i podatkowe - us\u0142ugi ksi\u0119gowe | openprofit.pl","og_description":"Oferujemy ksi\u0119gowo\u015b\u0107 online dla firm z wojew\u00f3dztwa lubelskiego \u2013 rozliczamy, zajmujemy si\u0119 kadrami i p\u0142acami. Obs\u0142ugujemy sp\u00f3\u0142ki i JDG. Sprawd\u017a sam!","og_url":"https:\/\/openprofit.pl\/lubelskie\/","og_site_name":"openprofit.pl","article_modified_time":"2025-07-07T07:45:23+00:00","twitter_card":"summary_large_image","schema":{"@context":"https:\/\/schema.org","@graph":[{"@type":"WebPage","@id":"https:\/\/openprofit.pl\/lubelskie\/","url":"https:\/\/openprofit.pl\/lubelskie\/","name":"Us\u0142ugi ksi\u0119gowe online \u2013 lubelskie | biuro rachunkowe i podatkowe - us\u0142ugi ksi\u0119gowe | openprofit.pl","isPartOf":{"@id":"https:\/\/openprofit.pl\/#website"},"datePublished":"2025-06-21T10:27:27+00:00","dateModified":"2025-07-07T07:45:23+00:00","description":"Oferujemy ksi\u0119gowo\u015b\u0107 online dla firm z wojew\u00f3dztwa lubelskiego \u2013 rozliczamy, zajmujemy si\u0119 kadrami i p\u0142acami. Obs\u0142ugujemy sp\u00f3\u0142ki i JDG. Sprawd\u017a sam!","breadcrumb":{"@id":"https:\/\/openprofit.pl\/lubelskie\/#breadcrumb"},"inLanguage":"pl-PL","potentialAction":[{"@type":"ReadAction","target":["https:\/\/openprofit.pl\/lubelskie\/"]}]},{"@type":"BreadcrumbList","@id":"https:\/\/openprofit.pl\/lubelskie\/#breadcrumb","itemListElement":[{"@type":"ListItem","position":1,"name":"Strona g\u0142\u00f3wna","item":"https:\/\/openprofit.pl\/"},{"@type":"ListItem","position":2,"name":"Us\u0142ugi ksi\u0119gowe online \u2013 lubelskie"}]},{"@type":"WebSite","@id":"https:\/\/openprofit.pl\/#website","url":"https:\/\/openprofit.pl\/","name":"openprofit.pl","description":"Twoje zdalne biuro rachunkowe","potentialAction":[{"@type":"SearchAction","target":{"@type":"EntryPoint","urlTemplate":"https:\/\/openprofit.pl\/?s={search_term_string}"},"query-input":{"@type":"PropertyValueSpecification","valueRequired":true,"valueName":"search_term_string"}}],"inLanguage":"pl-PL"}]}},"gutenberg_blocks":[{"blockName":"custom-styles","attrs":{"styles":""}},{"blockName":"acf\/seo-section","attrs":{"container":"","disable_contact_section_above_footer":false,"schema_faq":""},"innerBlocks":[],"innerHTML":"","innerContent":[]}],"meta_data":{"container":"","disable_contact_section_above_footer":false,"schema_faq":""},"_links":{"self":[{"href":"https:\/\/openprofit.pl\/index.php\/wp-json\/wp\/v2\/pages\/2888","targetHints":{"allow":["GET"]}}],"collection":[{"href":"https:\/\/openprofit.pl\/index.php\/wp-json\/wp\/v2\/pages"}],"about":[{"href":"https:\/\/openprofit.pl\/index.php\/wp-json\/wp\/v2\/types\/page"}],"author":[{"embeddable":true,"href":"https:\/\/openprofit.pl\/index.php\/wp-json\/wp\/v2\/users\/13"}],"replies":[{"embeddable":true,"href":"https:\/\/openprofit.pl\/index.php\/wp-json\/wp\/v2\/comments?post=2888"}],"version-history":[{"count":2,"href":"https:\/\/openprofit.pl\/index.php\/wp-json\/wp\/v2\/pages\/2888\/revisions"}],"predecessor-version":[{"id":2891,"href":"https:\/\/openprofit.pl\/index.php\/wp-json\/wp\/v2\/pages\/2888\/revisions\/2891"}],"wp:attachment":[{"href":"https:\/\/openprofit.pl\/index.php\/wp-json\/wp\/v2\/media?parent=2888"}],"curies":[{"name":"wp","href":"https:\/\/api.w.org\/{rel}","templated":true}]}}