{"id":2883,"date":"2025-06-12T10:35:13","date_gmt":"2025-06-12T08:35:13","guid":{"rendered":"https:\/\/openprofit.pl\/?page_id=2883"},"modified":"2025-07-07T09:45:27","modified_gmt":"2025-07-07T07:45:27","slug":"zachodniopomorskie","status":"publish","type":"page","link":"https:\/\/openprofit.pl\/zachodniopomorskie\/","title":{"rendered":"Ksi\u0119gowo\u015b\u0107 online \u2013 zachodniopomorskie"},"content":{"rendered":"\n<section class=\"seo_section relative container section-margin\">\n\t\t\t<div class=\"flex flex-col w-full max-w-[113.2rem] justify-center mx-auto breadcrumbsSpace\">\n\t\t\t<div class=\"breadcrumbs mb-19 lg:mb-39 mx-auto max-w-full\">\n\t\t\t\t<div class=\"breadcrumbs__inner flex md:w-full\">\n\t\t\t\t\t<span><span><a href=\"https:\/\/openprofit.pl\/\">Strona g\u0142\u00f3wna<\/a><\/span><\/span>\n\t\t\t\t<\/div>\n\t\t\t<\/div>\n\t\t<\/div>\n\t\t<div class=\"text-center\">\n\t\t\n\t\t<div class=\"flex flex-col w-full max-w-[113.2rem] justify-center mx-auto\">\n\n\t\t\t\t\t\t\t\t<h1 class=\"h1  mb-40 md:mb-60\">\n\n\t\tKsi\u0119gowo\u015b\u0107 online \u2013 zachodniopomorskie\n\n\t<\/h1>\n\t\t\t\n\t\t\t<div class=\"seo_section-description paragraph-m text-content\">\n\n\t\t\t\t<p>Je\u015bli masz firm\u0119 w Szczecinie, Koszalinie, \u015awinouj\u015bciu lub innej cz\u0119\u015bci wojew\u00f3dztwa zachodniopomorskiego, mo\u017cesz prowadzi\u0107 swoj\u0105 ksi\u0119gowo\u015b\u0107 ca\u0142kowicie zdalnie \u2013 z dowolnego miejsca i bez zb\u0119dnych formalno\u015bci. Open Profit to biuro rachunkowe online, kt\u00f3re obs\u0142uguje przedsi\u0119biorc\u00f3w z ca\u0142ej Polski.<\/p>\n<p>Wsp\u00f3\u0142pracuj\u0105c z nami, nie korzystasz z aplikacji do samodzielnego ksi\u0119gowania, kt\u00f3rej obs\u0142uga wymaga uwagi, wpisywania danych i mo\u017ce powodowa\u0107 b\u0142\u0119dne kalkulacje i uniemo\u017cliwia\u0107 korzystanie z dost\u0119pnych optymalizacji podatkowych. Nie szukasz te\u017c ksi\u0119gowego na w\u0142asn\u0105 r\u0119k\u0119 ani nie ponosisz wysokich koszt\u00f3w zatrudnienia w\u0142asnego pracownika. Zapewniamy Ci wsparcie przypisanego Opiekuna ksi\u0119gowego.<\/p>\n<p>W Open Profit wymiana dokument\u00f3w odbywa si\u0119 przez Dropbox, a kontakt mailowy, telefoniczny lub online zapewnia szybkie i sprawne za\u0142atwianie spraw. Dzia\u0142amy na rynku od 2005 roku i mamy do\u015bwiadczenie w takiej formie wsp\u00f3\u0142pracy. Gwarantujemy, \u017ce zatroszczymy si\u0119 o to, aby przebiega\u0142a ona bez \u017cadnych zak\u0142\u00f3ce\u0144.<strong> Zadbamy te\u017c o to, by Twoja ksi\u0119gowo\u015b\u0107 by\u0142a prowadzona skrupulatnie i zgodnie z aktualnymi wymogami prawnymi. <\/strong>W\u00f3wczas stanie si\u0119 ona fundamentem dobrze prosperuj\u0105cego, stabilnego biznesu.<\/p>\n<h2><strong>Us\u0142ugi ksi\u0119gowe dla firm z zachodniopomorskiego \u2013 kompleksowo i zdalnie<\/strong><\/h2>\n<p>Open Profit to biuro, kt\u00f3re dzia\u0142a inaczej ni\u017c typowe systemy ksi\u0119gowe. Nie sprzedajemy aplikacji i nie korzystamy z us\u0142ug zewn\u0119trznych ksi\u0119gowych. Nasze dzia\u0142ania opieraj\u0105 si\u0119 na pracy z przypisanym Opiekunem, kt\u00f3ry zna Twoj\u0105 firm\u0119 i prowadzi jej ksi\u0119gowo\u015b\u0107 od pocz\u0105tku do ko\u0144ca.<\/p>\n<p>Zajmujemy si\u0119:<\/p>\n<ul>\n<li>ksi\u0119gowo\u015bci\u0105 uproszczon\u0105 i pe\u0142n\u0105 (KPiR, ksi\u0119gi rachunkowe);<\/li>\n<li>obs\u0142ug\u0105 kadrowo-p\u0142acow\u0105;<\/li>\n<li>prowadzenie rejestr\u00f3w VAT;<\/li>\n<li>udzielaniem rekomendacji podatkowych i prawnych dla Twojej dzia\u0142alno\u015bci;<\/li>\n<li>pomoc\u0105 przy zak\u0142adaniu dzia\u0142alno\u015bci;<\/li>\n<li>dbaniem o bezpieczny obieg dokument\u00f3w online;<\/li>\n<li>dostosowywaniem trybu prowadzenia dzia\u0142alno\u015bci do aktualnych wymog\u00f3w prawnych.<\/li>\n<\/ul>\n<p>\u015awiadczymy us\u0142ugi w kompleksowy spos\u00f3b. W zwi\u0105zku z tym nie musisz szuka\u0107 dodatkowego wsparcia np. do obs\u0142ugi kadr i p\u0142ac. Oszcz\u0119dzasz w ten spos\u00f3b czas i \u015brodki. Sama zdalna forma wsp\u00f3\u0142pracy r\u00f3wnie\u017c jest korzystna z punktu widzenia czasu i finans\u00f3w. Nie wymaga dojazd\u00f3w do biura ani drukowania dokument\u00f3w.<\/p>\n<p>Je\u015bli szukasz wygodnej, rzetelnej i zdalnej obs\u0142ugi ksi\u0119gowej, z kt\u00f3r\u0105 masz bezpo\u015bredni kontakt, zapraszamy do wsp\u00f3\u0142pracy. Od 2005 roku prowadzimy ksi\u0119gowo\u015b\u0107 dla firm w ca\u0142ej Polsce. Zaufa\u0142o nam ju\u017c ponad 1500 przedsi\u0119biorc\u00f3w \u2013 teraz czas na Ciebie.<\/p>\n        <div class=\"region-children-container\">\n            <div class=\"region-children-grid\">\n                                <div class=\"region-child-item\">\n                    <a href=\"https:\/\/openprofit.pl\/zachodniopomorskie\/biuro-rachunkowe-koszalin\/\" class=\"region-child-link\">\n                        <div class=\"region-child-icon\">\n                            <img decoding=\"async\" src=\"https:\/\/openprofit.pl\/wp-content\/uploads\/2022\/12\/konto-ikona.svg\" alt=\"Ikona lokalizacji\">\n                        <\/div>\n                        <div class=\"region-child-name\">Biuro rachunkowe \u2013 Koszalin<\/div>\n                    <\/a>\n                <\/div>\n                                <div class=\"region-child-item\">\n                    <a href=\"https:\/\/openprofit.pl\/zachodniopomorskie\/biuro-rachunkowe-szczecin\/\" class=\"region-child-link\">\n                        <div class=\"region-child-icon\">\n                            <img decoding=\"async\" src=\"https:\/\/openprofit.pl\/wp-content\/uploads\/2022\/12\/konto-ikona.svg\" alt=\"Ikona lokalizacji\">\n                        <\/div>\n                        <div class=\"region-child-name\">Biuro rachunkowe \u2013 Szczecin<\/div>\n                    <\/a>\n                <\/div>\n                            <\/div>\n        <\/div>\n\n        <style>\n            .region-children-container {\n                width: 100%;\n                max-width: 1320px;\n                margin: 40px auto;\n                padding: 0 15px;\n            }\n\n            .region-children-grid {\n                display: flex;\n                flex-wrap: wrap;\n                justify-content: center;\n                margin: 0 -15px;\n            }\n\n            .region-child-item {\n                flex: 0 0 280px;\n                width: 280px;\n                padding: 0 15px;\n                margin-bottom: 30px;\n            }\n\n            .region-child-link {\n                display: flex;\n                align-items: center;\n                justify-content: center;\n                padding: 20px;\n                height: 80px;\n                background: #f8fcfd;\n                border: 1px solid #e0f2f4;\n                border-radius: 8px;\n                transition: all 0.3s ease;\n                text-decoration: none !important;\n                color: #4a5568;\n                text-align: center;\n            }\n\n            .region-child-link:hover {\n                transform: translateY(-2px);\n                box-shadow: 0 8px 25px rgba(139, 216, 211, 0.3);\n                background: #ffffff;\n                border-color: #8bd8d3;\n                color: #2d3748;\n            }\n\n            .region-child-icon {\n                flex: 0 0 28px;\n                margin-right: 15px;\n            }\n\n            .region-child-icon img {\n                width: 28px;\n                height: 28px;\n                display: block;\n                filter: brightness(0) saturate(100%) invert(40%) sepia(8%) saturate(977%) hue-rotate(184deg) brightness(94%) contrast(86%);\n                transition: filter 0.3s ease;\n            }\n\n            .region-child-link:hover .region-child-icon img {\n                filter: brightness(0) saturate(100%) invert(71%) sepia(29%) saturate(463%) hue-rotate(122deg) brightness(96%) contrast(87%);\n            }\n\n            .region-child-name {\n                font-size: 16px;\n                font-weight: 500;\n                line-height: 1.3;\n                color: inherit;\n            }\n\n            @media (max-width: 1280px) {\n                .region-child-item {\n                    flex: 0 0 260px;\n                    width: 260px;\n                }\n            }\n\n            @media (max-width: 768px) {\n                .region-child-item {\n                    flex: 0 0 240px;\n                    width: 240px;\n                }\n\n                .region-child-link {\n                    padding: 15px;\n                    height: 70px;\n                }\n\n                .region-child-name {\n                    font-size: 15px;\n                }\n\n                .region-child-icon {\n                    flex: 0 0 24px;\n                    margin-right: 12px;\n                }\n\n                .region-child-icon img {\n                    width: 24px;\n                    height: 24px;\n                }\n            }\n\n            @media (max-width: 480px) {\n                .region-child-item {\n                    flex: 0 0 100%;\n                    width: 100%;\n                    max-width: 280px;\n                }\n            }\n        <\/style>\n        \n\n\t\t\t<\/div>\n\n\t\t<\/div>\n\t<\/div>\n\t\n<\/section>\n\n\n\n<p class=\" eplus-wrapper\"><\/p>\n\n\n\n<p class=\" eplus-wrapper\"><\/p>\n","protected":false},"excerpt":{"rendered":"","protected":false},"author":13,"featured_media":0,"parent":0,"menu_order":0,"comment_status":"closed","ping_status":"closed","template":"","meta":{"_acf_changed":false,"inline_featured_image":false,"editor_plus_copied_stylings":"{}","footnotes":""},"class_list":["post-2883","page","type-page","status-publish","hentry"],"acf":[],"yoast_head":"<!-- This site is optimized with the Yoast SEO plugin v27.4 - https:\/\/yoast.com\/product\/yoast-seo-wordpress\/ -->\n<title>Ksi\u0119gowo\u015b\u0107 online \u2013 zachodniopomorskie | biuro rachunkowe i podatkowe - us\u0142ugi ksi\u0119gowe | openprofit.pl<\/title>\n<meta name=\"description\" content=\"Prowadzimy ksi\u0119gowo\u015b\u0107 online dla firm z wojew\u00f3dztwa zachodniopomorskiego. Zajmujemy si\u0119 te\u017c kadrami i p\u0142acami. Obs\u0142ugujemy JDG, sp\u00f3\u0142ki, osoby na B2B. Sprawd\u017a.\" \/>\n<meta name=\"robots\" content=\"index, follow, max-snippet:-1, max-image-preview:large, max-video-preview:-1\" \/>\n<link rel=\"canonical\" href=\"https:\/\/openprofit.pl\/zachodniopomorskie\/\" \/>\n<meta property=\"og:locale\" content=\"pl_PL\" \/>\n<meta property=\"og:type\" content=\"article\" \/>\n<meta property=\"og:title\" content=\"Ksi\u0119gowo\u015b\u0107 online \u2013 zachodniopomorskie | biuro rachunkowe i podatkowe - us\u0142ugi ksi\u0119gowe | openprofit.pl\" \/>\n<meta property=\"og:description\" content=\"Prowadzimy ksi\u0119gowo\u015b\u0107 online dla firm z wojew\u00f3dztwa zachodniopomorskiego. Zajmujemy si\u0119 te\u017c kadrami i p\u0142acami. Obs\u0142ugujemy JDG, sp\u00f3\u0142ki, osoby na B2B. Sprawd\u017a.\" \/>\n<meta property=\"og:url\" content=\"https:\/\/openprofit.pl\/zachodniopomorskie\/\" \/>\n<meta property=\"og:site_name\" content=\"openprofit.pl\" \/>\n<meta property=\"article:modified_time\" content=\"2025-07-07T07:45:27+00:00\" \/>\n<meta name=\"twitter:card\" content=\"summary_large_image\" \/>\n<!-- \/ Yoast SEO plugin. -->","yoast_head_json":{"title":"Ksi\u0119gowo\u015b\u0107 online \u2013 zachodniopomorskie | biuro rachunkowe i podatkowe - us\u0142ugi ksi\u0119gowe | openprofit.pl","description":"Prowadzimy ksi\u0119gowo\u015b\u0107 online dla firm z wojew\u00f3dztwa zachodniopomorskiego. Zajmujemy si\u0119 te\u017c kadrami i p\u0142acami. Obs\u0142ugujemy JDG, sp\u00f3\u0142ki, osoby na B2B. Sprawd\u017a.","robots":{"index":"index","follow":"follow","max-snippet":"max-snippet:-1","max-image-preview":"max-image-preview:large","max-video-preview":"max-video-preview:-1"},"canonical":"https:\/\/openprofit.pl\/zachodniopomorskie\/","og_locale":"pl_PL","og_type":"article","og_title":"Ksi\u0119gowo\u015b\u0107 online \u2013 zachodniopomorskie | biuro rachunkowe i podatkowe - us\u0142ugi ksi\u0119gowe | openprofit.pl","og_description":"Prowadzimy ksi\u0119gowo\u015b\u0107 online dla firm z wojew\u00f3dztwa zachodniopomorskiego. Zajmujemy si\u0119 te\u017c kadrami i p\u0142acami. Obs\u0142ugujemy JDG, sp\u00f3\u0142ki, osoby na B2B. Sprawd\u017a.","og_url":"https:\/\/openprofit.pl\/zachodniopomorskie\/","og_site_name":"openprofit.pl","article_modified_time":"2025-07-07T07:45:27+00:00","twitter_card":"summary_large_image","schema":{"@context":"https:\/\/schema.org","@graph":[{"@type":"WebPage","@id":"https:\/\/openprofit.pl\/zachodniopomorskie\/","url":"https:\/\/openprofit.pl\/zachodniopomorskie\/","name":"Ksi\u0119gowo\u015b\u0107 online \u2013 zachodniopomorskie | biuro rachunkowe i podatkowe - us\u0142ugi ksi\u0119gowe | openprofit.pl","isPartOf":{"@id":"https:\/\/openprofit.pl\/#website"},"datePublished":"2025-06-12T08:35:13+00:00","dateModified":"2025-07-07T07:45:27+00:00","description":"Prowadzimy ksi\u0119gowo\u015b\u0107 online dla firm z wojew\u00f3dztwa zachodniopomorskiego. Zajmujemy si\u0119 te\u017c kadrami i p\u0142acami. Obs\u0142ugujemy JDG, sp\u00f3\u0142ki, osoby na B2B. Sprawd\u017a.","breadcrumb":{"@id":"https:\/\/openprofit.pl\/zachodniopomorskie\/#breadcrumb"},"inLanguage":"pl-PL","potentialAction":[{"@type":"ReadAction","target":["https:\/\/openprofit.pl\/zachodniopomorskie\/"]}]},{"@type":"BreadcrumbList","@id":"https:\/\/openprofit.pl\/zachodniopomorskie\/#breadcrumb","itemListElement":[{"@type":"ListItem","position":1,"name":"Strona g\u0142\u00f3wna","item":"https:\/\/openprofit.pl\/"},{"@type":"ListItem","position":2,"name":"Ksi\u0119gowo\u015b\u0107 online \u2013 zachodniopomorskie"}]},{"@type":"WebSite","@id":"https:\/\/openprofit.pl\/#website","url":"https:\/\/openprofit.pl\/","name":"openprofit.pl","description":"Twoje zdalne biuro rachunkowe","potentialAction":[{"@type":"SearchAction","target":{"@type":"EntryPoint","urlTemplate":"https:\/\/openprofit.pl\/?s={search_term_string}"},"query-input":{"@type":"PropertyValueSpecification","valueRequired":true,"valueName":"search_term_string"}}],"inLanguage":"pl-PL"}]}},"gutenberg_blocks":[{"blockName":"custom-styles","attrs":{"styles":""}},{"blockName":"acf\/seo-section","attrs":{"container":"","disable_contact_section_above_footer":false,"schema_faq":""},"innerBlocks":[],"innerHTML":"","innerContent":[]},{"blockName":"core\/paragraph","attrs":{"className":"","epAnimationGeneratedClass":"edplus_anim-6MSOLG","epGeneratedClass":"eplus-wrapper"},"innerBlocks":[],"innerHTML":"\n<p class=\" eplus-wrapper\"><\/p>\n","innerContent":["\n<p class=\" eplus-wrapper\"><\/p>\n"]},{"blockName":"core\/paragraph","attrs":{"className":"","epAnimationGeneratedClass":"edplus_anim-5rFeqW","epGeneratedClass":"eplus-wrapper"},"innerBlocks":[],"innerHTML":"\n<p class=\" eplus-wrapper\"><\/p>\n","innerContent":["\n<p class=\" eplus-wrapper\"><\/p>\n"]}],"meta_data":{"container":"","disable_contact_section_above_footer":false,"schema_faq":""},"_links":{"self":[{"href":"https:\/\/openprofit.pl\/index.php\/wp-json\/wp\/v2\/pages\/2883","targetHints":{"allow":["GET"]}}],"collection":[{"href":"https:\/\/openprofit.pl\/index.php\/wp-json\/wp\/v2\/pages"}],"about":[{"href":"https:\/\/openprofit.pl\/index.php\/wp-json\/wp\/v2\/types\/page"}],"author":[{"embeddable":true,"href":"https:\/\/openprofit.pl\/index.php\/wp-json\/wp\/v2\/users\/13"}],"replies":[{"embeddable":true,"href":"https:\/\/openprofit.pl\/index.php\/wp-json\/wp\/v2\/comments?post=2883"}],"version-history":[{"count":3,"href":"https:\/\/openprofit.pl\/index.php\/wp-json\/wp\/v2\/pages\/2883\/revisions"}],"predecessor-version":[{"id":2977,"href":"https:\/\/openprofit.pl\/index.php\/wp-json\/wp\/v2\/pages\/2883\/revisions\/2977"}],"wp:attachment":[{"href":"https:\/\/openprofit.pl\/index.php\/wp-json\/wp\/v2\/media?parent=2883"}],"curies":[{"name":"wp","href":"https:\/\/api.w.org\/{rel}","templated":true}]}}