{"id":2881,"date":"2025-06-11T10:33:19","date_gmt":"2025-06-11T08:33:19","guid":{"rendered":"https:\/\/openprofit.pl\/?page_id=2881"},"modified":"2025-07-07T09:45:32","modified_gmt":"2025-07-07T07:45:32","slug":"wielkopolskie","status":"publish","type":"page","link":"https:\/\/openprofit.pl\/wielkopolskie\/","title":{"rendered":"Us\u0142ugi ksi\u0119gowe online \u2013 wielkopolskie"},"content":{"rendered":"\n<section class=\"seo_section relative container section-margin\">\n\t\t\t<div class=\"flex flex-col w-full max-w-[113.2rem] justify-center mx-auto breadcrumbsSpace\">\n\t\t\t<div class=\"breadcrumbs mb-19 lg:mb-39 mx-auto max-w-full\">\n\t\t\t\t<div class=\"breadcrumbs__inner flex md:w-full\">\n\t\t\t\t\t<span><span><a href=\"https:\/\/openprofit.pl\/\">Strona g\u0142\u00f3wna<\/a><\/span><\/span>\n\t\t\t\t<\/div>\n\t\t\t<\/div>\n\t\t<\/div>\n\t\t<div class=\"text-center\">\n\t\t\n\t\t<div class=\"flex flex-col w-full max-w-[113.2rem] justify-center mx-auto\">\n\n\t\t\t\t\t\t\t\t<h1 class=\"h1  mb-40 md:mb-60\">\n\n\t\tUs\u0142ugi ksi\u0119gowe online \u2013 wielkopolskie\n\n\t<\/h1>\n\t\t\t\n\t\t\t<div class=\"seo_section-description paragraph-m text-content\">\n\n\t\t\t\t<p>Je\u015bli szukasz wygodnej i nowoczesnej obs\u0142ugi rozlicze\u0144, postaw na ksi\u0119gowo\u015b\u0107 online z Open Profit. Dzia\u0142amy w 100% zdalnie i obs\u0142ugujemy firmy z ca\u0142ego wojew\u00f3dztwa wielkopolskiego \u2013 JDG i sp\u00f3\u0142ki. Wsp\u00f3\u0142pracujemy z podmiotami z takich miejscowo\u015bci jak m.in. Pozna\u0144, Kalisz czy Konin. Oferujemy kompleksow\u0105, terminow\u0105 i rzeteln\u0105 obs\u0142ug\u0119.<\/p>\n<p>Ka\u017cdy klient ma u nas zapewnione wsparcie Opiekuna ksi\u0119gowego. To osoba, kt\u00f3ra kompleksowo zajmuje si\u0119 Twoj\u0105 firm\u0105. Kontaktujesz si\u0119 z ni\u0105 online, a dokumenty przesy\u0142asz szybko i bezpiecznie przez Dropbox. W ka\u017cdej chwili ekspert odpowie na Twoje pytania i udzieli rekomendacji w sprawach podatkowo-prawnych.<\/p>\n<p>Mo\u017cesz na nas liczy\u0107. Pomo\u017cemy Ci rozwin\u0105\u0107 skrzyd\u0142a na rynku, zapewniaj\u0105c porz\u0105dek w dokumentach ksi\u0119gowych i wsparcie w terminowej realizacji obowi\u0105zk\u00f3w podatkowych. Zadbamy te\u017c o maksymalne wdro\u017cenie optymalizacji, bo ni\u017csze podatki to wi\u0119cej pieni\u0119dzy w Twojej kieszeni \u2013 na rozw\u00f3j firmy i indywidualne cele.<\/p>\n<h2><strong>Ksi\u0119gowo\u015b\u0107 w wielkopolskim \u2013 dla JDG, sp\u00f3\u0142ek i freelancer\u00f3w<\/strong><\/h2>\n<p>Wielkopolska to jeden z najwa\u017cniejszych region\u00f3w biznesowych w kraju. Przyci\u0105ga inwestor\u00f3w, dynamiczne startupy, firmy produkcyjne i us\u0142ugowe. Ksi\u0119gowo\u015b\u0107 tutaj powinna by\u0107 r\u00f3wnie elastyczna, jak dzia\u0142aj\u0105ce tu firmy. Nasza oferta jest dopasowana zar\u00f3wno do w\u0142a\u015bcicieli jednoosobowych dzia\u0142alno\u015bci, jak i sp\u00f3\u0142ek oraz os\u00f3b pracuj\u0105cych na B2B.<\/p>\n<h2><strong>Zdalna wsp\u00f3\u0142praca bez komplikacji, czyli us\u0142ugi ksi\u0119gowe od Open Profit <\/strong><\/h2>\n<p><strong>Z Open Profit masz pewno\u015b\u0107, \u017ce ksi\u0119gowo\u015b\u0107 jest prowadzona w przejrzysty spos\u00f3b.<\/strong> Mamy do\u015bwiadczenie na rynku (dzia\u0142amy od 2005 roku i obs\u0142u\u017cyli\u015bmy ponad 1500 klient\u00f3w) oraz opinie potwierdzaj\u0105ce profesjonalizm i skrupulatno\u015b\u0107 ca\u0142ego zespo\u0142u.<\/p>\n<p>Oferujemy:<\/p>\n<ul>\n<li>prowadzenie pe\u0142nej ksi\u0119gowo\u015bci i ksi\u0119gi przychod\u00f3w i rozchod\u00f3w (KPiR);<\/li>\n<li>kompleksow\u0105 obs\u0142ug\u0119 kadrowo-p\u0142acow\u0105 (ZUS, PIT, umowy, listy p\u0142ac);<\/li>\n<li>prowadzenie rejestr\u00f3w VAT;<\/li>\n<li>rekomendacje podatkowe i prawne dla Twojej dzia\u0142alno\u015bci;<\/li>\n<li>wsparcie w za\u0142o\u017ceniu dzia\u0142alno\u015bci.<\/li>\n<\/ul>\n<p>Nie korzystamy z us\u0142ug zewn\u0119trznych ksi\u0119gowych i nie przerzucamy odpowiedzialno\u015bci. Pracujesz z jednym specjalist\u0105, kt\u00f3ry zna Twoj\u0105 firm\u0119 i dzia\u0142a z my\u015bl\u0105 o jej bezpiecze\u0144stwie.<\/p>\n<p>Mamy wykupion\u0105 r\u00f3wnie\u017c polis\u0119 OC na ponad milion z\u0142otych. Stanowi ona zabezpieczenie finansowe dla naszych klient\u00f3w na wypadek ewentualnych b\u0142\u0119d\u00f3w. Robimy jednak wszystko \u2013 od szkole\u0144, przez wewn\u0119trzne procedury bezpiecze\u0144stwa \u2013 aby ich ryzyko by\u0142o zminimalizowane.<\/p>\n<p>Chcesz zobaczy\u0107, jak wygl\u0105da wsp\u00f3\u0142praca z nami? Um\u00f3w si\u0119 na spotkanie online \u2013 opowiemy, jak pracujemy i przedstawimy ofert\u0119 dopasowan\u0105 do Twojej firmy.<\/p>\n        <div class=\"region-children-container\">\n            <div class=\"region-children-grid\">\n                                <div class=\"region-child-item\">\n                    <a href=\"https:\/\/openprofit.pl\/wielkopolskie\/biuro-rachunkowe-gorzow-wielkopolski\/\" class=\"region-child-link\">\n                        <div class=\"region-child-icon\">\n                            <img decoding=\"async\" src=\"https:\/\/openprofit.pl\/wp-content\/uploads\/2022\/12\/konto-ikona.svg\" alt=\"Ikona lokalizacji\">\n                        <\/div>\n                        <div class=\"region-child-name\">Biuro rachunkowe \u2013 Gorz\u00f3w Wielkopolski<\/div>\n                    <\/a>\n                <\/div>\n                                <div class=\"region-child-item\">\n                    <a href=\"https:\/\/openprofit.pl\/wielkopolskie\/biuro-rachunkowe-kalisz\/\" class=\"region-child-link\">\n                        <div class=\"region-child-icon\">\n                            <img decoding=\"async\" src=\"https:\/\/openprofit.pl\/wp-content\/uploads\/2022\/12\/konto-ikona.svg\" alt=\"Ikona lokalizacji\">\n                        <\/div>\n                        <div class=\"region-child-name\">Biuro rachunkowe \u2013 Kalisz<\/div>\n                    <\/a>\n                <\/div>\n                                <div class=\"region-child-item\">\n                    <a href=\"https:\/\/openprofit.pl\/wielkopolskie\/biuro-rachunkowe-ostrow-wielkopolski\/\" class=\"region-child-link\">\n                        <div class=\"region-child-icon\">\n                            <img decoding=\"async\" src=\"https:\/\/openprofit.pl\/wp-content\/uploads\/2022\/12\/konto-ikona.svg\" alt=\"Ikona lokalizacji\">\n                        <\/div>\n                        <div class=\"region-child-name\">Biuro rachunkowe \u2013 Ostr\u00f3w Wielkopolski<\/div>\n                    <\/a>\n                <\/div>\n                                <div class=\"region-child-item\">\n                    <a href=\"https:\/\/openprofit.pl\/wielkopolskie\/biuro-rachunkowe-poznan\/\" class=\"region-child-link\">\n                        <div class=\"region-child-icon\">\n                            <img decoding=\"async\" src=\"https:\/\/openprofit.pl\/wp-content\/uploads\/2022\/12\/konto-ikona.svg\" alt=\"Ikona lokalizacji\">\n                        <\/div>\n                        <div class=\"region-child-name\">Biuro rachunkowe \u2013 Pozna\u0144<\/div>\n                    <\/a>\n                <\/div>\n                            <\/div>\n        <\/div>\n\n        <style>\n            .region-children-container {\n                width: 100%;\n                max-width: 1320px;\n                margin: 40px auto;\n                padding: 0 15px;\n            }\n\n            .region-children-grid {\n                display: flex;\n                flex-wrap: wrap;\n                justify-content: center;\n                margin: 0 -15px;\n            }\n\n            .region-child-item {\n                flex: 0 0 280px;\n                width: 280px;\n                padding: 0 15px;\n                margin-bottom: 30px;\n            }\n\n            .region-child-link {\n                display: flex;\n                align-items: center;\n                justify-content: center;\n                padding: 20px;\n                height: 80px;\n                background: #f8fcfd;\n                border: 1px solid #e0f2f4;\n                border-radius: 8px;\n                transition: all 0.3s ease;\n                text-decoration: none !important;\n                color: #4a5568;\n                text-align: center;\n            }\n\n            .region-child-link:hover {\n                transform: translateY(-2px);\n                box-shadow: 0 8px 25px rgba(139, 216, 211, 0.3);\n                background: #ffffff;\n                border-color: #8bd8d3;\n                color: #2d3748;\n            }\n\n            .region-child-icon {\n                flex: 0 0 28px;\n                margin-right: 15px;\n            }\n\n            .region-child-icon img {\n                width: 28px;\n                height: 28px;\n                display: block;\n                filter: brightness(0) saturate(100%) invert(40%) sepia(8%) saturate(977%) hue-rotate(184deg) brightness(94%) contrast(86%);\n                transition: filter 0.3s ease;\n            }\n\n            .region-child-link:hover .region-child-icon img {\n                filter: brightness(0) saturate(100%) invert(71%) sepia(29%) saturate(463%) hue-rotate(122deg) brightness(96%) contrast(87%);\n            }\n\n            .region-child-name {\n                font-size: 16px;\n                font-weight: 500;\n                line-height: 1.3;\n                color: inherit;\n            }\n\n            @media (max-width: 1280px) {\n                .region-child-item {\n                    flex: 0 0 260px;\n                    width: 260px;\n                }\n            }\n\n            @media (max-width: 768px) {\n                .region-child-item {\n                    flex: 0 0 240px;\n                    width: 240px;\n                }\n\n                .region-child-link {\n                    padding: 15px;\n                    height: 70px;\n                }\n\n                .region-child-name {\n                    font-size: 15px;\n                }\n\n                .region-child-icon {\n                    flex: 0 0 24px;\n                    margin-right: 12px;\n                }\n\n                .region-child-icon img {\n                    width: 24px;\n                    height: 24px;\n                }\n            }\n\n            @media (max-width: 480px) {\n                .region-child-item {\n                    flex: 0 0 100%;\n                    width: 100%;\n                    max-width: 280px;\n                }\n            }\n        <\/style>\n        \n\n\t\t\t<\/div>\n\n\t\t<\/div>\n\t<\/div>\n\t\n<\/section>\n\n\n\n<p class=\" eplus-wrapper\"><\/p>\n","protected":false},"excerpt":{"rendered":"","protected":false},"author":13,"featured_media":0,"parent":0,"menu_order":0,"comment_status":"closed","ping_status":"closed","template":"","meta":{"_acf_changed":false,"inline_featured_image":false,"editor_plus_copied_stylings":"{}","footnotes":""},"class_list":["post-2881","page","type-page","status-publish","hentry"],"acf":[],"yoast_head":"<!-- This site is optimized with the Yoast SEO plugin v27.3 - https:\/\/yoast.com\/product\/yoast-seo-wordpress\/ -->\n<title>Us\u0142ugi ksi\u0119gowe online \u2013 wielkopolskie | biuro rachunkowe i podatkowe - us\u0142ugi ksi\u0119gowe | openprofit.pl<\/title>\n<meta name=\"description\" content=\"Oferujemy ksi\u0119gowo\u015b\u0107 online dla firm z wielkopolskiego. Rozliczamy kadry i p\u0142ace, pomagamy za\u0142o\u017cy\u0107 dzia\u0142alno\u015b\u0107, udzielamy rekomendacji. Sprawd\u017a ofert\u0119.\" \/>\n<meta name=\"robots\" content=\"index, follow, max-snippet:-1, max-image-preview:large, max-video-preview:-1\" \/>\n<link rel=\"canonical\" href=\"https:\/\/openprofit.pl\/wielkopolskie\/\" \/>\n<meta property=\"og:locale\" content=\"pl_PL\" \/>\n<meta property=\"og:type\" content=\"article\" \/>\n<meta property=\"og:title\" content=\"Us\u0142ugi ksi\u0119gowe online \u2013 wielkopolskie | biuro rachunkowe i podatkowe - us\u0142ugi ksi\u0119gowe | openprofit.pl\" \/>\n<meta property=\"og:description\" content=\"Oferujemy ksi\u0119gowo\u015b\u0107 online dla firm z wielkopolskiego. Rozliczamy kadry i p\u0142ace, pomagamy za\u0142o\u017cy\u0107 dzia\u0142alno\u015b\u0107, udzielamy rekomendacji. Sprawd\u017a ofert\u0119.\" \/>\n<meta property=\"og:url\" content=\"https:\/\/openprofit.pl\/wielkopolskie\/\" \/>\n<meta property=\"og:site_name\" content=\"openprofit.pl\" \/>\n<meta property=\"article:modified_time\" content=\"2025-07-07T07:45:32+00:00\" \/>\n<meta name=\"twitter:card\" content=\"summary_large_image\" \/>\n<!-- \/ Yoast SEO plugin. -->","yoast_head_json":{"title":"Us\u0142ugi ksi\u0119gowe online \u2013 wielkopolskie | biuro rachunkowe i podatkowe - us\u0142ugi ksi\u0119gowe | openprofit.pl","description":"Oferujemy ksi\u0119gowo\u015b\u0107 online dla firm z wielkopolskiego. Rozliczamy kadry i p\u0142ace, pomagamy za\u0142o\u017cy\u0107 dzia\u0142alno\u015b\u0107, udzielamy rekomendacji. Sprawd\u017a ofert\u0119.","robots":{"index":"index","follow":"follow","max-snippet":"max-snippet:-1","max-image-preview":"max-image-preview:large","max-video-preview":"max-video-preview:-1"},"canonical":"https:\/\/openprofit.pl\/wielkopolskie\/","og_locale":"pl_PL","og_type":"article","og_title":"Us\u0142ugi ksi\u0119gowe online \u2013 wielkopolskie | biuro rachunkowe i podatkowe - us\u0142ugi ksi\u0119gowe | openprofit.pl","og_description":"Oferujemy ksi\u0119gowo\u015b\u0107 online dla firm z wielkopolskiego. Rozliczamy kadry i p\u0142ace, pomagamy za\u0142o\u017cy\u0107 dzia\u0142alno\u015b\u0107, udzielamy rekomendacji. Sprawd\u017a ofert\u0119.","og_url":"https:\/\/openprofit.pl\/wielkopolskie\/","og_site_name":"openprofit.pl","article_modified_time":"2025-07-07T07:45:32+00:00","twitter_card":"summary_large_image","schema":{"@context":"https:\/\/schema.org","@graph":[{"@type":"WebPage","@id":"https:\/\/openprofit.pl\/wielkopolskie\/","url":"https:\/\/openprofit.pl\/wielkopolskie\/","name":"Us\u0142ugi ksi\u0119gowe online \u2013 wielkopolskie | biuro rachunkowe i podatkowe - us\u0142ugi ksi\u0119gowe | openprofit.pl","isPartOf":{"@id":"https:\/\/openprofit.pl\/#website"},"datePublished":"2025-06-11T08:33:19+00:00","dateModified":"2025-07-07T07:45:32+00:00","description":"Oferujemy ksi\u0119gowo\u015b\u0107 online dla firm z wielkopolskiego. Rozliczamy kadry i p\u0142ace, pomagamy za\u0142o\u017cy\u0107 dzia\u0142alno\u015b\u0107, udzielamy rekomendacji. Sprawd\u017a ofert\u0119.","breadcrumb":{"@id":"https:\/\/openprofit.pl\/wielkopolskie\/#breadcrumb"},"inLanguage":"pl-PL","potentialAction":[{"@type":"ReadAction","target":["https:\/\/openprofit.pl\/wielkopolskie\/"]}]},{"@type":"BreadcrumbList","@id":"https:\/\/openprofit.pl\/wielkopolskie\/#breadcrumb","itemListElement":[{"@type":"ListItem","position":1,"name":"Strona g\u0142\u00f3wna","item":"https:\/\/openprofit.pl\/"},{"@type":"ListItem","position":2,"name":"Us\u0142ugi ksi\u0119gowe online \u2013 wielkopolskie"}]},{"@type":"WebSite","@id":"https:\/\/openprofit.pl\/#website","url":"https:\/\/openprofit.pl\/","name":"openprofit.pl","description":"Twoje zdalne biuro rachunkowe","potentialAction":[{"@type":"SearchAction","target":{"@type":"EntryPoint","urlTemplate":"https:\/\/openprofit.pl\/?s={search_term_string}"},"query-input":{"@type":"PropertyValueSpecification","valueRequired":true,"valueName":"search_term_string"}}],"inLanguage":"pl-PL"}]}},"gutenberg_blocks":[{"blockName":"custom-styles","attrs":{"styles":""}},{"blockName":"acf\/seo-section","attrs":{"container":"","disable_contact_section_above_footer":false,"schema_faq":""},"innerBlocks":[],"innerHTML":"","innerContent":[]},{"blockName":"core\/paragraph","attrs":{"className":"","epAnimationGeneratedClass":"edplus_anim-6MSOLG","epGeneratedClass":"eplus-wrapper"},"innerBlocks":[],"innerHTML":"\n<p class=\" eplus-wrapper\"><\/p>\n","innerContent":["\n<p class=\" eplus-wrapper\"><\/p>\n"]}],"meta_data":{"container":"","disable_contact_section_above_footer":false,"schema_faq":""},"_links":{"self":[{"href":"https:\/\/openprofit.pl\/index.php\/wp-json\/wp\/v2\/pages\/2881","targetHints":{"allow":["GET"]}}],"collection":[{"href":"https:\/\/openprofit.pl\/index.php\/wp-json\/wp\/v2\/pages"}],"about":[{"href":"https:\/\/openprofit.pl\/index.php\/wp-json\/wp\/v2\/types\/page"}],"author":[{"embeddable":true,"href":"https:\/\/openprofit.pl\/index.php\/wp-json\/wp\/v2\/users\/13"}],"replies":[{"embeddable":true,"href":"https:\/\/openprofit.pl\/index.php\/wp-json\/wp\/v2\/comments?post=2881"}],"version-history":[{"count":2,"href":"https:\/\/openprofit.pl\/index.php\/wp-json\/wp\/v2\/pages\/2881\/revisions"}],"predecessor-version":[{"id":2893,"href":"https:\/\/openprofit.pl\/index.php\/wp-json\/wp\/v2\/pages\/2881\/revisions\/2893"}],"wp:attachment":[{"href":"https:\/\/openprofit.pl\/index.php\/wp-json\/wp\/v2\/media?parent=2881"}],"curies":[{"name":"wp","href":"https:\/\/api.w.org\/{rel}","templated":true}]}}