{"id":2879,"date":"2025-05-10T10:30:25","date_gmt":"2025-05-10T08:30:25","guid":{"rendered":"https:\/\/openprofit.pl\/?page_id=2879"},"modified":"2025-05-27T13:36:37","modified_gmt":"2025-05-27T11:36:37","slug":"warminsko-mazurskie","status":"publish","type":"page","link":"https:\/\/openprofit.pl\/warminsko-mazurskie\/","title":{"rendered":"Us\u0142ugi ksi\u0119gowe online \u2013 wojew\u00f3dztwo warmi\u0144sko-mazurskie"},"content":{"rendered":"\n<section class=\"seo_section relative container section-margin\">\n\t\t\t<div class=\"flex flex-col w-full max-w-[113.2rem] justify-center mx-auto breadcrumbsSpace\">\n\t\t\t<div class=\"breadcrumbs mb-19 lg:mb-39 mx-auto max-w-full\">\n\t\t\t\t<div class=\"breadcrumbs__inner flex md:w-full\">\n\t\t\t\t\t<span><span><a href=\"https:\/\/openprofit.pl\/\">Strona g\u0142\u00f3wna<\/a><\/span><\/span>\n\t\t\t\t<\/div>\n\t\t\t<\/div>\n\t\t<\/div>\n\t\t<div class=\"text-center\">\n\t\t\n\t\t<div class=\"flex flex-col w-full max-w-[113.2rem] justify-center mx-auto\">\n\n\t\t\t\t\t\t\t\t<h1 class=\"h1  mb-40 md:mb-60\">\n\n\t\tUs\u0142ugi ksi\u0119gowe online \u2013 wojew\u00f3dztwo warmi\u0144sko-mazurskie\n\n\t<\/h1>\n\t\t\t\n\t\t\t<div class=\"seo_section-description paragraph-m text-content\">\n\n\t\t\t\t<p>Open Profit obs\u0142uguje firmy z ca\u0142ej Polski, w tym z wojew\u00f3dztwa warmi\u0144sko-mazurskiego. Wsp\u00f3\u0142praca z nami w zakresie ksi\u0119gowo\u015bci to wygoda, bezpiecze\u0144stwo i sta\u0142y kontakt z przypisanym ksi\u0119gowym.<\/p>\n<p>Ka\u017cdy klient ma u nas swojego Opiekuna, czyli specjalist\u0119, kt\u00f3ry zna jego firm\u0119 i prowadzi jej ksi\u0119gowo\u015b\u0107. Kontakt odbywa si\u0119 telefonicznie, mailowo lub podczas spotka\u0144 online, a dokumenty przesy\u0142asz przez Dropbox. Stosujemy procedury i formy zabezpieczenia danych, dzi\u0119ki kt\u00f3rym ca\u0142y proces jest bezpieczny. Nasz profesjonalizm potwierdzaj\u0105 pozytywne opinie i wieloletnie do\u015bwiadczenie na rynku. Dzia\u0142amy od 2005 roku.<\/p>\n<p><strong>Pomagamy klientom oszcz\u0119dza\u0107 czas i \u015brodki.<\/strong> Nie musisz kilka razy w miesi\u0105cu odwiedza\u0107 siedziby ksi\u0119gowego. Nie musisz tworzy\u0107 w\u0142asnego dzia\u0142u ksi\u0119gowo\u015bci w firmie. Mo\u017cesz skorzysta\u0107 z oferty Open Profit i zyska\u0107 przestrze\u0144 na rozw\u00f3j biznesu. My w tym czasie zadbamy o przejrzysty charakter ksi\u0119gowo\u015bci.<\/p>\n<h2><strong>Realne wsparcie w prowadzeniu ksi\u0119gowo\u015bci firm z wojew\u00f3dztwa warmi\u0144sko-mazurskiego w Open Profit<\/strong><\/h2>\n<p>Wojew\u00f3dztwo warmi\u0144sko-mazurskie to region o du\u017cym potencjale rozwoju. Wed\u0142ug danych GUS dzia\u0142a tu ponad 150 000 aktywnych firm \u2013 nie wliczaj\u0105c w to indywidualnych rolnik\u00f3w (dane na luty 2025 roku). Pomimo mniej zurbanizowanego charakteru, ni\u017c np. w wojew\u00f3dztwie \u015bl\u0105skim, wiele firm dynamicznie si\u0119 rozwija, zw\u0142aszcza w sektorach us\u0142ug, e-commerce, logistyki i nowoczesnych technologii.<\/p>\n<p>Nasza oferta us\u0142ug ksi\u0119gowych online dla firm z warmi\u0144sko-mazurskiego to odpowied\u017a na potrzeby przedsi\u0119biorc\u00f3w, kt\u00f3rzy chc\u0105 dzia\u0142a\u0107 nowocze\u015bnie, oszcz\u0119dza\u0107 czas i unikn\u0105\u0107 chaosu zwi\u0105zanego z rozliczeniami. Obs\u0142ugujemy JDG, sp\u00f3\u0142ki oraz specjalist\u00f3w na B2B. Dostosowujemy spos\u00f3b wsp\u00f3\u0142pracy do konkretnej firmy i jej plan\u00f3w zwi\u0105zanych z rozwojem.<\/p>\n<h2><strong>Oferta us\u0142ug ksi\u0119gowych \u2013 czym si\u0119 zajmujemy?<\/strong><\/h2>\n<p>Wsp\u00f3\u0142praca z Open Profit opiera si\u0119 na prostych zasadach: jasna komunikacja, jeden Opiekun ksi\u0119gowy, brak zewn\u0119trznych podwykonawc\u00f3w. Wszystko odbywa si\u0119 online, a Ty masz pewno\u015b\u0107, \u017ce sprawami Twojej firmy zajmuje si\u0119 kto\u015b, kto j\u0105 dobrze zna.<\/p>\n<p>W ramach us\u0142ug ksi\u0119gowych oferujemy:<\/p>\n<ul>\n<li>prowadzenie pe\u0142nej ksi\u0119gowo\u015bci,<\/li>\n<li>rozliczanie KPiR,<\/li>\n<li>obs\u0142ug\u0119 kadr i p\u0142ac,<\/li>\n<li>prowadzenie rejestr\u00f3w VAT,<\/li>\n<li>rekomendacje podatkowe i prawne w bie\u017c\u0105cych sprawach,<\/li>\n<li>pomoc przy zak\u0142adaniu dzia\u0142alno\u015bci i rejestracji sp\u00f3\u0142ek.<\/li>\n<\/ul>\n<p>Dzi\u0119ki pracy zdalnej zyskujesz swobod\u0119 i czas na prowadzenie biznesu, bez konieczno\u015bci wizyt w biurze czy uczenia si\u0119 obs\u0142ugi system\u00f3w do samodzielnego ksi\u0119gowania.<\/p>\n<p>Skontaktuj si\u0119 z nami i postaw na sprawdzon\u0105 ksi\u0119gowo\u015b\u0107 online w wojew\u00f3dztwie warmi\u0144sko-mazurskim!<\/p>\n        <div class=\"region-children-container\">\n            <div class=\"region-children-grid\">\n                                <div class=\"region-child-item\">\n                    <a href=\"https:\/\/openprofit.pl\/warminsko-mazurskie\/biuro-rachunkowe-olsztyn\/\" class=\"region-child-link\">\n                        <div class=\"region-child-icon\">\n                            <img decoding=\"async\" src=\"https:\/\/openprofit.pl\/wp-content\/uploads\/2022\/12\/konto-ikona.svg\" alt=\"Ikona lokalizacji\">\n                        <\/div>\n                        <div class=\"region-child-name\">Biuro rachunkowe \u2013 Olsztyn<\/div>\n                    <\/a>\n                <\/div>\n                            <\/div>\n        <\/div>\n\n        <style>\n            .region-children-container {\n                width: 100%;\n                max-width: 1320px;\n                margin: 40px auto;\n                padding: 0 15px;\n            }\n\n            .region-children-grid {\n                display: flex;\n                flex-wrap: wrap;\n                justify-content: center;\n                margin: 0 -15px;\n            }\n\n            .region-child-item {\n                flex: 0 0 280px;\n                width: 280px;\n                padding: 0 15px;\n                margin-bottom: 30px;\n            }\n\n            .region-child-link {\n                display: flex;\n                align-items: center;\n                justify-content: center;\n                padding: 20px;\n                height: 80px;\n                background: #f8fcfd;\n                border: 1px solid #e0f2f4;\n                border-radius: 8px;\n                transition: all 0.3s ease;\n                text-decoration: none !important;\n                color: #4a5568;\n                text-align: center;\n            }\n\n            .region-child-link:hover {\n                transform: translateY(-2px);\n                box-shadow: 0 8px 25px rgba(139, 216, 211, 0.3);\n                background: #ffffff;\n                border-color: #8bd8d3;\n                color: #2d3748;\n            }\n\n            .region-child-icon {\n                flex: 0 0 28px;\n                margin-right: 15px;\n            }\n\n            .region-child-icon img {\n                width: 28px;\n                height: 28px;\n                display: block;\n                filter: brightness(0) saturate(100%) invert(40%) sepia(8%) saturate(977%) hue-rotate(184deg) brightness(94%) contrast(86%);\n                transition: filter 0.3s ease;\n            }\n\n            .region-child-link:hover .region-child-icon img {\n                filter: brightness(0) saturate(100%) invert(71%) sepia(29%) saturate(463%) hue-rotate(122deg) brightness(96%) contrast(87%);\n            }\n\n            .region-child-name {\n                font-size: 16px;\n                font-weight: 500;\n                line-height: 1.3;\n                color: inherit;\n            }\n\n            @media (max-width: 1280px) {\n                .region-child-item {\n                    flex: 0 0 260px;\n                    width: 260px;\n                }\n            }\n\n            @media (max-width: 768px) {\n                .region-child-item {\n                    flex: 0 0 240px;\n                    width: 240px;\n                }\n\n                .region-child-link {\n                    padding: 15px;\n                    height: 70px;\n                }\n\n                .region-child-name {\n                    font-size: 15px;\n                }\n\n                .region-child-icon {\n                    flex: 0 0 24px;\n                    margin-right: 12px;\n                }\n\n                .region-child-icon img {\n                    width: 24px;\n                    height: 24px;\n                }\n            }\n\n            @media (max-width: 480px) {\n                .region-child-item {\n                    flex: 0 0 100%;\n                    width: 100%;\n                    max-width: 280px;\n                }\n            }\n        <\/style>\n        \n\n\t\t\t<\/div>\n\n\t\t<\/div>\n\t<\/div>\n\t\n<\/section>\n\n\n\n<p class=\" eplus-wrapper\"><\/p>\n\n\n\n<p class=\" eplus-wrapper\"><\/p>\n","protected":false},"excerpt":{"rendered":"","protected":false},"author":13,"featured_media":0,"parent":0,"menu_order":0,"comment_status":"closed","ping_status":"closed","template":"","meta":{"_acf_changed":false,"inline_featured_image":false,"editor_plus_copied_stylings":"{}","footnotes":""},"class_list":["post-2879","page","type-page","status-publish","hentry"],"acf":[],"yoast_head":"<!-- This site is optimized with the Yoast SEO plugin v27.3 - https:\/\/yoast.com\/product\/yoast-seo-wordpress\/ -->\n<title>Us\u0142ugi ksi\u0119gowe online \u2013 wojew\u00f3dztwo warmi\u0144sko-mazurskie | biuro rachunkowe i podatkowe - us\u0142ugi ksi\u0119gowe | openprofit.pl<\/title>\n<meta name=\"description\" content=\"Prowadzimy ksi\u0119gowo\u015b\u0107 online firm z warmi\u0144sko-mazurskiego. Obs\u0142ugujemy JDG i sp\u00f3\u0142ki. Zajmujemy si\u0119 kadrami i p\u0142acami. Pomagamy za\u0142o\u017cy\u0107 dzia\u0142alno\u015b\u0107. Sprawd\u017a.\" \/>\n<meta name=\"robots\" content=\"index, follow, max-snippet:-1, max-image-preview:large, max-video-preview:-1\" \/>\n<link rel=\"canonical\" href=\"https:\/\/openprofit.pl\/warminsko-mazurskie\/\" \/>\n<meta property=\"og:locale\" content=\"pl_PL\" \/>\n<meta property=\"og:type\" content=\"article\" \/>\n<meta property=\"og:title\" content=\"Us\u0142ugi ksi\u0119gowe online \u2013 wojew\u00f3dztwo warmi\u0144sko-mazurskie | biuro rachunkowe i podatkowe - us\u0142ugi ksi\u0119gowe | openprofit.pl\" \/>\n<meta property=\"og:description\" content=\"Prowadzimy ksi\u0119gowo\u015b\u0107 online firm z warmi\u0144sko-mazurskiego. Obs\u0142ugujemy JDG i sp\u00f3\u0142ki. Zajmujemy si\u0119 kadrami i p\u0142acami. Pomagamy za\u0142o\u017cy\u0107 dzia\u0142alno\u015b\u0107. Sprawd\u017a.\" \/>\n<meta property=\"og:url\" content=\"https:\/\/openprofit.pl\/warminsko-mazurskie\/\" \/>\n<meta property=\"og:site_name\" content=\"openprofit.pl\" \/>\n<meta property=\"article:modified_time\" content=\"2025-05-27T11:36:37+00:00\" \/>\n<meta name=\"twitter:card\" content=\"summary_large_image\" \/>\n<!-- \/ Yoast SEO plugin. -->","yoast_head_json":{"title":"Us\u0142ugi ksi\u0119gowe online \u2013 wojew\u00f3dztwo warmi\u0144sko-mazurskie | biuro rachunkowe i podatkowe - us\u0142ugi ksi\u0119gowe | openprofit.pl","description":"Prowadzimy ksi\u0119gowo\u015b\u0107 online firm z warmi\u0144sko-mazurskiego. Obs\u0142ugujemy JDG i sp\u00f3\u0142ki. Zajmujemy si\u0119 kadrami i p\u0142acami. Pomagamy za\u0142o\u017cy\u0107 dzia\u0142alno\u015b\u0107. Sprawd\u017a.","robots":{"index":"index","follow":"follow","max-snippet":"max-snippet:-1","max-image-preview":"max-image-preview:large","max-video-preview":"max-video-preview:-1"},"canonical":"https:\/\/openprofit.pl\/warminsko-mazurskie\/","og_locale":"pl_PL","og_type":"article","og_title":"Us\u0142ugi ksi\u0119gowe online \u2013 wojew\u00f3dztwo warmi\u0144sko-mazurskie | biuro rachunkowe i podatkowe - us\u0142ugi ksi\u0119gowe | openprofit.pl","og_description":"Prowadzimy ksi\u0119gowo\u015b\u0107 online firm z warmi\u0144sko-mazurskiego. Obs\u0142ugujemy JDG i sp\u00f3\u0142ki. Zajmujemy si\u0119 kadrami i p\u0142acami. Pomagamy za\u0142o\u017cy\u0107 dzia\u0142alno\u015b\u0107. Sprawd\u017a.","og_url":"https:\/\/openprofit.pl\/warminsko-mazurskie\/","og_site_name":"openprofit.pl","article_modified_time":"2025-05-27T11:36:37+00:00","twitter_card":"summary_large_image","schema":{"@context":"https:\/\/schema.org","@graph":[{"@type":"WebPage","@id":"https:\/\/openprofit.pl\/warminsko-mazurskie\/","url":"https:\/\/openprofit.pl\/warminsko-mazurskie\/","name":"Us\u0142ugi ksi\u0119gowe online \u2013 wojew\u00f3dztwo warmi\u0144sko-mazurskie | biuro rachunkowe i podatkowe - us\u0142ugi ksi\u0119gowe | openprofit.pl","isPartOf":{"@id":"https:\/\/openprofit.pl\/#website"},"datePublished":"2025-05-10T08:30:25+00:00","dateModified":"2025-05-27T11:36:37+00:00","description":"Prowadzimy ksi\u0119gowo\u015b\u0107 online firm z warmi\u0144sko-mazurskiego. Obs\u0142ugujemy JDG i sp\u00f3\u0142ki. Zajmujemy si\u0119 kadrami i p\u0142acami. Pomagamy za\u0142o\u017cy\u0107 dzia\u0142alno\u015b\u0107. Sprawd\u017a.","breadcrumb":{"@id":"https:\/\/openprofit.pl\/warminsko-mazurskie\/#breadcrumb"},"inLanguage":"pl-PL","potentialAction":[{"@type":"ReadAction","target":["https:\/\/openprofit.pl\/warminsko-mazurskie\/"]}]},{"@type":"BreadcrumbList","@id":"https:\/\/openprofit.pl\/warminsko-mazurskie\/#breadcrumb","itemListElement":[{"@type":"ListItem","position":1,"name":"Strona g\u0142\u00f3wna","item":"https:\/\/openprofit.pl\/"},{"@type":"ListItem","position":2,"name":"Us\u0142ugi ksi\u0119gowe online \u2013 wojew\u00f3dztwo warmi\u0144sko-mazurskie"}]},{"@type":"WebSite","@id":"https:\/\/openprofit.pl\/#website","url":"https:\/\/openprofit.pl\/","name":"openprofit.pl","description":"Twoje zdalne biuro rachunkowe","potentialAction":[{"@type":"SearchAction","target":{"@type":"EntryPoint","urlTemplate":"https:\/\/openprofit.pl\/?s={search_term_string}"},"query-input":{"@type":"PropertyValueSpecification","valueRequired":true,"valueName":"search_term_string"}}],"inLanguage":"pl-PL"}]}},"gutenberg_blocks":[{"blockName":"custom-styles","attrs":{"styles":""}},{"blockName":"acf\/seo-section","attrs":{"container":"","disable_contact_section_above_footer":false,"schema_faq":""},"innerBlocks":[],"innerHTML":"","innerContent":[]},{"blockName":"core\/paragraph","attrs":{"className":"","epAnimationGeneratedClass":"edplus_anim-6MSOLG","epGeneratedClass":"eplus-wrapper"},"innerBlocks":[],"innerHTML":"\n<p class=\" eplus-wrapper\"><\/p>\n","innerContent":["\n<p class=\" eplus-wrapper\"><\/p>\n"]},{"blockName":"core\/paragraph","attrs":{"className":"","epAnimationGeneratedClass":"edplus_anim-xrxmWr","epGeneratedClass":"eplus-wrapper"},"innerBlocks":[],"innerHTML":"\n<p class=\" eplus-wrapper\"><\/p>\n","innerContent":["\n<p class=\" eplus-wrapper\"><\/p>\n"]}],"meta_data":{"container":"","disable_contact_section_above_footer":false,"schema_faq":""},"_links":{"self":[{"href":"https:\/\/openprofit.pl\/index.php\/wp-json\/wp\/v2\/pages\/2879","targetHints":{"allow":["GET"]}}],"collection":[{"href":"https:\/\/openprofit.pl\/index.php\/wp-json\/wp\/v2\/pages"}],"about":[{"href":"https:\/\/openprofit.pl\/index.php\/wp-json\/wp\/v2\/types\/page"}],"author":[{"embeddable":true,"href":"https:\/\/openprofit.pl\/index.php\/wp-json\/wp\/v2\/users\/13"}],"replies":[{"embeddable":true,"href":"https:\/\/openprofit.pl\/index.php\/wp-json\/wp\/v2\/comments?post=2879"}],"version-history":[{"count":2,"href":"https:\/\/openprofit.pl\/index.php\/wp-json\/wp\/v2\/pages\/2879\/revisions"}],"predecessor-version":[{"id":2894,"href":"https:\/\/openprofit.pl\/index.php\/wp-json\/wp\/v2\/pages\/2879\/revisions\/2894"}],"wp:attachment":[{"href":"https:\/\/openprofit.pl\/index.php\/wp-json\/wp\/v2\/media?parent=2879"}],"curies":[{"name":"wp","href":"https:\/\/api.w.org\/{rel}","templated":true}]}}