{"id":2877,"date":"2025-05-09T10:26:52","date_gmt":"2025-05-09T08:26:52","guid":{"rendered":"https:\/\/openprofit.pl\/?page_id=2877"},"modified":"2025-05-27T13:37:16","modified_gmt":"2025-05-27T11:37:16","slug":"swietokrzyskie","status":"publish","type":"page","link":"https:\/\/openprofit.pl\/swietokrzyskie\/","title":{"rendered":"Ksi\u0119gowo\u015b\u0107 online \u2013 \u015bwi\u0119tokrzyskie"},"content":{"rendered":"\n<section class=\"seo_section relative container section-margin\">\n\t\t\t<div class=\"flex flex-col w-full max-w-[113.2rem] justify-center mx-auto breadcrumbsSpace\">\n\t\t\t<div class=\"breadcrumbs mb-19 lg:mb-39 mx-auto max-w-full\">\n\t\t\t\t<div class=\"breadcrumbs__inner flex md:w-full\">\n\t\t\t\t\t<span><span><a href=\"https:\/\/openprofit.pl\/\">Strona g\u0142\u00f3wna<\/a><\/span><\/span>\n\t\t\t\t<\/div>\n\t\t\t<\/div>\n\t\t<\/div>\n\t\t<div class=\"text-center\">\n\t\t\n\t\t<div class=\"flex flex-col w-full max-w-[113.2rem] justify-center mx-auto\">\n\n\t\t\t\t\t\t\t\t<h1 class=\"h1  mb-40 md:mb-60\">\n\n\t\tKsi\u0119gowo\u015b\u0107 online \u2013 \u015bwi\u0119tokrzyskie\n\n\t<\/h1>\n\t\t\t\n\t\t\t<div class=\"seo_section-description paragraph-m text-content\">\n\n\t\t\t\t<p>Niezale\u017cnie od tego, gdzie pracujesz \u2013 w Kielcach, Ostrowcu \u015awi\u0119tokrzyskim, Starachowicach czy mniejszej miejscowo\u015bci \u2013 mo\u017cesz prowadzi\u0107 ksi\u0119gowo\u015b\u0107 wygodnie, ca\u0142kowicie online. Open Profit to biuro rachunkowe, kt\u00f3re dzia\u0142a zdalnie i obs\u0142uguje firmy z ca\u0142ej Polski, w tym z wojew\u00f3dztwa \u015bwi\u0119tokrzyskiego.<\/p>\n<p>Nie musisz instalowa\u0107 \u017cadnego programu ani doje\u017cd\u017ca\u0107 do biura, \u017ceby dba\u0107 o rozliczenia w swojej firmie. Ka\u017cdy klient ma u nas swojego Opiekuna ksi\u0119gowego, czyli specjalist\u0119 z zespo\u0142u, kt\u00f3ry odpowiada za ca\u0142o\u015b\u0107 rozlicze\u0144 i kontakt. Przekazujesz dokumenty online (przez Dropbox), a wszelkie sprawy za\u0142atwiasz zdalnie, mailowo, telefonicznie lub podczas spotka\u0144 online.<\/p>\n<p><strong>Masz przy tym gwarancj\u0119 bezpiecze\u0144stwa. Wykupili\u015bmy polis\u0119 OC na ponad milion z\u0142otych, aby gwarantowa\u0107 klientom ochron\u0119 przed ewentualnymi b\u0142\u0119dami.<\/strong><\/p>\n<h2><strong>Us\u0142ugi ksi\u0119gowe dla firm z wojew\u00f3dztwa \u015bwi\u0119tokrzyskiego \u2013 oferta Open Profit<\/strong><\/h2>\n<p>Open Profit nie jest aplikacj\u0105 ani systemem do ksi\u0119gowania. To zesp\u00f3\u0142 do\u015bwiadczonych ksi\u0119gowych, kt\u00f3rzy dobrze znaj\u0105 firmy, z kt\u00f3rymi wsp\u00f3\u0142pracuj\u0105. Nasze us\u0142ugi obejmuj\u0105:<\/p>\n<ul>\n<li>prowadzenie pe\u0142nej ksi\u0119gowo\u015bci i KPiR (ksi\u0119gi przychod\u00f3w i rozchod\u00f3w);<\/li>\n<li>kompleksow\u0105 obs\u0142ug\u0119 kadr i p\u0142ac;<\/li>\n<li>prowadzenie rejestr\u00f3w VAT;<\/li>\n<li>pomoc przy rejestracji firmy lub sp\u00f3\u0142ki;<\/li>\n<li>rekomendacje podatkowe i prawne;<\/li>\n<li>indywidualn\u0105 opiek\u0119 ksi\u0119gowego przypisanego do Twojej firmy.<\/li>\n<\/ul>\n<p>Nie korzystamy z zewn\u0119trznych biur. Masz jednego Opiekuna, kt\u00f3ry wie, czym si\u0119 zajmujesz, i dba o terminowo\u015b\u0107 oraz poprawno\u015b\u0107 rozlicze\u0144. Pomaga Ci te\u017c maksymalnie obni\u017cy\u0107 wysoko\u015b\u0107 nale\u017cno\u015bci podatkowych, stosuj\u0105c dost\u0119pne optymalizacje.<\/p>\n<h2><strong>Ksi\u0119gowo\u015b\u0107 online \u2013 wygodne rozwi\u0105zanie dla firm z wojew\u00f3dztwa \u015bwi\u0119tokrzyskiego<\/strong><\/h2>\n<p>Wojew\u00f3dztwo \u015bwi\u0119tokrzyskie to region, w kt\u00f3rym dominuj\u0105 mikro- i ma\u0142e przedsi\u0119biorstwa. Ich w\u0142a\u015bciciele coraz cz\u0119\u015bciej wybieraj\u0105 nowoczesne i elastyczne rozwi\u0105zania, kt\u00f3re pozwalaj\u0105 skupi\u0107 si\u0119 na prowadzeniu biznesu. Jednym z nich jest w\u0142a\u015bnie ksi\u0119gowo\u015b\u0107 online. To propozycja dla w\u0142a\u015bcicieli JDG, sp\u00f3\u0142ek i specjalist\u00f3w B2B, kt\u00f3rzy chc\u0105 mie\u0107 porz\u0105dek w dokumentach bez tracenia czasu na dojazdy do biura rachunkowego.<\/p>\n<h2><strong>Dlaczego warto skorzysta\u0107 z ksi\u0119gowo\u015bci online, prowadz\u0105c firm\u0119 w \u015bwi\u0119tokrzyskim? <\/strong><\/h2>\n<p>Dzia\u0142amy na rynku od 2005 roku. Obs\u0142u\u017cyli\u015bmy ju\u017c ponad 1500 klient\u00f3w. Nieustannie si\u0119 szkolimy, aby nasza wiedza by\u0142a aktualna i odpowiada\u0142a potrzebom klient\u00f3w. Pomo\u017cemy Ci zaoszcz\u0119dzi\u0107 czas i zbudowa\u0107 solidny fundament dobrze prosperuj\u0105cego biznesu \u2013 przejrzyst\u0105 ksi\u0119gowo\u015b\u0107.<\/p>\n<p>Zadbamy o terminowe rozliczenia i realizacj\u0119 p\u0142atno\u015bci podatkowych. B\u0119dziemy po\u015bredniczy\u0107 w kontakcie z urz\u0119dami i wyja\u015bnia\u0107 Ci na bie\u017c\u0105co wszystkie niuanse prawno-podatkowe. Wszystko po to, \u017ceby\u015b jako nasz klient zyska\u0142 przestrze\u0144 na rozw\u00f3j na rynku, zamiast po\u015bwi\u0119ca\u0107 czas na samodzielne studiowanie dynamicznie zmieniaj\u0105cych si\u0119 przepis\u00f3w.<\/p>\n        <div class=\"region-children-container\">\n            <div class=\"region-children-grid\">\n                                <div class=\"region-child-item\">\n                    <a href=\"https:\/\/openprofit.pl\/swietokrzyskie\/biuro-rachunkowe-kielce\/\" class=\"region-child-link\">\n                        <div class=\"region-child-icon\">\n                            <img decoding=\"async\" src=\"https:\/\/openprofit.pl\/wp-content\/uploads\/2022\/12\/konto-ikona.svg\" alt=\"Ikona lokalizacji\">\n                        <\/div>\n                        <div class=\"region-child-name\">Biuro rachunkowe \u2013 Kielce<\/div>\n                    <\/a>\n                <\/div>\n                            <\/div>\n        <\/div>\n\n        <style>\n            .region-children-container {\n                width: 100%;\n                max-width: 1320px;\n                margin: 40px auto;\n                padding: 0 15px;\n            }\n\n            .region-children-grid {\n                display: flex;\n                flex-wrap: wrap;\n                justify-content: center;\n                margin: 0 -15px;\n            }\n\n            .region-child-item {\n                flex: 0 0 280px;\n                width: 280px;\n                padding: 0 15px;\n                margin-bottom: 30px;\n            }\n\n            .region-child-link {\n                display: flex;\n                align-items: center;\n                justify-content: center;\n                padding: 20px;\n                height: 80px;\n                background: #f8fcfd;\n                border: 1px solid #e0f2f4;\n                border-radius: 8px;\n                transition: all 0.3s ease;\n                text-decoration: none !important;\n                color: #4a5568;\n                text-align: center;\n            }\n\n            .region-child-link:hover {\n                transform: translateY(-2px);\n                box-shadow: 0 8px 25px rgba(139, 216, 211, 0.3);\n                background: #ffffff;\n                border-color: #8bd8d3;\n                color: #2d3748;\n            }\n\n            .region-child-icon {\n                flex: 0 0 28px;\n                margin-right: 15px;\n            }\n\n            .region-child-icon img {\n                width: 28px;\n                height: 28px;\n                display: block;\n                filter: brightness(0) saturate(100%) invert(40%) sepia(8%) saturate(977%) hue-rotate(184deg) brightness(94%) contrast(86%);\n                transition: filter 0.3s ease;\n            }\n\n            .region-child-link:hover .region-child-icon img {\n                filter: brightness(0) saturate(100%) invert(71%) sepia(29%) saturate(463%) hue-rotate(122deg) brightness(96%) contrast(87%);\n            }\n\n            .region-child-name {\n                font-size: 16px;\n                font-weight: 500;\n                line-height: 1.3;\n                color: inherit;\n            }\n\n            @media (max-width: 1280px) {\n                .region-child-item {\n                    flex: 0 0 260px;\n                    width: 260px;\n                }\n            }\n\n            @media (max-width: 768px) {\n                .region-child-item {\n                    flex: 0 0 240px;\n                    width: 240px;\n                }\n\n                .region-child-link {\n                    padding: 15px;\n                    height: 70px;\n                }\n\n                .region-child-name {\n                    font-size: 15px;\n                }\n\n                .region-child-icon {\n                    flex: 0 0 24px;\n                    margin-right: 12px;\n                }\n\n                .region-child-icon img {\n                    width: 24px;\n                    height: 24px;\n                }\n            }\n\n            @media (max-width: 480px) {\n                .region-child-item {\n                    flex: 0 0 100%;\n                    width: 100%;\n                    max-width: 280px;\n                }\n            }\n        <\/style>\n        \n<p>Zapraszamy do wsp\u00f3\u0142pracy.<\/p>\n\n\t\t\t<\/div>\n\n\t\t<\/div>\n\t<\/div>\n\t\n<\/section>\n\n\n\n<p class=\" eplus-wrapper\"><\/p>\n","protected":false},"excerpt":{"rendered":"","protected":false},"author":13,"featured_media":0,"parent":0,"menu_order":0,"comment_status":"closed","ping_status":"closed","template":"","meta":{"_acf_changed":false,"inline_featured_image":false,"editor_plus_copied_stylings":"{}","footnotes":""},"class_list":["post-2877","page","type-page","status-publish","hentry"],"acf":[],"yoast_head":"<!-- This site is optimized with the Yoast SEO plugin v27.4 - https:\/\/yoast.com\/product\/yoast-seo-wordpress\/ -->\n<title>Ksi\u0119gowo\u015b\u0107 online \u2013 \u015bwi\u0119tokrzyskie | biuro rachunkowe i podatkowe - us\u0142ugi ksi\u0119gowe | openprofit.pl<\/title>\n<meta name=\"description\" content=\"Prowadzimy ksi\u0119gowo\u015b\u0107 online firm ze \u015bwi\u0119tokrzyskiego. Ka\u017cdy klient wsp\u00f3\u0142pracuje z indywidualnym Opiekunem. Obs\u0142ugujemy te\u017c kadry i p\u0142ace. Zobacz ofert\u0119.\" \/>\n<meta name=\"robots\" content=\"index, follow, max-snippet:-1, max-image-preview:large, max-video-preview:-1\" \/>\n<link rel=\"canonical\" href=\"https:\/\/openprofit.pl\/swietokrzyskie\/\" \/>\n<meta property=\"og:locale\" content=\"pl_PL\" \/>\n<meta property=\"og:type\" content=\"article\" \/>\n<meta property=\"og:title\" content=\"Ksi\u0119gowo\u015b\u0107 online \u2013 \u015bwi\u0119tokrzyskie | biuro rachunkowe i podatkowe - us\u0142ugi ksi\u0119gowe | openprofit.pl\" \/>\n<meta property=\"og:description\" content=\"Prowadzimy ksi\u0119gowo\u015b\u0107 online firm ze \u015bwi\u0119tokrzyskiego. Ka\u017cdy klient wsp\u00f3\u0142pracuje z indywidualnym Opiekunem. Obs\u0142ugujemy te\u017c kadry i p\u0142ace. Zobacz ofert\u0119.\" \/>\n<meta property=\"og:url\" content=\"https:\/\/openprofit.pl\/swietokrzyskie\/\" \/>\n<meta property=\"og:site_name\" content=\"openprofit.pl\" \/>\n<meta property=\"article:modified_time\" content=\"2025-05-27T11:37:16+00:00\" \/>\n<meta name=\"twitter:card\" content=\"summary_large_image\" \/>\n<!-- \/ Yoast SEO plugin. -->","yoast_head_json":{"title":"Ksi\u0119gowo\u015b\u0107 online \u2013 \u015bwi\u0119tokrzyskie | biuro rachunkowe i podatkowe - us\u0142ugi ksi\u0119gowe | openprofit.pl","description":"Prowadzimy ksi\u0119gowo\u015b\u0107 online firm ze \u015bwi\u0119tokrzyskiego. Ka\u017cdy klient wsp\u00f3\u0142pracuje z indywidualnym Opiekunem. Obs\u0142ugujemy te\u017c kadry i p\u0142ace. Zobacz ofert\u0119.","robots":{"index":"index","follow":"follow","max-snippet":"max-snippet:-1","max-image-preview":"max-image-preview:large","max-video-preview":"max-video-preview:-1"},"canonical":"https:\/\/openprofit.pl\/swietokrzyskie\/","og_locale":"pl_PL","og_type":"article","og_title":"Ksi\u0119gowo\u015b\u0107 online \u2013 \u015bwi\u0119tokrzyskie | biuro rachunkowe i podatkowe - us\u0142ugi ksi\u0119gowe | openprofit.pl","og_description":"Prowadzimy ksi\u0119gowo\u015b\u0107 online firm ze \u015bwi\u0119tokrzyskiego. Ka\u017cdy klient wsp\u00f3\u0142pracuje z indywidualnym Opiekunem. Obs\u0142ugujemy te\u017c kadry i p\u0142ace. Zobacz ofert\u0119.","og_url":"https:\/\/openprofit.pl\/swietokrzyskie\/","og_site_name":"openprofit.pl","article_modified_time":"2025-05-27T11:37:16+00:00","twitter_card":"summary_large_image","schema":{"@context":"https:\/\/schema.org","@graph":[{"@type":"WebPage","@id":"https:\/\/openprofit.pl\/swietokrzyskie\/","url":"https:\/\/openprofit.pl\/swietokrzyskie\/","name":"Ksi\u0119gowo\u015b\u0107 online \u2013 \u015bwi\u0119tokrzyskie | biuro rachunkowe i podatkowe - us\u0142ugi ksi\u0119gowe | openprofit.pl","isPartOf":{"@id":"https:\/\/openprofit.pl\/#website"},"datePublished":"2025-05-09T08:26:52+00:00","dateModified":"2025-05-27T11:37:16+00:00","description":"Prowadzimy ksi\u0119gowo\u015b\u0107 online firm ze \u015bwi\u0119tokrzyskiego. Ka\u017cdy klient wsp\u00f3\u0142pracuje z indywidualnym Opiekunem. Obs\u0142ugujemy te\u017c kadry i p\u0142ace. Zobacz ofert\u0119.","breadcrumb":{"@id":"https:\/\/openprofit.pl\/swietokrzyskie\/#breadcrumb"},"inLanguage":"pl-PL","potentialAction":[{"@type":"ReadAction","target":["https:\/\/openprofit.pl\/swietokrzyskie\/"]}]},{"@type":"BreadcrumbList","@id":"https:\/\/openprofit.pl\/swietokrzyskie\/#breadcrumb","itemListElement":[{"@type":"ListItem","position":1,"name":"Strona g\u0142\u00f3wna","item":"https:\/\/openprofit.pl\/"},{"@type":"ListItem","position":2,"name":"Ksi\u0119gowo\u015b\u0107 online \u2013 \u015bwi\u0119tokrzyskie"}]},{"@type":"WebSite","@id":"https:\/\/openprofit.pl\/#website","url":"https:\/\/openprofit.pl\/","name":"openprofit.pl","description":"Twoje zdalne biuro rachunkowe","potentialAction":[{"@type":"SearchAction","target":{"@type":"EntryPoint","urlTemplate":"https:\/\/openprofit.pl\/?s={search_term_string}"},"query-input":{"@type":"PropertyValueSpecification","valueRequired":true,"valueName":"search_term_string"}}],"inLanguage":"pl-PL"}]}},"gutenberg_blocks":[{"blockName":"custom-styles","attrs":{"styles":""}},{"blockName":"acf\/seo-section","attrs":{"container":"","disable_contact_section_above_footer":false,"schema_faq":""},"innerBlocks":[],"innerHTML":"","innerContent":[]},{"blockName":"core\/paragraph","attrs":{"className":"","epAnimationGeneratedClass":"edplus_anim-6MSOLG","epGeneratedClass":"eplus-wrapper"},"innerBlocks":[],"innerHTML":"\n<p class=\" eplus-wrapper\"><\/p>\n","innerContent":["\n<p class=\" eplus-wrapper\"><\/p>\n"]}],"meta_data":{"container":"","disable_contact_section_above_footer":false,"schema_faq":""},"_links":{"self":[{"href":"https:\/\/openprofit.pl\/index.php\/wp-json\/wp\/v2\/pages\/2877","targetHints":{"allow":["GET"]}}],"collection":[{"href":"https:\/\/openprofit.pl\/index.php\/wp-json\/wp\/v2\/pages"}],"about":[{"href":"https:\/\/openprofit.pl\/index.php\/wp-json\/wp\/v2\/types\/page"}],"author":[{"embeddable":true,"href":"https:\/\/openprofit.pl\/index.php\/wp-json\/wp\/v2\/users\/13"}],"replies":[{"embeddable":true,"href":"https:\/\/openprofit.pl\/index.php\/wp-json\/wp\/v2\/comments?post=2877"}],"version-history":[{"count":3,"href":"https:\/\/openprofit.pl\/index.php\/wp-json\/wp\/v2\/pages\/2877\/revisions"}],"predecessor-version":[{"id":3430,"href":"https:\/\/openprofit.pl\/index.php\/wp-json\/wp\/v2\/pages\/2877\/revisions\/3430"}],"wp:attachment":[{"href":"https:\/\/openprofit.pl\/index.php\/wp-json\/wp\/v2\/media?parent=2877"}],"curies":[{"name":"wp","href":"https:\/\/api.w.org\/{rel}","templated":true}]}}