{"id":2871,"date":"2025-05-07T10:01:55","date_gmt":"2025-05-07T08:01:55","guid":{"rendered":"https:\/\/openprofit.pl\/?page_id=2871"},"modified":"2025-05-27T13:38:20","modified_gmt":"2025-05-27T11:38:20","slug":"pomorskie","status":"publish","type":"page","link":"https:\/\/openprofit.pl\/pomorskie\/","title":{"rendered":"Us\u0142ugi ksi\u0119gowe online \u2013 pomorskie"},"content":{"rendered":"\n<section class=\"seo_section relative container section-margin\">\n\t\t\t<div class=\"flex flex-col w-full max-w-[113.2rem] justify-center mx-auto breadcrumbsSpace\">\n\t\t\t<div class=\"breadcrumbs mb-19 lg:mb-39 mx-auto max-w-full\">\n\t\t\t\t<div class=\"breadcrumbs__inner flex md:w-full\">\n\t\t\t\t\t<span><span><a href=\"https:\/\/openprofit.pl\/\">Strona g\u0142\u00f3wna<\/a><\/span><\/span>\n\t\t\t\t<\/div>\n\t\t\t<\/div>\n\t\t<\/div>\n\t\t<div class=\"text-center\">\n\t\t\n\t\t<div class=\"flex flex-col w-full max-w-[113.2rem] justify-center mx-auto\">\n\n\t\t\t\t\t\t\t\t<h1 class=\"h1  mb-40 md:mb-60\">\n\n\t\tUs\u0142ugi ksi\u0119gowe online \u2013 pomorskie\n\n\t<\/h1>\n\t\t\t\n\t\t\t<div class=\"seo_section-description paragraph-m text-content\">\n\n\t\t\t\t<p>Oferujemy us\u0142ugi ksi\u0119gowe online dla przedsi\u0119biorc\u00f3w z wojew\u00f3dztwa pomorskiego \u2013 Gda\u0144ska, Gdyni, S\u0142upska i innych miejscowo\u015bci. Open Profit to zdalne biuro rachunkowe, kt\u00f3re od lat wspiera firmy z ca\u0142ej Polski. Dzia\u0142amy na rynku od 2005 roku. Wieloletnie do\u015bwiadczenie i pozytywne opinie klient\u00f3w potwierdzaj\u0105 nasz profesjonalizm. Daj\u0105 Ci te\u017c gwarancj\u0119 tego, \u017ce Twoja ksi\u0119gowo\u015b\u0107 b\u0119dzie prowadzona zgodnie z aktualnymi wymogami.<\/p>\n<p>Wsp\u00f3\u0142praca z nami oznacza brak konieczno\u015bci wizyt w biurze czy u\u017cywania skomplikowanych system\u00f3w. Zamiast tego zapewniamy Opiekuna ksi\u0119gowego z naszego zespo\u0142u, kt\u00f3ry pozna Twoj\u0105 firm\u0119 i poprowadzi jej ksi\u0119gowo\u015b\u0107 od pocz\u0105tku do ko\u0144ca. <strong>Kontakt odbywa si\u0119 mailowo, telefonicznie lub online, a dokumenty dostarczasz wygodnie przez Dropbox.<\/strong><\/p>\n<h2><strong>Ksi\u0119gowo\u015b\u0107 dla firm z wojew\u00f3dztwa pomorskiego \u2013 solidny fundament Twojego biznesu <\/strong><\/h2>\n<p>Wojew\u00f3dztwo pomorskie to jeden z najbardziej rozwini\u0119tych region\u00f3w w kraju. Wed\u0142ug danych GUS dzia\u0142a tu ponad 370 000 przedsi\u0119biorstw (stan na luty 2025 roku). Pomorze przyci\u0105ga zar\u00f3wno firmy technologiczne, logistyczne, jak i lokalnych us\u0142ugodawc\u00f3w \u2013 a ich potrzeby w zakresie ksi\u0119gowo\u015bci stale rosn\u0105. Nasza oferta to odpowied\u017a na wymagania nowoczesnych podmiot\u00f3w, kt\u00f3rych w\u0142a\u015bciciele ceni\u0105 sobie elastyczno\u015b\u0107, czas i indywidualne podej\u015bcie. Niezale\u017cnie od tego, czy prowadzisz JDG, sp\u00f3\u0142k\u0119, czy pracujesz na B2B \u2013 z nami zbudujesz solidny fundament legalnie dzia\u0142aj\u0105cego biznesu. My zajmiemy si\u0119 formalno\u015bciami i rozliczeniami, a Ty b\u0119dziesz mie\u0107 czas na to, by rozwija\u0107 skrzyd\u0142a.<\/p>\n<h2><strong>Us\u0142ugi ksi\u0119gowe dla firm z pomorskiego \u2013 gwarancja bezpiecze\u0144stwa i kompleksowej oferty<\/strong><\/h2>\n<p>Z Open Profit mo\u017cesz liczy\u0107 na pe\u0142n\u0105, zdaln\u0105 obs\u0142ug\u0119 ksi\u0119gow\u0105 dopasowan\u0105 do Twojej sytuacji. Oferujemy:<\/p>\n<ul>\n<li>prowadzenie uproszczonej i pe\u0142nej ksi\u0119gowo\u015bci (KPiR, ksi\u0119gi rachunkowe);<\/li>\n<li>obs\u0142ug\u0119 kadrowo-p\u0142acow\u0105 (ZUS, PIT, listy p\u0142ac, umowy);<\/li>\n<li>rekomendacje podatkowe i prawne;<\/li>\n<li>prowadzenie rejestr\u00f3w VAT;<\/li>\n<li>pomoc w rejestracji dzia\u0142alno\u015bci i sp\u00f3\u0142ek;<\/li>\n<li>sta\u0142\u0105 opiek\u0119 ksi\u0119gowego.<\/li>\n<\/ul>\n<p>Nie korzystamy z podwykonawc\u00f3w, a zatrudniamy jedynie wykwalifikowanych i do\u015bwiadczonych specjalist\u00f3w. Indywidualny Opiekun pracuje w naszym zespole i to on jest odpowiedzialny za obs\u0142ug\u0119 Twojej ksi\u0119gowo\u015bci. Dzi\u0119ki temu masz pewno\u015b\u0107, \u017ce wszystkie sprawy s\u0105 prowadzone sp\u00f3jnie, terminowo i profesjonalnie.<\/p>\n<p>Mamy te\u017c polis\u0119 OC na ponad milion z\u0142otych, kt\u00f3ra zabezpiecza naszych klient\u00f3w przed ewentualnymi b\u0142\u0119dami. To potwierdzenie tego, \u017ce w odpowiedzialny spos\u00f3b podchodzimy do swojej pracy.<\/p>\n<p>Zapraszamy do wsp\u00f3\u0142pracy.<\/p>\n        <div class=\"region-children-container\">\n            <div class=\"region-children-grid\">\n                                <div class=\"region-child-item\">\n                    <a href=\"https:\/\/openprofit.pl\/pomorskie\/biuro-rachunkowe-gdansk\/\" class=\"region-child-link\">\n                        <div class=\"region-child-icon\">\n                            <img decoding=\"async\" src=\"https:\/\/openprofit.pl\/wp-content\/uploads\/2022\/12\/konto-ikona.svg\" alt=\"Ikona lokalizacji\">\n                        <\/div>\n                        <div class=\"region-child-name\">Biuro rachunkowe \u2013 Gda\u0144sk<\/div>\n                    <\/a>\n                <\/div>\n                                <div class=\"region-child-item\">\n                    <a href=\"https:\/\/openprofit.pl\/pomorskie\/biuro-rachunkowe-slupsk\/\" class=\"region-child-link\">\n                        <div class=\"region-child-icon\">\n                            <img decoding=\"async\" src=\"https:\/\/openprofit.pl\/wp-content\/uploads\/2022\/12\/konto-ikona.svg\" alt=\"Ikona lokalizacji\">\n                        <\/div>\n                        <div class=\"region-child-name\">Biuro rachunkowe \u2013 S\u0142upsk<\/div>\n                    <\/a>\n                <\/div>\n                            <\/div>\n        <\/div>\n\n        <style>\n            .region-children-container {\n                width: 100%;\n                max-width: 1320px;\n                margin: 40px auto;\n                padding: 0 15px;\n            }\n\n            .region-children-grid {\n                display: flex;\n                flex-wrap: wrap;\n                justify-content: center;\n                margin: 0 -15px;\n            }\n\n            .region-child-item {\n                flex: 0 0 280px;\n                width: 280px;\n                padding: 0 15px;\n                margin-bottom: 30px;\n            }\n\n            .region-child-link {\n                display: flex;\n                align-items: center;\n                justify-content: center;\n                padding: 20px;\n                height: 80px;\n                background: #f8fcfd;\n                border: 1px solid #e0f2f4;\n                border-radius: 8px;\n                transition: all 0.3s ease;\n                text-decoration: none !important;\n                color: #4a5568;\n                text-align: center;\n            }\n\n            .region-child-link:hover {\n                transform: translateY(-2px);\n                box-shadow: 0 8px 25px rgba(139, 216, 211, 0.3);\n                background: #ffffff;\n                border-color: #8bd8d3;\n                color: #2d3748;\n            }\n\n            .region-child-icon {\n                flex: 0 0 28px;\n                margin-right: 15px;\n            }\n\n            .region-child-icon img {\n                width: 28px;\n                height: 28px;\n                display: block;\n                filter: brightness(0) saturate(100%) invert(40%) sepia(8%) saturate(977%) hue-rotate(184deg) brightness(94%) contrast(86%);\n                transition: filter 0.3s ease;\n            }\n\n            .region-child-link:hover .region-child-icon img {\n                filter: brightness(0) saturate(100%) invert(71%) sepia(29%) saturate(463%) hue-rotate(122deg) brightness(96%) contrast(87%);\n            }\n\n            .region-child-name {\n                font-size: 16px;\n                font-weight: 500;\n                line-height: 1.3;\n                color: inherit;\n            }\n\n            @media (max-width: 1280px) {\n                .region-child-item {\n                    flex: 0 0 260px;\n                    width: 260px;\n                }\n            }\n\n            @media (max-width: 768px) {\n                .region-child-item {\n                    flex: 0 0 240px;\n                    width: 240px;\n                }\n\n                .region-child-link {\n                    padding: 15px;\n                    height: 70px;\n                }\n\n                .region-child-name {\n                    font-size: 15px;\n                }\n\n                .region-child-icon {\n                    flex: 0 0 24px;\n                    margin-right: 12px;\n                }\n\n                .region-child-icon img {\n                    width: 24px;\n                    height: 24px;\n                }\n            }\n\n            @media (max-width: 480px) {\n                .region-child-item {\n                    flex: 0 0 100%;\n                    width: 100%;\n                    max-width: 280px;\n                }\n            }\n        <\/style>\n        \n\n\t\t\t<\/div>\n\n\t\t<\/div>\n\t<\/div>\n\t\n<\/section>\n","protected":false},"excerpt":{"rendered":"","protected":false},"author":13,"featured_media":0,"parent":0,"menu_order":0,"comment_status":"closed","ping_status":"closed","template":"","meta":{"_acf_changed":false,"inline_featured_image":false,"editor_plus_copied_stylings":"{}","footnotes":""},"class_list":["post-2871","page","type-page","status-publish","hentry"],"acf":[],"yoast_head":"<!-- This site is optimized with the Yoast SEO plugin v27.3 - https:\/\/yoast.com\/product\/yoast-seo-wordpress\/ -->\n<title>Us\u0142ugi ksi\u0119gowe online \u2013 pomorskie | biuro rachunkowe i podatkowe - us\u0142ugi ksi\u0119gowe | openprofit.pl<\/title>\n<meta name=\"description\" content=\"Oferujemy us\u0142ugi ksi\u0119gowe online dla firm z wojew\u00f3dztwa pomorskiego \u2013 udzielamy rekomendacji, pomagamy za\u0142o\u017cy\u0107 firm\u0119, prowadzimy kadry i p\u0142ace. Sprawd\u017a.\" \/>\n<meta name=\"robots\" content=\"index, follow, max-snippet:-1, max-image-preview:large, max-video-preview:-1\" \/>\n<link rel=\"canonical\" href=\"https:\/\/openprofit.pl\/pomorskie\/\" \/>\n<meta property=\"og:locale\" content=\"pl_PL\" \/>\n<meta property=\"og:type\" content=\"article\" \/>\n<meta property=\"og:title\" content=\"Us\u0142ugi ksi\u0119gowe online \u2013 pomorskie | biuro rachunkowe i podatkowe - us\u0142ugi ksi\u0119gowe | openprofit.pl\" \/>\n<meta property=\"og:description\" content=\"Oferujemy us\u0142ugi ksi\u0119gowe online dla firm z wojew\u00f3dztwa pomorskiego \u2013 udzielamy rekomendacji, pomagamy za\u0142o\u017cy\u0107 firm\u0119, prowadzimy kadry i p\u0142ace. Sprawd\u017a.\" \/>\n<meta property=\"og:url\" content=\"https:\/\/openprofit.pl\/pomorskie\/\" \/>\n<meta property=\"og:site_name\" content=\"openprofit.pl\" \/>\n<meta property=\"article:modified_time\" content=\"2025-05-27T11:38:20+00:00\" \/>\n<meta name=\"twitter:card\" content=\"summary_large_image\" \/>\n<!-- \/ Yoast SEO plugin. -->","yoast_head_json":{"title":"Us\u0142ugi ksi\u0119gowe online \u2013 pomorskie | biuro rachunkowe i podatkowe - us\u0142ugi ksi\u0119gowe | openprofit.pl","description":"Oferujemy us\u0142ugi ksi\u0119gowe online dla firm z wojew\u00f3dztwa pomorskiego \u2013 udzielamy rekomendacji, pomagamy za\u0142o\u017cy\u0107 firm\u0119, prowadzimy kadry i p\u0142ace. Sprawd\u017a.","robots":{"index":"index","follow":"follow","max-snippet":"max-snippet:-1","max-image-preview":"max-image-preview:large","max-video-preview":"max-video-preview:-1"},"canonical":"https:\/\/openprofit.pl\/pomorskie\/","og_locale":"pl_PL","og_type":"article","og_title":"Us\u0142ugi ksi\u0119gowe online \u2013 pomorskie | biuro rachunkowe i podatkowe - us\u0142ugi ksi\u0119gowe | openprofit.pl","og_description":"Oferujemy us\u0142ugi ksi\u0119gowe online dla firm z wojew\u00f3dztwa pomorskiego \u2013 udzielamy rekomendacji, pomagamy za\u0142o\u017cy\u0107 firm\u0119, prowadzimy kadry i p\u0142ace. Sprawd\u017a.","og_url":"https:\/\/openprofit.pl\/pomorskie\/","og_site_name":"openprofit.pl","article_modified_time":"2025-05-27T11:38:20+00:00","twitter_card":"summary_large_image","schema":{"@context":"https:\/\/schema.org","@graph":[{"@type":"WebPage","@id":"https:\/\/openprofit.pl\/pomorskie\/","url":"https:\/\/openprofit.pl\/pomorskie\/","name":"Us\u0142ugi ksi\u0119gowe online \u2013 pomorskie | biuro rachunkowe i podatkowe - us\u0142ugi ksi\u0119gowe | openprofit.pl","isPartOf":{"@id":"https:\/\/openprofit.pl\/#website"},"datePublished":"2025-05-07T08:01:55+00:00","dateModified":"2025-05-27T11:38:20+00:00","description":"Oferujemy us\u0142ugi ksi\u0119gowe online dla firm z wojew\u00f3dztwa pomorskiego \u2013 udzielamy rekomendacji, pomagamy za\u0142o\u017cy\u0107 firm\u0119, prowadzimy kadry i p\u0142ace. Sprawd\u017a.","breadcrumb":{"@id":"https:\/\/openprofit.pl\/pomorskie\/#breadcrumb"},"inLanguage":"pl-PL","potentialAction":[{"@type":"ReadAction","target":["https:\/\/openprofit.pl\/pomorskie\/"]}]},{"@type":"BreadcrumbList","@id":"https:\/\/openprofit.pl\/pomorskie\/#breadcrumb","itemListElement":[{"@type":"ListItem","position":1,"name":"Strona g\u0142\u00f3wna","item":"https:\/\/openprofit.pl\/"},{"@type":"ListItem","position":2,"name":"Us\u0142ugi ksi\u0119gowe online \u2013 pomorskie"}]},{"@type":"WebSite","@id":"https:\/\/openprofit.pl\/#website","url":"https:\/\/openprofit.pl\/","name":"openprofit.pl","description":"Twoje zdalne biuro rachunkowe","potentialAction":[{"@type":"SearchAction","target":{"@type":"EntryPoint","urlTemplate":"https:\/\/openprofit.pl\/?s={search_term_string}"},"query-input":{"@type":"PropertyValueSpecification","valueRequired":true,"valueName":"search_term_string"}}],"inLanguage":"pl-PL"}]}},"gutenberg_blocks":[{"blockName":"custom-styles","attrs":{"styles":""}},{"blockName":"acf\/seo-section","attrs":{"container":"","disable_contact_section_above_footer":false,"schema_faq":""},"innerBlocks":[],"innerHTML":"","innerContent":[]}],"meta_data":{"container":"","disable_contact_section_above_footer":false,"schema_faq":""},"_links":{"self":[{"href":"https:\/\/openprofit.pl\/index.php\/wp-json\/wp\/v2\/pages\/2871","targetHints":{"allow":["GET"]}}],"collection":[{"href":"https:\/\/openprofit.pl\/index.php\/wp-json\/wp\/v2\/pages"}],"about":[{"href":"https:\/\/openprofit.pl\/index.php\/wp-json\/wp\/v2\/types\/page"}],"author":[{"embeddable":true,"href":"https:\/\/openprofit.pl\/index.php\/wp-json\/wp\/v2\/users\/13"}],"replies":[{"embeddable":true,"href":"https:\/\/openprofit.pl\/index.php\/wp-json\/wp\/v2\/comments?post=2871"}],"version-history":[{"count":2,"href":"https:\/\/openprofit.pl\/index.php\/wp-json\/wp\/v2\/pages\/2871\/revisions"}],"predecessor-version":[{"id":2897,"href":"https:\/\/openprofit.pl\/index.php\/wp-json\/wp\/v2\/pages\/2871\/revisions\/2897"}],"wp:attachment":[{"href":"https:\/\/openprofit.pl\/index.php\/wp-json\/wp\/v2\/media?parent=2871"}],"curies":[{"name":"wp","href":"https:\/\/api.w.org\/{rel}","templated":true}]}}