{"id":2865,"date":"2025-05-04T09:49:48","date_gmt":"2025-05-04T07:49:48","guid":{"rendered":"https:\/\/openprofit.pl\/?page_id=2865"},"modified":"2025-05-27T13:40:53","modified_gmt":"2025-05-27T11:40:53","slug":"opolskie","status":"publish","type":"page","link":"https:\/\/openprofit.pl\/opolskie\/","title":{"rendered":"Ksi\u0119gowo\u015b\u0107 online \u2013 opolskie"},"content":{"rendered":"\n<section class=\"seo_section relative container section-margin\">\n\t\t\t<div class=\"flex flex-col w-full max-w-[113.2rem] justify-center mx-auto breadcrumbsSpace\">\n\t\t\t<div class=\"breadcrumbs mb-19 lg:mb-39 mx-auto max-w-full\">\n\t\t\t\t<div class=\"breadcrumbs__inner flex md:w-full\">\n\t\t\t\t\t<span><span><a href=\"https:\/\/openprofit.pl\/\">Strona g\u0142\u00f3wna<\/a><\/span><\/span>\n\t\t\t\t<\/div>\n\t\t\t<\/div>\n\t\t<\/div>\n\t\t<div class=\"text-center\">\n\t\t\n\t\t<div class=\"flex flex-col w-full max-w-[113.2rem] justify-center mx-auto\">\n\n\t\t\t\t\t\t\t\t<h1 class=\"h1  mb-40 md:mb-60\">\n\n\t\tKsi\u0119gowo\u015b\u0107 online \u2013 opolskie\n\n\t<\/h1>\n\t\t\t\n\t\t\t<div class=\"seo_section-description paragraph-m text-content\">\n\n\t\t\t\t<p>Je\u015bli prowadzisz firm\u0119 w wojew\u00f3dztwie opolskim i szukasz nowoczesnej formy obs\u0142ugi ksi\u0119gowej \u2013 Open Profit jest dla Ciebie. Zapewniamy ksi\u0119gowo\u015b\u0107 online, kt\u00f3ra sprawdzi si\u0119 zar\u00f3wno w przypadku jednoosobowej dzia\u0142alno\u015bci, jak i sp\u00f3\u0142ki. Obs\u0142ugujemy klient\u00f3w z ca\u0142ej Polski, w tym z Opola, K\u0119dzierzyna-Ko\u017ala, Kluczborka i mniejszych miejscowo\u015bci.<\/p>\n<p>Z nami nie musisz korzysta\u0107 z aplikacji do samodzielnego ksi\u0119gowania ani odwiedza\u0107 biura osobi\u015bcie. Ka\u017cdy klient ma przypisanego opiekuna ksi\u0119gowego \u2013 pracownika naszego zespo\u0142u. Dokumenty dostarczasz online (przez Dropbox), a kontakt odbywa si\u0119 mailowo, telefonicznie lub w trakcie spotka\u0144 online.<\/p>\n<p>Masz te\u017c pewno\u015b\u0107, \u017ce Twoja firma jest bezpieczna. Mamy polis\u0119 OC na ponad milion z\u0142otych, kt\u00f3ra chroni naszych klient\u00f3w przed finansowymi skutkami ewentualnych b\u0142\u0119d\u00f3w. Dbamy te\u017c o kwalifikacje, do\u015bwiadczenie i aktualn\u0105 wiedz\u0119 pracownik\u00f3w. Wszystko po to, aby zapewnia\u0107 jak najlepsze us\u0142ugi ksi\u0119gowe. Opolskie nie jest jedynym obszarem, gdzie mo\u017cna skorzysta\u0107 z naszej oferty \u2013 obs\u0142ugujemy klient\u00f3w z ca\u0142ego kraju!<\/p>\n<h2>Ksi\u0119gowo\u015b\u0107 opolskie \u2013 realne wsparcie dla Twojej firmy<\/h2>\n<p>Wojew\u00f3dztwo opolskie to jeden z mniejszych, ale stabilnych gospodarczo region\u00f3w Polski. Dominuj\u0105 tutaj ma\u0142e i \u015brednie przedsi\u0119biorstwa, kt\u00f3rym zale\u017cy na przejrzystej i elastycznej ksi\u0119gowo\u015bci \u2013 i w\u0142a\u015bnie tak\u0105 oferuje Open Profit.<\/p>\n<p>Nasza oferta jest skierowana do przedsi\u0119biorc\u00f3w, kt\u00f3rzy nie chc\u0105 traci\u0107 czasu na dojazdy do biura rachunkowego ani martwi\u0107 si\u0119 o poprawno\u015b\u0107 rozlicze\u0144. <strong>Wsp\u00f3\u0142praca ma w pe\u0142ni zdalny charakter, a nasze wieloletnie do\u015bwiadczenie (dzia\u0142amy na rynku od 2005 roku) i pozytywne opinie klient\u00f3w stanowi\u0105 gwarancj\u0119 profesjonalizmu.<\/strong> Oferta jest dopasowana do rzeczywistych potrzeb firm \u2013 bez oprogramowania i bez zewn\u0119trznych podwykonawc\u00f3w.<\/p>\n<h2>Us\u0142ugi ksi\u0119gowe dla firm z opolskiego \u2013 co oferujemy?<\/h2>\n<p>Wybieraj\u0105c Open Profit, zyskujesz dost\u0119p do zespo\u0142u ksi\u0119gowych, kt\u00f3rzy pracuj\u0105 bezpo\u015brednio w naszej firmie. Nie przekazujemy Twoich spraw osobom z zewn\u0105trz \u2013 odpowiada za nie Tw\u00f3j indywidualny opiekun. Dzi\u0119ki temu masz pewno\u015b\u0107, \u017ce ksi\u0119gowo\u015b\u0107 jest prowadzona rzetelnie i skrupulatnie.<\/p>\n<p>Oferujemy:<\/p>\n<ul>\n<li>prowadzenie ksi\u0119gowo\u015bci uproszczonej i pe\u0142nej,<\/li>\n<li>kompleksow\u0105 obs\u0142ug\u0119 kadrowo-p\u0142acow\u0105,<\/li>\n<li>pomoc przy rejestracji firmy lub sp\u00f3\u0142ki \u2013 w tym przy wyborze odpowiedniej formy dzia\u0142alno\u015bci czy rozlicze\u0144, a tak\u017ce przy przej\u015bciu przez formalno\u015bci,<\/li>\n<li>rekomendacje podatkowe i prawne \u2013 zgodne z aktualnymi przepisami,<\/li>\n<li>sta\u0142y kontakt z opiekunem, kt\u00f3ry zna Twoj\u0105 firm\u0119,<\/li>\n<li>prowadzenie rejestr\u00f3w VAT.<\/li>\n<\/ul>\n<p>Wszystko odbywa si\u0119 zdalnie \u2013 bez drukowania dokument\u00f3w i stania w korkach. Z nami oszcz\u0119dzasz czas, unikasz b\u0142\u0119d\u00f3w i masz pe\u0142n\u0105 kontrol\u0119 nad ksi\u0119gowo\u015bci\u0105, kt\u00f3ra stanowi fundament legalnego, stabilnego przedsi\u0119biorstwa.<\/p>\n        <div class=\"region-children-container\">\n            <div class=\"region-children-grid\">\n                                <div class=\"region-child-item\">\n                    <a href=\"https:\/\/openprofit.pl\/opolskie\/biuro-rachunkowe-opole\/\" class=\"region-child-link\">\n                        <div class=\"region-child-icon\">\n                            <img decoding=\"async\" src=\"https:\/\/openprofit.pl\/wp-content\/uploads\/2022\/12\/konto-ikona.svg\" alt=\"Ikona lokalizacji\">\n                        <\/div>\n                        <div class=\"region-child-name\">Biuro rachunkowe \u2013 Opole<\/div>\n                    <\/a>\n                <\/div>\n                            <\/div>\n        <\/div>\n\n        <style>\n            .region-children-container {\n                width: 100%;\n                max-width: 1320px;\n                margin: 40px auto;\n                padding: 0 15px;\n            }\n\n            .region-children-grid {\n                display: flex;\n                flex-wrap: wrap;\n                justify-content: center;\n                margin: 0 -15px;\n            }\n\n            .region-child-item {\n                flex: 0 0 280px;\n                width: 280px;\n                padding: 0 15px;\n                margin-bottom: 30px;\n            }\n\n            .region-child-link {\n                display: flex;\n                align-items: center;\n                justify-content: center;\n                padding: 20px;\n                height: 80px;\n                background: #f8fcfd;\n                border: 1px solid #e0f2f4;\n                border-radius: 8px;\n                transition: all 0.3s ease;\n                text-decoration: none !important;\n                color: #4a5568;\n                text-align: center;\n            }\n\n            .region-child-link:hover {\n                transform: translateY(-2px);\n                box-shadow: 0 8px 25px rgba(139, 216, 211, 0.3);\n                background: #ffffff;\n                border-color: #8bd8d3;\n                color: #2d3748;\n            }\n\n            .region-child-icon {\n                flex: 0 0 28px;\n                margin-right: 15px;\n            }\n\n            .region-child-icon img {\n                width: 28px;\n                height: 28px;\n                display: block;\n                filter: brightness(0) saturate(100%) invert(40%) sepia(8%) saturate(977%) hue-rotate(184deg) brightness(94%) contrast(86%);\n                transition: filter 0.3s ease;\n            }\n\n            .region-child-link:hover .region-child-icon img {\n                filter: brightness(0) saturate(100%) invert(71%) sepia(29%) saturate(463%) hue-rotate(122deg) brightness(96%) contrast(87%);\n            }\n\n            .region-child-name {\n                font-size: 16px;\n                font-weight: 500;\n                line-height: 1.3;\n                color: inherit;\n            }\n\n            @media (max-width: 1280px) {\n                .region-child-item {\n                    flex: 0 0 260px;\n                    width: 260px;\n                }\n            }\n\n            @media (max-width: 768px) {\n                .region-child-item {\n                    flex: 0 0 240px;\n                    width: 240px;\n                }\n\n                .region-child-link {\n                    padding: 15px;\n                    height: 70px;\n                }\n\n                .region-child-name {\n                    font-size: 15px;\n                }\n\n                .region-child-icon {\n                    flex: 0 0 24px;\n                    margin-right: 12px;\n                }\n\n                .region-child-icon img {\n                    width: 24px;\n                    height: 24px;\n                }\n            }\n\n            @media (max-width: 480px) {\n                .region-child-item {\n                    flex: 0 0 100%;\n                    width: 100%;\n                    max-width: 280px;\n                }\n            }\n        <\/style>\n        \n<p>Zapraszamy do wsp\u00f3\u0142pracy.<\/p>\n\n\t\t\t<\/div>\n\n\t\t<\/div>\n\t<\/div>\n\t\n<\/section>\n","protected":false},"excerpt":{"rendered":"","protected":false},"author":13,"featured_media":0,"parent":0,"menu_order":0,"comment_status":"closed","ping_status":"closed","template":"","meta":{"_acf_changed":false,"inline_featured_image":false,"editor_plus_copied_stylings":"{}","footnotes":""},"class_list":["post-2865","page","type-page","status-publish","hentry"],"acf":[],"yoast_head":"<!-- This site is optimized with the Yoast SEO plugin v27.3 - https:\/\/yoast.com\/product\/yoast-seo-wordpress\/ -->\n<title>Ksi\u0119gowo\u015b\u0107 online \u2013 opolskie | biuro rachunkowe i podatkowe - us\u0142ugi ksi\u0119gowe | openprofit.pl<\/title>\n<meta name=\"description\" content=\"Oferujemy us\u0142ugi ksi\u0119gowe online dla firm z opolskiego. Obs\u0142ugujemy sp\u00f3\u0142ki i JDG. Zajmujemy si\u0119 kadrami i p\u0142acami, pomagamy te\u017c za\u0142o\u017cy\u0107 dzia\u0142alno\u015b\u0107.\" \/>\n<meta name=\"robots\" content=\"index, follow, max-snippet:-1, max-image-preview:large, max-video-preview:-1\" \/>\n<link rel=\"canonical\" href=\"https:\/\/openprofit.pl\/opolskie\/\" \/>\n<meta property=\"og:locale\" content=\"pl_PL\" \/>\n<meta property=\"og:type\" content=\"article\" \/>\n<meta property=\"og:title\" content=\"Ksi\u0119gowo\u015b\u0107 online \u2013 opolskie | biuro rachunkowe i podatkowe - us\u0142ugi ksi\u0119gowe | openprofit.pl\" \/>\n<meta property=\"og:description\" content=\"Oferujemy us\u0142ugi ksi\u0119gowe online dla firm z opolskiego. Obs\u0142ugujemy sp\u00f3\u0142ki i JDG. Zajmujemy si\u0119 kadrami i p\u0142acami, pomagamy te\u017c za\u0142o\u017cy\u0107 dzia\u0142alno\u015b\u0107.\" \/>\n<meta property=\"og:url\" content=\"https:\/\/openprofit.pl\/opolskie\/\" \/>\n<meta property=\"og:site_name\" content=\"openprofit.pl\" \/>\n<meta property=\"article:modified_time\" content=\"2025-05-27T11:40:53+00:00\" \/>\n<meta name=\"twitter:card\" content=\"summary_large_image\" \/>\n<!-- \/ Yoast SEO plugin. -->","yoast_head_json":{"title":"Ksi\u0119gowo\u015b\u0107 online \u2013 opolskie | biuro rachunkowe i podatkowe - us\u0142ugi ksi\u0119gowe | openprofit.pl","description":"Oferujemy us\u0142ugi ksi\u0119gowe online dla firm z opolskiego. Obs\u0142ugujemy sp\u00f3\u0142ki i JDG. Zajmujemy si\u0119 kadrami i p\u0142acami, pomagamy te\u017c za\u0142o\u017cy\u0107 dzia\u0142alno\u015b\u0107.","robots":{"index":"index","follow":"follow","max-snippet":"max-snippet:-1","max-image-preview":"max-image-preview:large","max-video-preview":"max-video-preview:-1"},"canonical":"https:\/\/openprofit.pl\/opolskie\/","og_locale":"pl_PL","og_type":"article","og_title":"Ksi\u0119gowo\u015b\u0107 online \u2013 opolskie | biuro rachunkowe i podatkowe - us\u0142ugi ksi\u0119gowe | openprofit.pl","og_description":"Oferujemy us\u0142ugi ksi\u0119gowe online dla firm z opolskiego. Obs\u0142ugujemy sp\u00f3\u0142ki i JDG. Zajmujemy si\u0119 kadrami i p\u0142acami, pomagamy te\u017c za\u0142o\u017cy\u0107 dzia\u0142alno\u015b\u0107.","og_url":"https:\/\/openprofit.pl\/opolskie\/","og_site_name":"openprofit.pl","article_modified_time":"2025-05-27T11:40:53+00:00","twitter_card":"summary_large_image","schema":{"@context":"https:\/\/schema.org","@graph":[{"@type":"WebPage","@id":"https:\/\/openprofit.pl\/opolskie\/","url":"https:\/\/openprofit.pl\/opolskie\/","name":"Ksi\u0119gowo\u015b\u0107 online \u2013 opolskie | biuro rachunkowe i podatkowe - us\u0142ugi ksi\u0119gowe | openprofit.pl","isPartOf":{"@id":"https:\/\/openprofit.pl\/#website"},"datePublished":"2025-05-04T07:49:48+00:00","dateModified":"2025-05-27T11:40:53+00:00","description":"Oferujemy us\u0142ugi ksi\u0119gowe online dla firm z opolskiego. Obs\u0142ugujemy sp\u00f3\u0142ki i JDG. Zajmujemy si\u0119 kadrami i p\u0142acami, pomagamy te\u017c za\u0142o\u017cy\u0107 dzia\u0142alno\u015b\u0107.","breadcrumb":{"@id":"https:\/\/openprofit.pl\/opolskie\/#breadcrumb"},"inLanguage":"pl-PL","potentialAction":[{"@type":"ReadAction","target":["https:\/\/openprofit.pl\/opolskie\/"]}]},{"@type":"BreadcrumbList","@id":"https:\/\/openprofit.pl\/opolskie\/#breadcrumb","itemListElement":[{"@type":"ListItem","position":1,"name":"Strona g\u0142\u00f3wna","item":"https:\/\/openprofit.pl\/"},{"@type":"ListItem","position":2,"name":"Ksi\u0119gowo\u015b\u0107 online \u2013 opolskie"}]},{"@type":"WebSite","@id":"https:\/\/openprofit.pl\/#website","url":"https:\/\/openprofit.pl\/","name":"openprofit.pl","description":"Twoje zdalne biuro rachunkowe","potentialAction":[{"@type":"SearchAction","target":{"@type":"EntryPoint","urlTemplate":"https:\/\/openprofit.pl\/?s={search_term_string}"},"query-input":{"@type":"PropertyValueSpecification","valueRequired":true,"valueName":"search_term_string"}}],"inLanguage":"pl-PL"}]}},"gutenberg_blocks":[{"blockName":"custom-styles","attrs":{"styles":""}},{"blockName":"acf\/seo-section","attrs":{"container":"","disable_contact_section_above_footer":false,"schema_faq":""},"innerBlocks":[],"innerHTML":"","innerContent":[]}],"meta_data":{"container":"","disable_contact_section_above_footer":false,"schema_faq":""},"_links":{"self":[{"href":"https:\/\/openprofit.pl\/index.php\/wp-json\/wp\/v2\/pages\/2865","targetHints":{"allow":["GET"]}}],"collection":[{"href":"https:\/\/openprofit.pl\/index.php\/wp-json\/wp\/v2\/pages"}],"about":[{"href":"https:\/\/openprofit.pl\/index.php\/wp-json\/wp\/v2\/types\/page"}],"author":[{"embeddable":true,"href":"https:\/\/openprofit.pl\/index.php\/wp-json\/wp\/v2\/users\/13"}],"replies":[{"embeddable":true,"href":"https:\/\/openprofit.pl\/index.php\/wp-json\/wp\/v2\/comments?post=2865"}],"version-history":[{"count":2,"href":"https:\/\/openprofit.pl\/index.php\/wp-json\/wp\/v2\/pages\/2865\/revisions"}],"predecessor-version":[{"id":2900,"href":"https:\/\/openprofit.pl\/index.php\/wp-json\/wp\/v2\/pages\/2865\/revisions\/2900"}],"wp:attachment":[{"href":"https:\/\/openprofit.pl\/index.php\/wp-json\/wp\/v2\/media?parent=2865"}],"curies":[{"name":"wp","href":"https:\/\/api.w.org\/{rel}","templated":true}]}}