{"id":2859,"date":"2025-05-01T09:42:53","date_gmt":"2025-05-01T07:42:53","guid":{"rendered":"https:\/\/openprofit.pl\/?page_id=2859"},"modified":"2025-05-27T13:42:58","modified_gmt":"2025-05-27T11:42:58","slug":"lodzkie","status":"publish","type":"page","link":"https:\/\/openprofit.pl\/lodzkie\/","title":{"rendered":"Ksi\u0119gowo\u015b\u0107 online \u2013 \u0142\u00f3dzkie"},"content":{"rendered":"\n<section class=\"seo_section relative container section-margin\">\n\t\t\t<div class=\"flex flex-col w-full max-w-[113.2rem] justify-center mx-auto breadcrumbsSpace\">\n\t\t\t<div class=\"breadcrumbs mb-19 lg:mb-39 mx-auto max-w-full\">\n\t\t\t\t<div class=\"breadcrumbs__inner flex md:w-full\">\n\t\t\t\t\t<span><span><a href=\"https:\/\/openprofit.pl\/\">Strona g\u0142\u00f3wna<\/a><\/span><\/span>\n\t\t\t\t<\/div>\n\t\t\t<\/div>\n\t\t<\/div>\n\t\t<div class=\"text-center\">\n\t\t\n\t\t<div class=\"flex flex-col w-full max-w-[113.2rem] justify-center mx-auto\">\n\n\t\t\t\t\t\t\t\t<h1 class=\"h1  mb-40 md:mb-60\">\n\n\t\tKsi\u0119gowo\u015b\u0107 online \u2013 \u0142\u00f3dzkie\n\n\t<\/h1>\n\t\t\t\n\t\t\t<div class=\"seo_section-description paragraph-m text-content\">\n\n\t\t\t\t<p>Prowadzisz dzia\u0142alno\u015b\u0107 gospodarcz\u0105 na terenie wojew\u00f3dztwa \u0142\u00f3dzkiego? Zamiast traci\u0107 czas na dojazdy do biura rachunkowego, postaw na nowoczesne rozwi\u0105zania. Open Profit oferuje ksi\u0119gowo\u015b\u0107 online dla klient\u00f3w z \u0142\u00f3dzkiego \u2013 prowadzon\u0105 przez realnych specjalist\u00f3w, nie przez aplikacj\u0119.<\/p>\n<p>Wsp\u00f3\u0142pracujemy z jednoosobowymi dzia\u0142alno\u015bciami, sp\u00f3\u0142kami z o.o., firmami us\u0142ugowymi, podmiotami z bran\u017cy e-commerce i freelancerami na B2B. Obs\u0142ugujemy klient\u00f3w z ca\u0142ej Polski ca\u0142kowicie zdalnie. Dokumenty przekazujesz nam przez Dropbox, a kontakt z przypisanym opiekunem odbywa si\u0119 mailowo, telefonicznie lub podczas spotka\u0144 online. Dzi\u0119ki temu mo\u017cesz oszcz\u0119dza\u0107 czas, a jednocze\u015bnie w ka\u017cdej chwili masz dost\u0119p do wsparcia w zakresie rozlicze\u0144.<\/p>\n<h2>Ksi\u0119gowo\u015b\u0107 \u0142\u00f3dzkie \u2013 realne wsparcie, a nie zautomatyzowana aplikacja<\/h2>\n<p>W \u0142\u00f3dzkim, zgodnie z danymi GUS, dzia\u0142a ponad 290 000 aktywnych firm, a przeci\u0119tne wynagrodzenie brutto w sektorze przedsi\u0119biorstw wynosi 7 936,04 z\u0142 (stan na luty 2025 roku). Region ma du\u017cy potencja\u0142 i coraz wi\u0119cej w\u0142a\u015bcicieli firm rezygnuje tam z klasycznych rozlicze\u0144 na rzecz ksi\u0119gowo\u015bci prowadzonej online, \u017ceby mie\u0107 wi\u0119cej czasu na rozw\u00f3j firmy. Je\u015bli jeste\u015b jednym z nich, wybierz Open Profit. Dlaczego warto z nami wsp\u00f3\u0142pracowa\u0107?<\/p>\n<ul>\n<li>W przeciwie\u0144stwie do popularnych platform nie sprzedajemy systemu do ksi\u0119gowania.<\/li>\n<li>Nie zatrudniamy zewn\u0119trznych podwykonawc\u00f3w.<\/li>\n<li>Ksi\u0119gowo\u015b\u0107 firm z \u0142\u00f3dzkiego i z ca\u0142ej Polski jest prowadzona przez naszych pracownik\u00f3w, kt\u00f3rzy s\u0105 odpowiedzialni za proces obs\u0142ugi konkretnego podmiotu.<\/li>\n<li><strong>Tw\u00f3j ksi\u0119gowy zna Twoj\u0105 bran\u017c\u0119, sytuacj\u0119 i plan rozwoju \u2013 to realne wsparcie, nie automatyczne odpowiedzi i suche wyliczenia.<\/strong><\/li>\n<\/ul>\n<h2>Us\u0142ugi ksi\u0119gowe \u0142\u00f3dzkie \u2013 wygodnie i bezpiecznie<\/h2>\n<p>Dzi\u0119ki wsp\u00f3\u0142pracy zdalnej nie musisz szuka\u0107 biura w Twojej okolicy. Niezale\u017cnie od tego, czy prowadzisz firm\u0119 w \u0141odzi, Piotrkowie Trybunalskim, Zgierzu czy mniejszej miejscowo\u015bci \u2013 otrzymujesz ten sam, najwy\u017cszy standard obs\u0142ugi. W ramach oferty zapewniamy:<\/p>\n<ul>\n<li>prowadzenie ksi\u0119gowo\u015bci uproszczonej (KPiR) i pe\u0142nej (ksi\u0119gi rachunkowe),<\/li>\n<li>obs\u0142ug\u0119 kadrowo-p\u0142acow\u0105,<\/li>\n<li>prowadzenie rejestr\u00f3w VAT,<\/li>\n<li>pomoc w zak\u0142adaniu dzia\u0142alno\u015bci lub sp\u00f3\u0142ki,<\/li>\n<li>rekomendacje podatkowe i prawne,<\/li>\n<li>indywidualne podej\u015bcie,<\/li>\n<li>kontakt z przypisanym opiekunem na ka\u017cdym etapie wsp\u00f3\u0142pracy i przez ca\u0142y miesi\u0105c.<\/li>\n<\/ul>\n<p>Dzi\u0119ki temu mo\u017cesz skupi\u0107 si\u0119 na prowadzeniu firmy, maj\u0105c pewno\u015b\u0107, \u017ce sprawy ksi\u0119gowe s\u0105 w dobrych r\u0119kach. Wsp\u00f3\u0142praca z nami to przejrzysto\u015b\u0107, bezpiecze\u0144stwo i realna oszcz\u0119dno\u015b\u0107 czasu.<\/p>\n<p>Zapraszamy do zapoznania si\u0119 z ofert\u0105 i do kontaktu.<\/p>\n        <div class=\"region-children-container\">\n            <div class=\"region-children-grid\">\n                                <div class=\"region-child-item\">\n                    <a href=\"https:\/\/openprofit.pl\/lodzkie\/biuro-rachunkowe-kutno\/\" class=\"region-child-link\">\n                        <div class=\"region-child-icon\">\n                            <img decoding=\"async\" src=\"https:\/\/openprofit.pl\/wp-content\/uploads\/2022\/12\/konto-ikona.svg\" alt=\"Ikona lokalizacji\">\n                        <\/div>\n                        <div class=\"region-child-name\">Biuro rachunkowe \u2013 Kutno<\/div>\n                    <\/a>\n                <\/div>\n                                <div class=\"region-child-item\">\n                    <a href=\"https:\/\/openprofit.pl\/lodzkie\/biuro-rachunkowe-lodz\/\" class=\"region-child-link\">\n                        <div class=\"region-child-icon\">\n                            <img decoding=\"async\" src=\"https:\/\/openprofit.pl\/wp-content\/uploads\/2022\/12\/konto-ikona.svg\" alt=\"Ikona lokalizacji\">\n                        <\/div>\n                        <div class=\"region-child-name\">Biuro rachunkowe \u2013 \u0141\u00f3d\u017a<\/div>\n                    <\/a>\n                <\/div>\n                                <div class=\"region-child-item\">\n                    <a href=\"https:\/\/openprofit.pl\/lodzkie\/biuro-rachunkowe-zgierz\/\" class=\"region-child-link\">\n                        <div class=\"region-child-icon\">\n                            <img decoding=\"async\" src=\"https:\/\/openprofit.pl\/wp-content\/uploads\/2022\/12\/konto-ikona.svg\" alt=\"Ikona lokalizacji\">\n                        <\/div>\n                        <div class=\"region-child-name\">Biuro rachunkowe \u2013 Zgierz<\/div>\n                    <\/a>\n                <\/div>\n                            <\/div>\n        <\/div>\n\n        <style>\n            .region-children-container {\n                width: 100%;\n                max-width: 1320px;\n                margin: 40px auto;\n                padding: 0 15px;\n            }\n\n            .region-children-grid {\n                display: flex;\n                flex-wrap: wrap;\n                justify-content: center;\n                margin: 0 -15px;\n            }\n\n            .region-child-item {\n                flex: 0 0 280px;\n                width: 280px;\n                padding: 0 15px;\n                margin-bottom: 30px;\n            }\n\n            .region-child-link {\n                display: flex;\n                align-items: center;\n                justify-content: center;\n                padding: 20px;\n                height: 80px;\n                background: #f8fcfd;\n                border: 1px solid #e0f2f4;\n                border-radius: 8px;\n                transition: all 0.3s ease;\n                text-decoration: none !important;\n                color: #4a5568;\n                text-align: center;\n            }\n\n            .region-child-link:hover {\n                transform: translateY(-2px);\n                box-shadow: 0 8px 25px rgba(139, 216, 211, 0.3);\n                background: #ffffff;\n                border-color: #8bd8d3;\n                color: #2d3748;\n            }\n\n            .region-child-icon {\n                flex: 0 0 28px;\n                margin-right: 15px;\n            }\n\n            .region-child-icon img {\n                width: 28px;\n                height: 28px;\n                display: block;\n                filter: brightness(0) saturate(100%) invert(40%) sepia(8%) saturate(977%) hue-rotate(184deg) brightness(94%) contrast(86%);\n                transition: filter 0.3s ease;\n            }\n\n            .region-child-link:hover .region-child-icon img {\n                filter: brightness(0) saturate(100%) invert(71%) sepia(29%) saturate(463%) hue-rotate(122deg) brightness(96%) contrast(87%);\n            }\n\n            .region-child-name {\n                font-size: 16px;\n                font-weight: 500;\n                line-height: 1.3;\n                color: inherit;\n            }\n\n            @media (max-width: 1280px) {\n                .region-child-item {\n                    flex: 0 0 260px;\n                    width: 260px;\n                }\n            }\n\n            @media (max-width: 768px) {\n                .region-child-item {\n                    flex: 0 0 240px;\n                    width: 240px;\n                }\n\n                .region-child-link {\n                    padding: 15px;\n                    height: 70px;\n                }\n\n                .region-child-name {\n                    font-size: 15px;\n                }\n\n                .region-child-icon {\n                    flex: 0 0 24px;\n                    margin-right: 12px;\n                }\n\n                .region-child-icon img {\n                    width: 24px;\n                    height: 24px;\n                }\n            }\n\n            @media (max-width: 480px) {\n                .region-child-item {\n                    flex: 0 0 100%;\n                    width: 100%;\n                    max-width: 280px;\n                }\n            }\n        <\/style>\n        \n\n\t\t\t<\/div>\n\n\t\t<\/div>\n\t<\/div>\n\t\n<\/section>\n","protected":false},"excerpt":{"rendered":"","protected":false},"author":13,"featured_media":0,"parent":0,"menu_order":0,"comment_status":"closed","ping_status":"closed","template":"","meta":{"_acf_changed":false,"inline_featured_image":false,"editor_plus_copied_stylings":"{}","footnotes":""},"class_list":["post-2859","page","type-page","status-publish","hentry"],"acf":[],"yoast_head":"<!-- This site is optimized with the Yoast SEO plugin v27.4 - https:\/\/yoast.com\/product\/yoast-seo-wordpress\/ -->\n<title>Ksi\u0119gowo\u015b\u0107 online \u2013 \u0142\u00f3dzkie | biuro rachunkowe i podatkowe - us\u0142ugi ksi\u0119gowe | openprofit.pl<\/title>\n<meta name=\"description\" content=\"Oferujemy us\u0142ugi ksi\u0119gowe online dla firm z \u0142\u00f3dzkiego \u2013 JDG i sp\u00f3\u0142ek. Pomo\u017cemy Ci za\u0142o\u017cy\u0107 dzia\u0142alno\u015b\u0107, zajmiemy si\u0119 rozliczeniami, kadrami i p\u0142acami.\" \/>\n<meta name=\"robots\" content=\"index, follow, max-snippet:-1, max-image-preview:large, max-video-preview:-1\" \/>\n<link rel=\"canonical\" href=\"https:\/\/openprofit.pl\/lodzkie\/\" \/>\n<meta property=\"og:locale\" content=\"pl_PL\" \/>\n<meta property=\"og:type\" content=\"article\" \/>\n<meta property=\"og:title\" content=\"Ksi\u0119gowo\u015b\u0107 online \u2013 \u0142\u00f3dzkie | biuro rachunkowe i podatkowe - us\u0142ugi ksi\u0119gowe | openprofit.pl\" \/>\n<meta property=\"og:description\" content=\"Oferujemy us\u0142ugi ksi\u0119gowe online dla firm z \u0142\u00f3dzkiego \u2013 JDG i sp\u00f3\u0142ek. Pomo\u017cemy Ci za\u0142o\u017cy\u0107 dzia\u0142alno\u015b\u0107, zajmiemy si\u0119 rozliczeniami, kadrami i p\u0142acami.\" \/>\n<meta property=\"og:url\" content=\"https:\/\/openprofit.pl\/lodzkie\/\" \/>\n<meta property=\"og:site_name\" content=\"openprofit.pl\" \/>\n<meta property=\"article:modified_time\" content=\"2025-05-27T11:42:58+00:00\" \/>\n<meta name=\"twitter:card\" content=\"summary_large_image\" \/>\n<!-- \/ Yoast SEO plugin. -->","yoast_head_json":{"title":"Ksi\u0119gowo\u015b\u0107 online \u2013 \u0142\u00f3dzkie | biuro rachunkowe i podatkowe - us\u0142ugi ksi\u0119gowe | openprofit.pl","description":"Oferujemy us\u0142ugi ksi\u0119gowe online dla firm z \u0142\u00f3dzkiego \u2013 JDG i sp\u00f3\u0142ek. Pomo\u017cemy Ci za\u0142o\u017cy\u0107 dzia\u0142alno\u015b\u0107, zajmiemy si\u0119 rozliczeniami, kadrami i p\u0142acami.","robots":{"index":"index","follow":"follow","max-snippet":"max-snippet:-1","max-image-preview":"max-image-preview:large","max-video-preview":"max-video-preview:-1"},"canonical":"https:\/\/openprofit.pl\/lodzkie\/","og_locale":"pl_PL","og_type":"article","og_title":"Ksi\u0119gowo\u015b\u0107 online \u2013 \u0142\u00f3dzkie | biuro rachunkowe i podatkowe - us\u0142ugi ksi\u0119gowe | openprofit.pl","og_description":"Oferujemy us\u0142ugi ksi\u0119gowe online dla firm z \u0142\u00f3dzkiego \u2013 JDG i sp\u00f3\u0142ek. Pomo\u017cemy Ci za\u0142o\u017cy\u0107 dzia\u0142alno\u015b\u0107, zajmiemy si\u0119 rozliczeniami, kadrami i p\u0142acami.","og_url":"https:\/\/openprofit.pl\/lodzkie\/","og_site_name":"openprofit.pl","article_modified_time":"2025-05-27T11:42:58+00:00","twitter_card":"summary_large_image","schema":{"@context":"https:\/\/schema.org","@graph":[{"@type":"WebPage","@id":"https:\/\/openprofit.pl\/lodzkie\/","url":"https:\/\/openprofit.pl\/lodzkie\/","name":"Ksi\u0119gowo\u015b\u0107 online \u2013 \u0142\u00f3dzkie | biuro rachunkowe i podatkowe - us\u0142ugi ksi\u0119gowe | openprofit.pl","isPartOf":{"@id":"https:\/\/openprofit.pl\/#website"},"datePublished":"2025-05-01T07:42:53+00:00","dateModified":"2025-05-27T11:42:58+00:00","description":"Oferujemy us\u0142ugi ksi\u0119gowe online dla firm z \u0142\u00f3dzkiego \u2013 JDG i sp\u00f3\u0142ek. Pomo\u017cemy Ci za\u0142o\u017cy\u0107 dzia\u0142alno\u015b\u0107, zajmiemy si\u0119 rozliczeniami, kadrami i p\u0142acami.","breadcrumb":{"@id":"https:\/\/openprofit.pl\/lodzkie\/#breadcrumb"},"inLanguage":"pl-PL","potentialAction":[{"@type":"ReadAction","target":["https:\/\/openprofit.pl\/lodzkie\/"]}]},{"@type":"BreadcrumbList","@id":"https:\/\/openprofit.pl\/lodzkie\/#breadcrumb","itemListElement":[{"@type":"ListItem","position":1,"name":"Strona g\u0142\u00f3wna","item":"https:\/\/openprofit.pl\/"},{"@type":"ListItem","position":2,"name":"Ksi\u0119gowo\u015b\u0107 online \u2013 \u0142\u00f3dzkie"}]},{"@type":"WebSite","@id":"https:\/\/openprofit.pl\/#website","url":"https:\/\/openprofit.pl\/","name":"openprofit.pl","description":"Twoje zdalne biuro rachunkowe","potentialAction":[{"@type":"SearchAction","target":{"@type":"EntryPoint","urlTemplate":"https:\/\/openprofit.pl\/?s={search_term_string}"},"query-input":{"@type":"PropertyValueSpecification","valueRequired":true,"valueName":"search_term_string"}}],"inLanguage":"pl-PL"}]}},"gutenberg_blocks":[{"blockName":"custom-styles","attrs":{"styles":""}},{"blockName":"acf\/seo-section","attrs":{"container":"","disable_contact_section_above_footer":false,"schema_faq":""},"innerBlocks":[],"innerHTML":"","innerContent":[]}],"meta_data":{"container":"","disable_contact_section_above_footer":false,"schema_faq":""},"_links":{"self":[{"href":"https:\/\/openprofit.pl\/index.php\/wp-json\/wp\/v2\/pages\/2859","targetHints":{"allow":["GET"]}}],"collection":[{"href":"https:\/\/openprofit.pl\/index.php\/wp-json\/wp\/v2\/pages"}],"about":[{"href":"https:\/\/openprofit.pl\/index.php\/wp-json\/wp\/v2\/types\/page"}],"author":[{"embeddable":true,"href":"https:\/\/openprofit.pl\/index.php\/wp-json\/wp\/v2\/users\/13"}],"replies":[{"embeddable":true,"href":"https:\/\/openprofit.pl\/index.php\/wp-json\/wp\/v2\/comments?post=2859"}],"version-history":[{"count":3,"href":"https:\/\/openprofit.pl\/index.php\/wp-json\/wp\/v2\/pages\/2859\/revisions"}],"predecessor-version":[{"id":3459,"href":"https:\/\/openprofit.pl\/index.php\/wp-json\/wp\/v2\/pages\/2859\/revisions\/3459"}],"wp:attachment":[{"href":"https:\/\/openprofit.pl\/index.php\/wp-json\/wp\/v2\/media?parent=2859"}],"curies":[{"name":"wp","href":"https:\/\/api.w.org\/{rel}","templated":true}]}}