{"id":2854,"date":"2025-04-30T09:37:39","date_gmt":"2025-04-30T07:37:39","guid":{"rendered":"https:\/\/openprofit.pl\/?page_id=2854"},"modified":"2025-05-27T13:43:36","modified_gmt":"2025-05-27T11:43:36","slug":"lubuskie","status":"publish","type":"page","link":"https:\/\/openprofit.pl\/lubuskie\/","title":{"rendered":"Us\u0142ugi ksi\u0119gowe online \u2013 lubuskie"},"content":{"rendered":"\n<section class=\"seo_section relative container section-margin\">\n\t\t\t<div class=\"flex flex-col w-full max-w-[113.2rem] justify-center mx-auto breadcrumbsSpace\">\n\t\t\t<div class=\"breadcrumbs mb-19 lg:mb-39 mx-auto max-w-full\">\n\t\t\t\t<div class=\"breadcrumbs__inner flex md:w-full\">\n\t\t\t\t\t<span><span><a href=\"https:\/\/openprofit.pl\/\">Strona g\u0142\u00f3wna<\/a><\/span><\/span>\n\t\t\t\t<\/div>\n\t\t\t<\/div>\n\t\t<\/div>\n\t\t<div class=\"text-center\">\n\t\t\n\t\t<div class=\"flex flex-col w-full max-w-[113.2rem] justify-center mx-auto\">\n\n\t\t\t\t\t\t\t\t<h1 class=\"h1  mb-40 md:mb-60\">\n\n\t\tUs\u0142ugi ksi\u0119gowe online \u2013 lubuskie\n\n\t<\/h1>\n\t\t\t\n\t\t\t<div class=\"seo_section-description paragraph-m text-content\">\n\n\t\t\t\t<p>Prowadzisz dzia\u0142alno\u015b\u0107 w wojew\u00f3dztwie lubuskim i szukasz sprawdzonego biura rachunkowego? Open Profit oferuje nowoczesne us\u0142ugi ksi\u0119gowe online dla firm z ca\u0142ego regionu \u2013 bez wzgl\u0119du na ich form\u0119 prawn\u0105 czy bran\u017c\u0119, w kt\u00f3rej dzia\u0142aj\u0105. Obs\u0142ugujemy jednoosobowe dzia\u0142alno\u015bci, sp\u00f3\u0142ki z o.o., sp\u00f3\u0142ki cywilne, a tak\u017ce specjalist\u00f3w na kontraktach B2B. Wszystko odbywa si\u0119 w 100% zdalnie \u2013 bez konieczno\u015bci dojazd\u00f3w, stania w kolejkach i prowadzenia papierowej dokumentacji.<\/p>\n<p>Zamiast samodzielnie prowadzi\u0107 ksi\u0119gowo\u015b\u0107 w aplikacji, przekazujesz j\u0105 do\u015bwiadczonemu ksi\u0119gowemu z naszego zespo\u0142u. Przydzielimy Ci osobistego opiekuna, kt\u00f3ry b\u0119dzie zna\u0107 Twoj\u0105 firm\u0119, prowadzi\u0107 rozliczenia i b\u0119dzie do Twojej dyspozycji w razie pyta\u0144.<\/p>\n<p>Us\u0142ugi ksi\u0119gowe dla klient\u00f3w z lubuskiego i z ca\u0142ej Polski prowadzimy z pe\u0142n\u0105 odpowiedzialno\u015bci\u0105 i skrupulatno\u015bci\u0105. <strong>Mamy polis\u0119 OC na ponad milion z\u0142otych, kt\u00f3ra zabezpiecza interesy przedsi\u0119biorc\u00f3w i zapewnia im ochron\u0119 finansow\u0105 przed ewentualnymi b\u0142\u0119dami.<\/strong><\/p>\n<h2>Ksi\u0119gowo\u015b\u0107 lubuskie \u2013 nowoczesne rozwi\u0105zania dla lokalnych firm<\/h2>\n<p>Lubuskie to jedno z najmniejszych wojew\u00f3dztw pod wzgl\u0119dem liczby ludno\u015bci, ale pr\u0119\u017cnie rozwijaj\u0105ce si\u0119 pod wzgl\u0119dem gospodarczym. W Open Profit odpowiadamy na potrzeby w\u0142a\u015bcicieli firm z miast takich jak Zielona G\u00f3ra, Gorz\u00f3w Wielkopolski czy Nowa S\u00f3l \u2013 oraz z mniejszych miejscowo\u015bci. Ksi\u0119gowo\u015b\u0107 online w lubuskim to propozycja dla tych, kt\u00f3rzy ceni\u0105 wygod\u0119, oszcz\u0119dno\u015b\u0107 czasu i bezpo\u015bredni kontakt ze swoim ksi\u0119gowym, bez konieczno\u015bci realizowania wizyt w biurze.<\/p>\n<h2>Us\u0142ugi ksi\u0119gowe lubuskie \u2013 oferta<\/h2>\n<p>Decyduj\u0105c si\u0119 na wsp\u00f3\u0142prac\u0119 z Open Profit, nie kupujesz oprogramowania do samodzielnego ksi\u0119gowania. Nie zlecamy te\u017c pracy zewn\u0119trznym ksi\u0119gowym. Wszystko realizujemy we w\u0142asnym zespole \u2013 znamy jego kwalifikacje i dbamy o aktualn\u0105 wiedz\u0119. Tw\u00f3j opiekun ksi\u0119gowy prowadzi ksi\u0119gi, odpowiada za kontakt z urz\u0119dami i na bie\u017c\u0105co informuje Ci\u0119 o wa\u017cnych zmianach prawnych. Mo\u017cesz si\u0119 z nim w ka\u017cdej chwili skontaktowa\u0107.<\/p>\n<p>Nasze us\u0142ugi ksi\u0119gowe obejmuj\u0105:<\/p>\n<ul>\n<li>pe\u0142n\u0105 ksi\u0119gowo\u015b\u0107 i ksi\u0119gowo\u015b\u0107 uproszczon\u0105 (KPiR, ksi\u0119gi rachunkowe),<\/li>\n<li>obs\u0142ug\u0119 kadrowo-p\u0142acow\u0105 (m.in. listy p\u0142ac, umowy, PIT, ZUS),<\/li>\n<li>prowadzenie rejestr\u00f3w VAT,<\/li>\n<li>rekomendacje podatkowe i prawne w ramach prowadzonej dzia\u0142alno\u015bci,<\/li>\n<li>pomoc przy zak\u0142adaniu firmy lub sp\u00f3\u0142ki,<\/li>\n<li>sta\u0142y kontakt z indywidualnym opiekunem i przesy\u0142anie dokument\u00f3w online (przez Dropbox).<\/li>\n<\/ul>\n<p>Dzia\u0142amy zdalnie, ale zawsze jeste\u015bmy blisko naszych klient\u00f3w \u2013 zapewniaj\u0105c realne wsparcie, szybk\u0105 reakcj\u0119 i indywidualne podej\u015bcie do potrzeb.<\/p>\n<h2>Sprawd\u017a, jak dzia\u0142a zdalna ksi\u0119gowo\u015b\u0107 dla przedsi\u0119biorc\u00f3w z lubuskiego<\/h2>\n<p>Je\u015bli chcesz prowadzi\u0107 firm\u0119 bez stresu zwi\u0105zanego z ksi\u0119gowo\u015bci\u0105, skorzystaj z naszej oferty. Wystarczy jedno spotkanie online, by dowiedzie\u0107 si\u0119, jak wygl\u0105da wsp\u00f3\u0142praca z Open Profit i w jaki spos\u00f3b mo\u017cemy dostosowa\u0107 us\u0142ugi do Twojej dzia\u0142alno\u015bci.<\/p>\n<p>Postaw na ksi\u0119gowo\u015b\u0107 online, kt\u00f3ra nie opiera si\u0119 na samodzielnym klikaniu w systemie, ale na wsparciu do\u015bwiadczonych ksi\u0119gowych.<\/p>\n        <div class=\"region-children-container\">\n            <div class=\"region-children-grid\">\n                                <div class=\"region-child-item\">\n                    <a href=\"https:\/\/openprofit.pl\/lubuskie\/biuro-rachunkowe-zielona-gora\/\" class=\"region-child-link\">\n                        <div class=\"region-child-icon\">\n                            <img decoding=\"async\" src=\"https:\/\/openprofit.pl\/wp-content\/uploads\/2022\/12\/konto-ikona.svg\" alt=\"Ikona lokalizacji\">\n                        <\/div>\n                        <div class=\"region-child-name\">Biuro rachunkowe \u2013 Zielona G\u00f3ra<\/div>\n                    <\/a>\n                <\/div>\n                            <\/div>\n        <\/div>\n\n        <style>\n            .region-children-container {\n                width: 100%;\n                max-width: 1320px;\n                margin: 40px auto;\n                padding: 0 15px;\n            }\n\n            .region-children-grid {\n                display: flex;\n                flex-wrap: wrap;\n                justify-content: center;\n                margin: 0 -15px;\n            }\n\n            .region-child-item {\n                flex: 0 0 280px;\n                width: 280px;\n                padding: 0 15px;\n                margin-bottom: 30px;\n            }\n\n            .region-child-link {\n                display: flex;\n                align-items: center;\n                justify-content: center;\n                padding: 20px;\n                height: 80px;\n                background: #f8fcfd;\n                border: 1px solid #e0f2f4;\n                border-radius: 8px;\n                transition: all 0.3s ease;\n                text-decoration: none !important;\n                color: #4a5568;\n                text-align: center;\n            }\n\n            .region-child-link:hover {\n                transform: translateY(-2px);\n                box-shadow: 0 8px 25px rgba(139, 216, 211, 0.3);\n                background: #ffffff;\n                border-color: #8bd8d3;\n                color: #2d3748;\n            }\n\n            .region-child-icon {\n                flex: 0 0 28px;\n                margin-right: 15px;\n            }\n\n            .region-child-icon img {\n                width: 28px;\n                height: 28px;\n                display: block;\n                filter: brightness(0) saturate(100%) invert(40%) sepia(8%) saturate(977%) hue-rotate(184deg) brightness(94%) contrast(86%);\n                transition: filter 0.3s ease;\n            }\n\n            .region-child-link:hover .region-child-icon img {\n                filter: brightness(0) saturate(100%) invert(71%) sepia(29%) saturate(463%) hue-rotate(122deg) brightness(96%) contrast(87%);\n            }\n\n            .region-child-name {\n                font-size: 16px;\n                font-weight: 500;\n                line-height: 1.3;\n                color: inherit;\n            }\n\n            @media (max-width: 1280px) {\n                .region-child-item {\n                    flex: 0 0 260px;\n                    width: 260px;\n                }\n            }\n\n            @media (max-width: 768px) {\n                .region-child-item {\n                    flex: 0 0 240px;\n                    width: 240px;\n                }\n\n                .region-child-link {\n                    padding: 15px;\n                    height: 70px;\n                }\n\n                .region-child-name {\n                    font-size: 15px;\n                }\n\n                .region-child-icon {\n                    flex: 0 0 24px;\n                    margin-right: 12px;\n                }\n\n                .region-child-icon img {\n                    width: 24px;\n                    height: 24px;\n                }\n            }\n\n            @media (max-width: 480px) {\n                .region-child-item {\n                    flex: 0 0 100%;\n                    width: 100%;\n                    max-width: 280px;\n                }\n            }\n        <\/style>\n        \n\n\t\t\t<\/div>\n\n\t\t<\/div>\n\t<\/div>\n\t\n<\/section>\n","protected":false},"excerpt":{"rendered":"","protected":false},"author":13,"featured_media":0,"parent":0,"menu_order":0,"comment_status":"closed","ping_status":"closed","template":"","meta":{"_acf_changed":false,"inline_featured_image":false,"editor_plus_copied_stylings":"{}","footnotes":""},"class_list":["post-2854","page","type-page","status-publish","hentry"],"acf":[],"yoast_head":"<!-- This site is optimized with the Yoast SEO plugin v27.4 - https:\/\/yoast.com\/product\/yoast-seo-wordpress\/ -->\n<title>Us\u0142ugi ksi\u0119gowe online \u2013 lubuskie | biuro rachunkowe i podatkowe - us\u0142ugi ksi\u0119gowe | openprofit.pl<\/title>\n<meta name=\"description\" content=\"Oferujemy ksi\u0119gowo\u015b\u0107 online firmom z lubuskiego. Pomo\u017cemy Ci za\u0142o\u017cy\u0107 dzia\u0142alno\u015b\u0107, zajmiemy si\u0119 rozliczeniami, kadrami i p\u0142acami. Sprawd\u017a ofert\u0119.\" \/>\n<meta name=\"robots\" content=\"index, follow, max-snippet:-1, max-image-preview:large, max-video-preview:-1\" \/>\n<link rel=\"canonical\" href=\"https:\/\/openprofit.pl\/lubuskie\/\" \/>\n<meta property=\"og:locale\" content=\"pl_PL\" \/>\n<meta property=\"og:type\" content=\"article\" \/>\n<meta property=\"og:title\" content=\"Us\u0142ugi ksi\u0119gowe online \u2013 lubuskie | biuro rachunkowe i podatkowe - us\u0142ugi ksi\u0119gowe | openprofit.pl\" \/>\n<meta property=\"og:description\" content=\"Oferujemy ksi\u0119gowo\u015b\u0107 online firmom z lubuskiego. Pomo\u017cemy Ci za\u0142o\u017cy\u0107 dzia\u0142alno\u015b\u0107, zajmiemy si\u0119 rozliczeniami, kadrami i p\u0142acami. Sprawd\u017a ofert\u0119.\" \/>\n<meta property=\"og:url\" content=\"https:\/\/openprofit.pl\/lubuskie\/\" \/>\n<meta property=\"og:site_name\" content=\"openprofit.pl\" \/>\n<meta property=\"article:modified_time\" content=\"2025-05-27T11:43:36+00:00\" \/>\n<meta name=\"twitter:card\" content=\"summary_large_image\" \/>\n<!-- \/ Yoast SEO plugin. -->","yoast_head_json":{"title":"Us\u0142ugi ksi\u0119gowe online \u2013 lubuskie | biuro rachunkowe i podatkowe - us\u0142ugi ksi\u0119gowe | openprofit.pl","description":"Oferujemy ksi\u0119gowo\u015b\u0107 online firmom z lubuskiego. Pomo\u017cemy Ci za\u0142o\u017cy\u0107 dzia\u0142alno\u015b\u0107, zajmiemy si\u0119 rozliczeniami, kadrami i p\u0142acami. Sprawd\u017a ofert\u0119.","robots":{"index":"index","follow":"follow","max-snippet":"max-snippet:-1","max-image-preview":"max-image-preview:large","max-video-preview":"max-video-preview:-1"},"canonical":"https:\/\/openprofit.pl\/lubuskie\/","og_locale":"pl_PL","og_type":"article","og_title":"Us\u0142ugi ksi\u0119gowe online \u2013 lubuskie | biuro rachunkowe i podatkowe - us\u0142ugi ksi\u0119gowe | openprofit.pl","og_description":"Oferujemy ksi\u0119gowo\u015b\u0107 online firmom z lubuskiego. Pomo\u017cemy Ci za\u0142o\u017cy\u0107 dzia\u0142alno\u015b\u0107, zajmiemy si\u0119 rozliczeniami, kadrami i p\u0142acami. Sprawd\u017a ofert\u0119.","og_url":"https:\/\/openprofit.pl\/lubuskie\/","og_site_name":"openprofit.pl","article_modified_time":"2025-05-27T11:43:36+00:00","twitter_card":"summary_large_image","schema":{"@context":"https:\/\/schema.org","@graph":[{"@type":"WebPage","@id":"https:\/\/openprofit.pl\/lubuskie\/","url":"https:\/\/openprofit.pl\/lubuskie\/","name":"Us\u0142ugi ksi\u0119gowe online \u2013 lubuskie | biuro rachunkowe i podatkowe - us\u0142ugi ksi\u0119gowe | openprofit.pl","isPartOf":{"@id":"https:\/\/openprofit.pl\/#website"},"datePublished":"2025-04-30T07:37:39+00:00","dateModified":"2025-05-27T11:43:36+00:00","description":"Oferujemy ksi\u0119gowo\u015b\u0107 online firmom z lubuskiego. Pomo\u017cemy Ci za\u0142o\u017cy\u0107 dzia\u0142alno\u015b\u0107, zajmiemy si\u0119 rozliczeniami, kadrami i p\u0142acami. Sprawd\u017a ofert\u0119.","breadcrumb":{"@id":"https:\/\/openprofit.pl\/lubuskie\/#breadcrumb"},"inLanguage":"pl-PL","potentialAction":[{"@type":"ReadAction","target":["https:\/\/openprofit.pl\/lubuskie\/"]}]},{"@type":"BreadcrumbList","@id":"https:\/\/openprofit.pl\/lubuskie\/#breadcrumb","itemListElement":[{"@type":"ListItem","position":1,"name":"Strona g\u0142\u00f3wna","item":"https:\/\/openprofit.pl\/"},{"@type":"ListItem","position":2,"name":"Us\u0142ugi ksi\u0119gowe online \u2013 lubuskie"}]},{"@type":"WebSite","@id":"https:\/\/openprofit.pl\/#website","url":"https:\/\/openprofit.pl\/","name":"openprofit.pl","description":"Twoje zdalne biuro rachunkowe","potentialAction":[{"@type":"SearchAction","target":{"@type":"EntryPoint","urlTemplate":"https:\/\/openprofit.pl\/?s={search_term_string}"},"query-input":{"@type":"PropertyValueSpecification","valueRequired":true,"valueName":"search_term_string"}}],"inLanguage":"pl-PL"}]}},"gutenberg_blocks":[{"blockName":"custom-styles","attrs":{"styles":""}},{"blockName":"acf\/seo-section","attrs":{"container":"","disable_contact_section_above_footer":false,"schema_faq":""},"innerBlocks":[],"innerHTML":"","innerContent":[]}],"meta_data":{"container":"","disable_contact_section_above_footer":false,"schema_faq":""},"_links":{"self":[{"href":"https:\/\/openprofit.pl\/index.php\/wp-json\/wp\/v2\/pages\/2854","targetHints":{"allow":["GET"]}}],"collection":[{"href":"https:\/\/openprofit.pl\/index.php\/wp-json\/wp\/v2\/pages"}],"about":[{"href":"https:\/\/openprofit.pl\/index.php\/wp-json\/wp\/v2\/types\/page"}],"author":[{"embeddable":true,"href":"https:\/\/openprofit.pl\/index.php\/wp-json\/wp\/v2\/users\/13"}],"replies":[{"embeddable":true,"href":"https:\/\/openprofit.pl\/index.php\/wp-json\/wp\/v2\/comments?post=2854"}],"version-history":[{"count":3,"href":"https:\/\/openprofit.pl\/index.php\/wp-json\/wp\/v2\/pages\/2854\/revisions"}],"predecessor-version":[{"id":3462,"href":"https:\/\/openprofit.pl\/index.php\/wp-json\/wp\/v2\/pages\/2854\/revisions\/3462"}],"wp:attachment":[{"href":"https:\/\/openprofit.pl\/index.php\/wp-json\/wp\/v2\/media?parent=2854"}],"curies":[{"name":"wp","href":"https:\/\/api.w.org\/{rel}","templated":true}]}}