{"id":2629,"date":"2024-09-23T13:15:28","date_gmt":"2024-09-23T11:15:28","guid":{"rendered":"https:\/\/openprofit.pl\/?page_id=2629"},"modified":"2025-06-09T09:21:17","modified_gmt":"2025-06-09T07:21:17","slug":"biuro-rachunkowe-slupsk","status":"publish","type":"page","link":"https:\/\/openprofit.pl\/pomorskie\/biuro-rachunkowe-slupsk\/","title":{"rendered":"Biuro rachunkowe \u2013 S\u0142upsk"},"content":{"rendered":"\n<section class=\"seo_section relative container section-margin\">\n\t\t\t<div class=\"flex flex-col w-full max-w-[113.2rem] justify-center mx-auto breadcrumbsSpace\">\n\t\t\t<div class=\"breadcrumbs mb-19 lg:mb-39 mx-auto max-w-full\">\n\t\t\t\t<div class=\"breadcrumbs__inner flex md:w-full\">\n\t\t\t\t\t<span><span><a href=\"https:\/\/openprofit.pl\/\">Strona g\u0142\u00f3wna<\/a><\/span><\/span>\n\t\t\t\t<\/div>\n\t\t\t<\/div>\n\t\t<\/div>\n\t\t<div class=\"text-center\">\n\t\t\n\t\t<div class=\"flex flex-col w-full max-w-[113.2rem] justify-center mx-auto\">\n\n\t\t\t\t\t\t\t\t<h1 class=\"h1  mb-40 md:mb-60\">\n\n\t\tBiuro rachunkowe \u2013 S\u0142upsk\n\n\t<\/h1>\n\t\t\t\n\t\t\t<div class=\"seo_section-description paragraph-m text-content\">\n\n\t\t\t\t<p>Prowadzisz firm\u0119 w S\u0142upsku i szukasz ksi\u0119gowego, kt\u00f3ry zajmie si\u0119 Twoimi sprawami? Biuro rachunkowe Open Profit to odpowied\u017a na Twoje potrzeby \u2013 dzia\u0142amy w 100% zdalnie, dlatego z nami nie musisz traci\u0107 czasu na dojazdy i dostarczanie papierowych dokument\u00f3w.<strong> Obs\u0142ugujemy mikro i ma\u0142e przedsi\u0119biorstwa ze S\u0142upska, kt\u00f3re prowadz\u0105 uproszczon\u0105 lub pe\u0142n\u0105 ksi\u0119gowo\u015b\u0107<\/strong>. S\u0142upsk to lokalizacja, w kt\u00f3rej mo\u017cesz r\u00f3wnie\u017c uzyska\u0107 profesjonalne wsparcie w obs\u0142udze kadrowo-p\u0142acowej i otrzyma\u0107 rekomendacje prawno-podatkowe. Do wsp\u00f3\u0142pracy zapraszamy ma\u0142e sp\u00f3\u0142ki, osoby na umowach B2B oraz jednoosobowe dzia\u0142alno\u015bci gospodarcze.<\/p>\n<p><span class=\"\">\n    <style>\n        .modernkb-wrapper {\n            margin: 20px 0;\n            padding: 0;\n        }\n        \n        .modernkb-button-container {\n            text-align: center;\n            margin: 30px auto 50px;\n        }\n        \n        .modernkb-cta-btn {\n            display: inline-flex !important;\n            align-items: center !important;\n            gap: 10px !important;\n            background-color: #7DD3C7 !important;\n            color: white !important;\n            border-radius: 6px !important;\n            padding: 16px 32px !important;\n            text-decoration: none !important;\n            font-weight: 600 !important;\n            font-size: 16px !important;\n            border: none !important;\n            box-shadow: 0 2px 8px rgba(125, 211, 199, 0.3) !important;\n            transition: all 0.3s ease !important;\n        }\n        \n        .modernkb-cta-btn:hover {\n            background-color: #6BC5B8 !important;\n            transform: translateY(-2px) !important;\n            box-shadow: 0 4px 12px rgba(125, 211, 199, 0.4) !important;\n            color: white !important;\n            text-decoration: none !important;\n        }\n        \n        .modernkb-header {\n            text-align: center;\n            margin-bottom: 40px;\n            font-size: 28px !important;\n            font-weight: 600 !important;\n            color: #2d3748 !important;\n            line-height: 1.3;\n        }\n        \n        .modernkb-grid {\n            display: grid;\n            grid-template-columns: repeat(auto-fit, minmax(250px, 1fr));\n            gap: 20px;\n            margin: 0;\n        }\n        \n        .modernkb-card {\n            background-color: #fff;\n            padding: 30px 20px;\n            border-radius: 8px;\n            box-shadow: 0 2px 10px rgba(0,0,0,0.08);\n            text-align: center;\n            border: 1px solid #e8e8e8;\n            transition: all 0.3s ease;\n            position: relative;\n            overflow: hidden;\n        }\n        \n        .modernkb-card::before {\n            content: \"\";\n            position: absolute;\n            top: 0;\n            left: 0;\n            right: 0;\n            height: 4px;\n            background: linear-gradient(90deg, #7DD3C7, #A8E6CF);\n            transform: scaleX(0);\n            transition: transform 0.3s ease;\n        }\n        \n        .modernkb-card:hover::before {\n            transform: scaleX(1);\n        }\n        \n        .modernkb-card:hover {\n            transform: translateY(-5px);\n            box-shadow: 0 8px 25px rgba(0,0,0,0.12);\n        }\n        \n        .modernkb-icon {\n            width: 60px;\n            height: 70px;\n            margin: 0 auto 20px;\n            display: flex;\n            align-items: center;\n            justify-content: center;\n            background-color: rgba(125, 211, 199, 0.08);\n            border-radius: 8px;\n            transition: all 0.3s ease;\n        }\n        \n        .modernkb-card:hover .modernkb-icon {\n            background-color: rgba(125, 211, 199, 0.15);\n            transform: scale(1.05);\n        }\n        \n        .modernkb-title {\n            font-size: 18px !important;\n            font-weight: 600 !important;\n            color: #2d3748 !important;\n            margin-bottom: 20px !important;\n            line-height: 1.4;\n            min-height: 50px;\n            display: flex;\n            align-items: center;\n            justify-content: center;\n            text-align: center;\n        }\n        \n        .modernkb-description {\n            background-color: #f8fafc;\n            padding: 20px;\n            border-radius: 6px;\n            font-size: 15px !important;\n            line-height: 1.6 !important;\n            color: #4a5568 !important;\n            text-align: center;\n        }\n        \n        .modernkb-highlight {\n            color: #7DD3C7 !important;\n            font-weight: 600;\n        }\n        \n        @media (max-width: 768px) {\n            .modernkb-grid {\n                grid-template-columns: 1fr;\n                gap: 16px;\n            }\n            \n            .modernkb-card {\n                padding: 25px 16px;\n            }\n            \n            .modernkb-header {\n                font-size: 24px !important;\n                margin-bottom: 30px;\n            }\n            \n            .modernkb-description {\n                padding: 16px;\n                font-size: 14px !important;\n            }\n            \n            .modernkb-title {\n                font-size: 16px !important;\n                min-height: 44px;\n            }\n        }\n    <\/style>\n        <div class=\"modernkb-wrapper\">\n        <div class=\"modernkb-button-container\">\n            <a href=\"\/o-nas\/\" target=\"\" class=\"modernkb-cta-btn\">\n                <span>Chc\u0119 pozna\u0107 Was bli\u017cej<\/span>\n                <svg xmlns=\"http:\/\/www.w3.org\/2000\/svg\" width=\"24\" height=\"24\" viewBox=\"0 0 32 32\" fill=\"none\">\n                    <path d=\"M21 3.03125L20.3438 3.75C18.875 5.36719 17.6641 6.08984 16.6562 6.5625C15.6484 7.03516 14.8008 7.17578 13.9688 7.8125C13.082 8.49219 11.793 9.79688 11.25 12.125C10.0859 12.3789 9.23438 12.8242 8.5625 13.4062C7.89844 13.9805 7.39844 14.6328 6.78125 15.3438C6.77734 15.3516 6.78516 15.3672 6.78125 15.375C5.89844 16.3906 5.125 17.4844 3.625 18.0625L3 18.3125V29H22.0625C23.1562 28.9414 23.9141 28.1836 24.375 27.4375C24.8359 26.6914 25.0898 25.8828 25.2188 25.2188C25.5508 23.5273 26.1562 18.6562 26.1562 18.6562L26.1875 18.5625V18.4688C26.1562 17.793 25.8789 17.2188 25.5312 16.6875L26.6562 13.3438L28.4375 10.6562L28.9375 9.9375L28.2812 9.34375L21.7188 3.65625L21 3.03125ZM21.0625 5.78125L26.2812 10.3125L24.9062 12.3438L24.8125 12.4375L24.7812 12.5938L23.875 15.2812C23.4023 15.0859 22.9141 14.9492 22.375 14.9688H22.3125L16 15H15V18.875C14.8594 19.9648 14.2539 20.3867 13.5 20.6875C13.25 20.7891 13.2188 20.7344 13 20.7812V14.9688C12.8359 11.2617 14.1562 10.1953 15.1875 9.40625C15.4727 9.1875 16.3086 8.93359 17.5 8.375C18.4961 7.90625 19.7344 7.06641 21.0625 5.78125ZM11.0625 14.375C11.0586 14.6016 10.9883 14.7617 11 15C11 15.0117 11 15.0195 11 15.0312V23H12C12 23 13.0703 22.9883 14.2188 22.5312C15.3672 22.0742 16.7539 21.0039 17 19.125V17L22.375 16.9688H22.4062C23.3281 16.918 24.0938 17.6172 24.1562 18.5312C24.1523 18.5469 24.1055 18.918 24.0938 19H20V21H23.8438C23.7383 21.7734 23.6406 22.2578 23.5312 23H20V25H23.2188C23.1133 25.4453 22.9023 25.9766 22.6562 26.375C22.3828 26.8203 22.1484 26.9883 21.9375 27H5V19.5312C6.62109 18.6719 7.62891 17.4336 8.28125 16.6875C8.95703 15.9141 9.42188 15.3281 9.875 14.9375C10.1719 14.6836 10.6367 14.5391 11.0625 14.375Z\" fill=\"white\"\/>\n                <\/svg>\n            <\/a>\n        <\/div>\n\n        <h2 class=\"modernkb-header\">Pomo\u017cemy Ci z:<\/h2>\n\n        <div class=\"modernkb-grid\">\n            <div class=\"modernkb-card\">\n                <div class=\"modernkb-icon\">\n                    <svg width=\"31\" height=\"37\" viewBox=\"0 0 31 37\" fill=\"none\" xmlns=\"http:\/\/www.w3.org\/2000\/svg\">\n    <path d=\"M15.0741 0C13.3504 0 12.1246 1.22049 11.5197 2.74074H0V37H30.1481V2.74074H18.6285C18.0236 1.22049 16.7977 0 15.0741 0ZM15.0741 2.74074C15.8342 2.74074 16.4444 3.35098 16.4444 4.11111V5.48148H20.5556V8.22222H9.59259V5.48148H13.7037V4.11111C13.7037 3.35098 14.3139 2.74074 15.0741 2.74074ZM2.74074 5.48148H6.85185V10.963H23.2963V5.48148H27.4074V34.2593H2.74074V5.48148ZM22.3113 15.4595L13.7037 24.0671L9.20718 19.5706L7.23727 21.5405L12.7188 27.022L13.7037 27.9641L14.6887 27.022L24.2812 17.4294L22.3113 15.4595Z\" fill=\"url(#paint0_linear_232_14034)\"><\/path>\n    <defs>\n    <linearGradient id=\"paint0_linear_232_14034\" x1=\"8.03574\" y1=\"18.5\" x2=\"22.0781\" y2=\"18.5\" gradientUnits=\"userSpaceOnUse\">\n    <stop stop-color=\"#7DD3C7\"><\/stop>\n    <stop offset=\"1\" stop-color=\"#A8E6CF\"><\/stop>\n    <\/linearGradient>\n    <\/defs>\n    <\/svg>                <\/div>\n                <h3 class=\"modernkb-title\">Ksi\u0119g\u0105 przychod\u00f3w i rozchod\u00f3w<\/h3>\n                <div class=\"modernkb-description\">\n                                            Profesjonalne prowadzenie KPiR z terminowo\u015bci\u0105 i zgodno\u015bci\u0105 z przepisami. Zaoszcz\u0119d\u017a czas i uniknij b\u0142\u0119d\u00f3w.\n                                    <\/div>\n            <\/div>\n\n            <div class=\"modernkb-card\">\n                <div class=\"modernkb-icon\">\n                    <svg width=\"31\" height=\"37\" viewBox=\"0 0 31 37\" fill=\"none\" xmlns=\"http:\/\/www.w3.org\/2000\/svg\">\n    <path d=\"M15.0741 0C13.3504 0 12.1246 1.22049 11.5197 2.74074H0V37H30.1481V2.74074H18.6285C18.0236 1.22049 16.7977 0 15.0741 0ZM15.0741 2.74074C15.8342 2.74074 16.4444 3.35098 16.4444 4.11111V5.48148H20.5556V8.22222H9.59259V5.48148H13.7037V4.11111C13.7037 3.35098 14.3139 2.74074 15.0741 2.74074ZM2.74074 5.48148H6.85185V10.963H23.2963V5.48148H27.4074V34.2593H2.74074V5.48148ZM22.3113 15.4595L13.7037 24.0671L9.20718 19.5706L7.23727 21.5405L12.7188 27.022L13.7037 27.9641L14.6887 27.022L24.2812 17.4294L22.3113 15.4595Z\" fill=\"url(#paint0_linear_232_14035)\"><\/path>\n    <defs>\n    <linearGradient id=\"paint0_linear_232_14035\" x1=\"8.03574\" y1=\"18.5\" x2=\"22.0781\" y2=\"18.5\" gradientUnits=\"userSpaceOnUse\">\n    <stop stop-color=\"#7DD3C7\"><\/stop>\n    <stop offset=\"1\" stop-color=\"#A8E6CF\"><\/stop>\n    <\/linearGradient>\n    <\/defs>\n    <\/svg>                <\/div>\n                <h3 class=\"modernkb-title\">Rycza\u0142tem ewidencjonowanym<\/h3>\n                <div class=\"modernkb-description\">\n                                            Kompleksowa obs\u0142uga rycza\u0142tu z <span class=\"modernkb-highlight\">optymalizacj\u0105 stawek<\/span> i terminowymi rozliczeniami.\n                                    <\/div>\n            <\/div>\n\n            <div class=\"modernkb-card\">\n                <div class=\"modernkb-icon\">\n                    <svg width=\"31\" height=\"37\" viewBox=\"0 0 31 37\" fill=\"none\" xmlns=\"http:\/\/www.w3.org\/2000\/svg\">\n    <path d=\"M15.0741 0C13.3504 0 12.1246 1.22049 11.5197 2.74074H0V37H30.1481V2.74074H18.6285C18.0236 1.22049 16.7977 0 15.0741 0ZM15.0741 2.74074C15.8342 2.74074 16.4444 3.35098 16.4444 4.11111V5.48148H20.5556V8.22222H9.59259V5.48148H13.7037V4.11111C13.7037 3.35098 14.3139 2.74074 15.0741 2.74074ZM2.74074 5.48148H6.85185V10.963H23.2963V5.48148H27.4074V34.2593H2.74074V5.48148ZM22.3113 15.4595L13.7037 24.0671L9.20718 19.5706L7.23727 21.5405L12.7188 27.022L13.7037 27.9641L14.6887 27.022L24.2812 17.4294L22.3113 15.4595Z\" fill=\"url(#paint0_linear_232_14036)\"><\/path>\n    <defs>\n    <linearGradient id=\"paint0_linear_232_14036\" x1=\"8.03574\" y1=\"18.5\" x2=\"22.0781\" y2=\"18.5\" gradientUnits=\"userSpaceOnUse\">\n    <stop stop-color=\"#7DD3C7\"><\/stop>\n    <stop offset=\"1\" stop-color=\"#A8E6CF\"><\/stop>\n    <\/linearGradient>\n    <\/defs>\n    <\/svg>                <\/div>\n                <h3 class=\"modernkb-title\">Kart\u0105 podatkow\u0105<\/h3>\n                <div class=\"modernkb-description\">\n                                            Sprawdzenie kwalifikacji, <span class=\"modernkb-highlight\">ocena op\u0142acalno\u015bci<\/span> i obs\u0142uga formalno\u015bci karty podatkowej.\n                                    <\/div>\n            <\/div>\n\n            <div class=\"modernkb-card\">\n                <div class=\"modernkb-icon\">\n                    <svg width=\"31\" height=\"37\" viewBox=\"0 0 31 37\" fill=\"none\" xmlns=\"http:\/\/www.w3.org\/2000\/svg\">\n    <path d=\"M15.0741 0C13.3504 0 12.1246 1.22049 11.5197 2.74074H0V37H30.1481V2.74074H18.6285C18.0236 1.22049 16.7977 0 15.0741 0ZM15.0741 2.74074C15.8342 2.74074 16.4444 3.35098 16.4444 4.11111V5.48148H20.5556V8.22222H9.59259V5.48148H13.7037V4.11111C13.7037 3.35098 14.3139 2.74074 15.0741 2.74074ZM2.74074 5.48148H6.85185V10.963H23.2963V5.48148H27.4074V34.2593H2.74074V5.48148ZM22.3113 15.4595L13.7037 24.0671L9.20718 19.5706L7.23727 21.5405L12.7188 27.022L13.7037 27.9641L14.6887 27.022L24.2812 17.4294L22.3113 15.4595Z\" fill=\"url(#paint0_linear_232_14037)\"><\/path>\n    <defs>\n    <linearGradient id=\"paint0_linear_232_14037\" x1=\"8.03574\" y1=\"18.5\" x2=\"22.0781\" y2=\"18.5\" gradientUnits=\"userSpaceOnUse\">\n    <stop stop-color=\"#7DD3C7\"><\/stop>\n    <stop offset=\"1\" stop-color=\"#A8E6CF\"><\/stop>\n    <\/linearGradient>\n    <\/defs>\n    <\/svg>                <\/div>\n                <h3 class=\"modernkb-title\">Pe\u0142n\u0105 ksi\u0119gowo\u015bci\u0105<\/h3>\n                <div class=\"modernkb-description\">\n                                            Kompleksowe prowadzenie ksi\u0105g rachunkowych &#8211; <span class=\"modernkb-highlight\">od zapis\u00f3w po sprawozdania<\/span>.\n                                    <\/div>\n            <\/div>\n        <\/div>\n    <\/div>\n    <\/span><\/p>\n<h2><strong>Biuro ksi\u0119gowe Open Profit \u2013 oferta dla S\u0142upska<\/strong><\/h2>\n<p>Ksi\u0119gowo\u015b\u0107 online to rozwi\u0105zanie dopasowane do potrzeb nowoczesnych przedsi\u0119biorc\u00f3w, kt\u00f3rzy ceni\u0105 sobie czas i wygod\u0119. Udowadniamy, \u017ce ksi\u0119gowa wcale nie musi pracowa\u0107 na miejscu w S\u0142upsku, by rzetelnie obs\u0142ugiwa\u0107 firm\u0119 \u2013 mikro i ma\u0142e przedsi\u0119biorstwa mog\u0105 z powodzeniem oddelegowa\u0107 ksi\u0119gowo\u015b\u0107 na zewn\u0105trz firmy i skupi\u0107 si\u0119 na rozwoju biznesu.<\/p>\n<p><strong>Sprawd\u017a, co mo\u017cemy dla Ciebie zrobi\u0107:<\/strong><\/p>\n<ul>\n<li><a href=\"https:\/\/openprofit.pl\/oferta\/uslugi-ksiegowe\/\">Us\u0142ugi ksi\u0119gowe<\/a> \u2013 nasza oferta to zar\u00f3wno ksi\u0119gowo\u015b\u0107 uproszczona, jak i pe\u0142na ksi\u0119gowo\u015b\u0107. S\u0142upsk jest miastem, w kt\u00f3rym zajmujemy si\u0119 r\u00f3wnie\u017c reprezentowaniem firm przed organami administracji.<\/li>\n<li><a href=\"https:\/\/openprofit.pl\/oferta\/kadry-i-place\/\">Kadry i p\u0142ace<\/a> \u2013 je\u015bli zatrudniasz pracownik\u00f3w w S\u0142upsku, sprawd\u017a nasz\u0105 ofert\u0119 kadrowo-p\u0142acow\u0105. Zajmujemy si\u0119 m.in. przygotowywaniem wzor\u00f3w um\u00f3w, naliczaniem wynagrodze\u0144, wysy\u0142k\u0105 deklaracji ZUS i PIT oraz prowadzeniem elektronicznych teczek osobowych.<\/li>\n<li><a href=\"https:\/\/openprofit.pl\/oferta\/uslugi-doradcze\/\">Us\u0142ugi doradcze<\/a> \u2013 biuro ksi\u0119gowe Open Profit oferuje rekomendacje prawno-podatkowe dla przedsi\u0119biorc\u00f3w, kt\u00f3rzy prowadz\u0105 dzia\u0142alno\u015b\u0107 w S\u0142upsku.<\/li>\n<li><a href=\"https:\/\/openprofit.pl\/oferta\/rejestracja-dzialalnosci-firmy\/\">Rejestracja firmy<\/a> \u2013 je\u015bli S\u0142upsk jest miastem, w kt\u00f3rym planujesz za\u0142o\u017cy\u0107 firm\u0119, nasz ksi\u0119gowy przeprowadzi Ci\u0119 przez proces rejestracji online i pomo\u017ce unikn\u0105\u0107 stresu zwi\u0105zanego z otwieraniem dzia\u0142alno\u015bci.<\/li>\n<\/ul>\n<h2><strong>S\u0142upsk, ksi\u0119gowo\u015b\u0107 online \u2013 dlaczego warto?<\/strong><\/h2>\n<p>Coraz wi\u0119cej polskich przedsi\u0119biorc\u00f3w decyduje si\u0119 na ksi\u0119gowo\u015b\u0107 online. S\u0142upsk nie jest wyj\u0105tkiem \u2013 zdalne biuro rachunkowe pozwala bowiem na prowadzenie ksi\u0119gowo\u015bci w nowoczesny, konkurencyjny spos\u00f3b.<\/p>\n<p><strong>Biuro rachunkowe Open Profit to przede wszystkim:<\/strong><\/p>\n<ul>\n<li>szeroki zakres us\u0142ug: ksi\u0119gowo\u015b\u0107, kadry i p\u0142ace, us\u0142ugi doradcze, pomoc w rejestracji firmy w S\u0142upsku,<\/li>\n<li>wsparcie indywidualnego Opiekuna Klienta przez ca\u0142y okres wsp\u00f3\u0142pracy,<\/li>\n<li>ksi\u0119gowo\u015b\u0107 dopasowana do potrzeb mikro i ma\u0142ych przedsi\u0119biorstw ze S\u0142upska,<\/li>\n<li>spersonalizowane us\u0142ugi, m.in. <a href=\"https:\/\/openprofit.pl\/oferta\/uslugi-dla-programistow\/\">dla programist\u00f3w<\/a> i <a href=\"https:\/\/openprofit.pl\/oferta\/uslugi-dla-e-commerce\/\">dla e-commerce<\/a>,<\/li>\n<li>kontakt w 100% zdalny \u2013 telefoniczny, mailowy lub przez Microsoft Teams,<\/li>\n<li>elektroniczna i ekologiczna wymiana dokument\u00f3w \u2013 przez wygodn\u0105 aplikacj\u0119 Dropbox,<\/li>\n<li>polisa na ponad 1 000 000 z\u0142 i pe\u0142na odpowiedzialno\u015b\u0107 za ewentualne b\u0142\u0119dy.<\/li>\n<\/ul>\n<p>Chcesz pozna\u0107 szczeg\u00f3\u0142y oferty? Sprawd\u017a <a href=\"https:\/\/openprofit.pl\/opinie\/\">opinie o nas<\/a> i um\u00f3w si\u0119 na <strong>niezobowi\u0105zuj\u0105ce spotkanie online <\/strong>\u2013 odpowiemy na Twoje pytania i przygotujemy spersonalizowan\u0105 propozycj\u0119 wsp\u00f3\u0142pracy. Zapraszamy!<\/p>\n\n\t\t\t<\/div>\n\n\t\t<\/div>\n\t<\/div>\n\t\n<\/section>\n","protected":false},"excerpt":{"rendered":"","protected":false},"author":13,"featured_media":0,"parent":2871,"menu_order":0,"comment_status":"closed","ping_status":"closed","template":"","meta":{"_acf_changed":false,"inline_featured_image":false,"editor_plus_copied_stylings":"{}","footnotes":""},"class_list":["post-2629","page","type-page","status-publish","hentry"],"acf":[],"yoast_head":"<!-- This site is optimized with the Yoast SEO plugin v27.4 - https:\/\/yoast.com\/product\/yoast-seo-wordpress\/ -->\n<title>Biuro rachunkowe \u2013 S\u0142upsk | biuro rachunkowe i podatkowe - us\u0142ugi ksi\u0119gowe | openprofit.pl<\/title>\n<meta name=\"description\" content=\"S\u0142upsk to miasto, w kt\u00f3rym prowadzisz dzia\u0142alno\u015b\u0107? Sprawd\u017a, co mo\u017cesz zyska\u0107, decyduj\u0105c si\u0119 na wsp\u00f3\u0142prac\u0119 ze zdalnym biurem ksi\u0119gowym!\" \/>\n<meta name=\"robots\" content=\"index, follow, max-snippet:-1, max-image-preview:large, max-video-preview:-1\" \/>\n<link rel=\"canonical\" href=\"https:\/\/openprofit.pl\/pomorskie\/biuro-rachunkowe-slupsk\/\" \/>\n<meta property=\"og:locale\" content=\"pl_PL\" \/>\n<meta property=\"og:type\" content=\"article\" \/>\n<meta property=\"og:title\" content=\"Biuro rachunkowe \u2013 S\u0142upsk | biuro rachunkowe i podatkowe - us\u0142ugi ksi\u0119gowe | openprofit.pl\" \/>\n<meta property=\"og:description\" content=\"S\u0142upsk to miasto, w kt\u00f3rym prowadzisz dzia\u0142alno\u015b\u0107? Sprawd\u017a, co mo\u017cesz zyska\u0107, decyduj\u0105c si\u0119 na wsp\u00f3\u0142prac\u0119 ze zdalnym biurem ksi\u0119gowym!\" \/>\n<meta property=\"og:url\" content=\"https:\/\/openprofit.pl\/pomorskie\/biuro-rachunkowe-slupsk\/\" \/>\n<meta property=\"og:site_name\" content=\"openprofit.pl\" \/>\n<meta property=\"article:modified_time\" content=\"2025-06-09T07:21:17+00:00\" \/>\n<meta name=\"twitter:card\" content=\"summary_large_image\" \/>\n<!-- \/ Yoast SEO plugin. -->","yoast_head_json":{"title":"Biuro rachunkowe \u2013 S\u0142upsk | biuro rachunkowe i podatkowe - us\u0142ugi ksi\u0119gowe | openprofit.pl","description":"S\u0142upsk to miasto, w kt\u00f3rym prowadzisz dzia\u0142alno\u015b\u0107? Sprawd\u017a, co mo\u017cesz zyska\u0107, decyduj\u0105c si\u0119 na wsp\u00f3\u0142prac\u0119 ze zdalnym biurem ksi\u0119gowym!","robots":{"index":"index","follow":"follow","max-snippet":"max-snippet:-1","max-image-preview":"max-image-preview:large","max-video-preview":"max-video-preview:-1"},"canonical":"https:\/\/openprofit.pl\/pomorskie\/biuro-rachunkowe-slupsk\/","og_locale":"pl_PL","og_type":"article","og_title":"Biuro rachunkowe \u2013 S\u0142upsk | biuro rachunkowe i podatkowe - us\u0142ugi ksi\u0119gowe | openprofit.pl","og_description":"S\u0142upsk to miasto, w kt\u00f3rym prowadzisz dzia\u0142alno\u015b\u0107? Sprawd\u017a, co mo\u017cesz zyska\u0107, decyduj\u0105c si\u0119 na wsp\u00f3\u0142prac\u0119 ze zdalnym biurem ksi\u0119gowym!","og_url":"https:\/\/openprofit.pl\/pomorskie\/biuro-rachunkowe-slupsk\/","og_site_name":"openprofit.pl","article_modified_time":"2025-06-09T07:21:17+00:00","twitter_card":"summary_large_image","schema":{"@context":"https:\/\/schema.org","@graph":[{"@type":"WebPage","@id":"https:\/\/openprofit.pl\/pomorskie\/biuro-rachunkowe-slupsk\/","url":"https:\/\/openprofit.pl\/pomorskie\/biuro-rachunkowe-slupsk\/","name":"Biuro rachunkowe \u2013 S\u0142upsk | biuro rachunkowe i podatkowe - us\u0142ugi ksi\u0119gowe | openprofit.pl","isPartOf":{"@id":"https:\/\/openprofit.pl\/#website"},"datePublished":"2024-09-23T11:15:28+00:00","dateModified":"2025-06-09T07:21:17+00:00","description":"S\u0142upsk to miasto, w kt\u00f3rym prowadzisz dzia\u0142alno\u015b\u0107? Sprawd\u017a, co mo\u017cesz zyska\u0107, decyduj\u0105c si\u0119 na wsp\u00f3\u0142prac\u0119 ze zdalnym biurem ksi\u0119gowym!","breadcrumb":{"@id":"https:\/\/openprofit.pl\/pomorskie\/biuro-rachunkowe-slupsk\/#breadcrumb"},"inLanguage":"pl-PL","potentialAction":[{"@type":"ReadAction","target":["https:\/\/openprofit.pl\/pomorskie\/biuro-rachunkowe-slupsk\/"]}]},{"@type":"BreadcrumbList","@id":"https:\/\/openprofit.pl\/pomorskie\/biuro-rachunkowe-slupsk\/#breadcrumb","itemListElement":[{"@type":"ListItem","position":1,"name":"Strona g\u0142\u00f3wna","item":"https:\/\/openprofit.pl\/"},{"@type":"ListItem","position":2,"name":"Us\u0142ugi ksi\u0119gowe online \u2013 pomorskie","item":"https:\/\/openprofit.pl\/pomorskie\/"},{"@type":"ListItem","position":3,"name":"Biuro rachunkowe \u2013 S\u0142upsk"}]},{"@type":"WebSite","@id":"https:\/\/openprofit.pl\/#website","url":"https:\/\/openprofit.pl\/","name":"openprofit.pl","description":"Twoje zdalne biuro rachunkowe","potentialAction":[{"@type":"SearchAction","target":{"@type":"EntryPoint","urlTemplate":"https:\/\/openprofit.pl\/?s={search_term_string}"},"query-input":{"@type":"PropertyValueSpecification","valueRequired":true,"valueName":"search_term_string"}}],"inLanguage":"pl-PL"}]}},"gutenberg_blocks":[{"blockName":"custom-styles","attrs":{"styles":""}},{"blockName":"acf\/seo-section","attrs":{"container":"","disable_contact_section_above_footer":false,"schema_faq":""},"innerBlocks":[],"innerHTML":"","innerContent":[]}],"meta_data":{"container":"","disable_contact_section_above_footer":false,"schema_faq":""},"_links":{"self":[{"href":"https:\/\/openprofit.pl\/index.php\/wp-json\/wp\/v2\/pages\/2629","targetHints":{"allow":["GET"]}}],"collection":[{"href":"https:\/\/openprofit.pl\/index.php\/wp-json\/wp\/v2\/pages"}],"about":[{"href":"https:\/\/openprofit.pl\/index.php\/wp-json\/wp\/v2\/types\/page"}],"author":[{"embeddable":true,"href":"https:\/\/openprofit.pl\/index.php\/wp-json\/wp\/v2\/users\/13"}],"replies":[{"embeddable":true,"href":"https:\/\/openprofit.pl\/index.php\/wp-json\/wp\/v2\/comments?post=2629"}],"version-history":[{"count":3,"href":"https:\/\/openprofit.pl\/index.php\/wp-json\/wp\/v2\/pages\/2629\/revisions"}],"predecessor-version":[{"id":3439,"href":"https:\/\/openprofit.pl\/index.php\/wp-json\/wp\/v2\/pages\/2629\/revisions\/3439"}],"up":[{"embeddable":true,"href":"https:\/\/openprofit.pl\/index.php\/wp-json\/wp\/v2\/pages\/2871"}],"wp:attachment":[{"href":"https:\/\/openprofit.pl\/index.php\/wp-json\/wp\/v2\/media?parent=2629"}],"curies":[{"name":"wp","href":"https:\/\/api.w.org\/{rel}","templated":true}]}}