{"id":2605,"date":"2024-09-23T12:52:06","date_gmt":"2024-09-23T10:52:06","guid":{"rendered":"https:\/\/openprofit.pl\/?page_id=2605"},"modified":"2025-06-09T09:20:59","modified_gmt":"2025-06-09T07:20:59","slug":"biuro-rachunkowe-bytom","status":"publish","type":"page","link":"https:\/\/openprofit.pl\/slaskie\/biuro-rachunkowe-bytom\/","title":{"rendered":"Biuro rachunkowe \u2013 Bytom"},"content":{"rendered":"\n<section class=\"seo_section relative container section-margin\">\n\t\t\t<div class=\"flex flex-col w-full max-w-[113.2rem] justify-center mx-auto breadcrumbsSpace\">\n\t\t\t<div class=\"breadcrumbs mb-19 lg:mb-39 mx-auto max-w-full\">\n\t\t\t\t<div class=\"breadcrumbs__inner flex md:w-full\">\n\t\t\t\t\t<span><span><a href=\"https:\/\/openprofit.pl\/\">Strona g\u0142\u00f3wna<\/a><\/span><\/span>\n\t\t\t\t<\/div>\n\t\t\t<\/div>\n\t\t<\/div>\n\t\t<div class=\"text-center\">\n\t\t\n\t\t<div class=\"flex flex-col w-full max-w-[113.2rem] justify-center mx-auto\">\n\n\t\t\t\t\t\t\t\t<h1 class=\"h1  mb-40 md:mb-60\">\n\n\t\tBiuro rachunkowe \u2013 Bytom\n\n\t<\/h1>\n\t\t\t\n\t\t\t<div class=\"seo_section-description paragraph-m text-content\">\n\n\t\t\t\t<p>A gdyby tak powierzy\u0107 ksi\u0119gowo\u015b\u0107 specjalistom i zaj\u0105\u0107 si\u0119 wy\u0142\u0105cznie rozwojem biznesu? Je\u015bli Bytom jest siedzib\u0105 Twojej firmy, mo\u017cesz zrealizowa\u0107 ten pomys\u0142 wsp\u00f3lnie z Open Profit \u2013\u00a0<strong>nasze biuro rachunkowe dzia\u0142a w 100% zdalnie<\/strong>, dlatego zyskujesz komfort, oszcz\u0119dno\u015b\u0107 czasu i us\u0142ugi dopasowane do potrzeb.\u00a0<strong>Obs\u0142ugujemy ma\u0142e sp\u00f3\u0142ki, osoby na umowach B2B oraz jednoosobowe dzia\u0142alno\u015bci gospodarcze z Bytomia<\/strong>. My zajmiemy si\u0119 ksi\u0119gowo\u015bci\u0105, a Ty zyskasz czas na rozw\u00f3j biznesu. Brzmi dobrze? \ud83d\ude42<\/p>\n<p><span class=\"\">\n    <style>\n        .modernkb-wrapper {\n            margin: 20px 0;\n            padding: 0;\n        }\n        \n        .modernkb-button-container {\n            text-align: center;\n            margin: 30px auto 50px;\n        }\n        \n        .modernkb-cta-btn {\n            display: inline-flex !important;\n            align-items: center !important;\n            gap: 10px !important;\n            background-color: #7DD3C7 !important;\n            color: white !important;\n            border-radius: 6px !important;\n            padding: 16px 32px !important;\n            text-decoration: none !important;\n            font-weight: 600 !important;\n            font-size: 16px !important;\n            border: none !important;\n            box-shadow: 0 2px 8px rgba(125, 211, 199, 0.3) !important;\n            transition: all 0.3s ease !important;\n        }\n        \n        .modernkb-cta-btn:hover {\n            background-color: #6BC5B8 !important;\n            transform: translateY(-2px) !important;\n            box-shadow: 0 4px 12px rgba(125, 211, 199, 0.4) !important;\n            color: white !important;\n            text-decoration: none !important;\n        }\n        \n        .modernkb-header {\n            text-align: center;\n            margin-bottom: 40px;\n            font-size: 28px !important;\n            font-weight: 600 !important;\n            color: #2d3748 !important;\n            line-height: 1.3;\n        }\n        \n        .modernkb-grid {\n            display: grid;\n            grid-template-columns: repeat(auto-fit, minmax(250px, 1fr));\n            gap: 20px;\n            margin: 0;\n        }\n        \n        .modernkb-card {\n            background-color: #fff;\n            padding: 30px 20px;\n            border-radius: 8px;\n            box-shadow: 0 2px 10px rgba(0,0,0,0.08);\n            text-align: center;\n            border: 1px solid #e8e8e8;\n            transition: all 0.3s ease;\n            position: relative;\n            overflow: hidden;\n        }\n        \n        .modernkb-card::before {\n            content: \"\";\n            position: absolute;\n            top: 0;\n            left: 0;\n            right: 0;\n            height: 4px;\n            background: linear-gradient(90deg, #7DD3C7, #A8E6CF);\n            transform: scaleX(0);\n            transition: transform 0.3s ease;\n        }\n        \n        .modernkb-card:hover::before {\n            transform: scaleX(1);\n        }\n        \n        .modernkb-card:hover {\n            transform: translateY(-5px);\n            box-shadow: 0 8px 25px rgba(0,0,0,0.12);\n        }\n        \n        .modernkb-icon {\n            width: 60px;\n            height: 70px;\n            margin: 0 auto 20px;\n            display: flex;\n            align-items: center;\n            justify-content: center;\n            background-color: rgba(125, 211, 199, 0.08);\n            border-radius: 8px;\n            transition: all 0.3s ease;\n        }\n        \n        .modernkb-card:hover .modernkb-icon {\n            background-color: rgba(125, 211, 199, 0.15);\n            transform: scale(1.05);\n        }\n        \n        .modernkb-title {\n            font-size: 18px !important;\n            font-weight: 600 !important;\n            color: #2d3748 !important;\n            margin-bottom: 20px !important;\n            line-height: 1.4;\n            min-height: 50px;\n            display: flex;\n            align-items: center;\n            justify-content: center;\n            text-align: center;\n        }\n        \n        .modernkb-description {\n            background-color: #f8fafc;\n            padding: 20px;\n            border-radius: 6px;\n            font-size: 15px !important;\n            line-height: 1.6 !important;\n            color: #4a5568 !important;\n            text-align: center;\n        }\n        \n        .modernkb-highlight {\n            color: #7DD3C7 !important;\n            font-weight: 600;\n        }\n        \n        @media (max-width: 768px) {\n            .modernkb-grid {\n                grid-template-columns: 1fr;\n                gap: 16px;\n            }\n            \n            .modernkb-card {\n                padding: 25px 16px;\n            }\n            \n            .modernkb-header {\n                font-size: 24px !important;\n                margin-bottom: 30px;\n            }\n            \n            .modernkb-description {\n                padding: 16px;\n                font-size: 14px !important;\n            }\n            \n            .modernkb-title {\n                font-size: 16px !important;\n                min-height: 44px;\n            }\n        }\n    <\/style>\n        <div class=\"modernkb-wrapper\">\n        <div class=\"modernkb-button-container\">\n            <a href=\"\/o-nas\/\" target=\"\" class=\"modernkb-cta-btn\">\n                <span>Chc\u0119 pozna\u0107 Was bli\u017cej<\/span>\n                <svg xmlns=\"http:\/\/www.w3.org\/2000\/svg\" width=\"24\" height=\"24\" viewBox=\"0 0 32 32\" fill=\"none\">\n                    <path d=\"M21 3.03125L20.3438 3.75C18.875 5.36719 17.6641 6.08984 16.6562 6.5625C15.6484 7.03516 14.8008 7.17578 13.9688 7.8125C13.082 8.49219 11.793 9.79688 11.25 12.125C10.0859 12.3789 9.23438 12.8242 8.5625 13.4062C7.89844 13.9805 7.39844 14.6328 6.78125 15.3438C6.77734 15.3516 6.78516 15.3672 6.78125 15.375C5.89844 16.3906 5.125 17.4844 3.625 18.0625L3 18.3125V29H22.0625C23.1562 28.9414 23.9141 28.1836 24.375 27.4375C24.8359 26.6914 25.0898 25.8828 25.2188 25.2188C25.5508 23.5273 26.1562 18.6562 26.1562 18.6562L26.1875 18.5625V18.4688C26.1562 17.793 25.8789 17.2188 25.5312 16.6875L26.6562 13.3438L28.4375 10.6562L28.9375 9.9375L28.2812 9.34375L21.7188 3.65625L21 3.03125ZM21.0625 5.78125L26.2812 10.3125L24.9062 12.3438L24.8125 12.4375L24.7812 12.5938L23.875 15.2812C23.4023 15.0859 22.9141 14.9492 22.375 14.9688H22.3125L16 15H15V18.875C14.8594 19.9648 14.2539 20.3867 13.5 20.6875C13.25 20.7891 13.2188 20.7344 13 20.7812V14.9688C12.8359 11.2617 14.1562 10.1953 15.1875 9.40625C15.4727 9.1875 16.3086 8.93359 17.5 8.375C18.4961 7.90625 19.7344 7.06641 21.0625 5.78125ZM11.0625 14.375C11.0586 14.6016 10.9883 14.7617 11 15C11 15.0117 11 15.0195 11 15.0312V23H12C12 23 13.0703 22.9883 14.2188 22.5312C15.3672 22.0742 16.7539 21.0039 17 19.125V17L22.375 16.9688H22.4062C23.3281 16.918 24.0938 17.6172 24.1562 18.5312C24.1523 18.5469 24.1055 18.918 24.0938 19H20V21H23.8438C23.7383 21.7734 23.6406 22.2578 23.5312 23H20V25H23.2188C23.1133 25.4453 22.9023 25.9766 22.6562 26.375C22.3828 26.8203 22.1484 26.9883 21.9375 27H5V19.5312C6.62109 18.6719 7.62891 17.4336 8.28125 16.6875C8.95703 15.9141 9.42188 15.3281 9.875 14.9375C10.1719 14.6836 10.6367 14.5391 11.0625 14.375Z\" fill=\"white\"\/>\n                <\/svg>\n            <\/a>\n        <\/div>\n\n        <h2 class=\"modernkb-header\">Pomo\u017cemy Ci z:<\/h2>\n\n        <div class=\"modernkb-grid\">\n            <div class=\"modernkb-card\">\n                <div class=\"modernkb-icon\">\n                    <svg width=\"31\" height=\"37\" viewBox=\"0 0 31 37\" fill=\"none\" xmlns=\"http:\/\/www.w3.org\/2000\/svg\">\n    <path d=\"M15.0741 0C13.3504 0 12.1246 1.22049 11.5197 2.74074H0V37H30.1481V2.74074H18.6285C18.0236 1.22049 16.7977 0 15.0741 0ZM15.0741 2.74074C15.8342 2.74074 16.4444 3.35098 16.4444 4.11111V5.48148H20.5556V8.22222H9.59259V5.48148H13.7037V4.11111C13.7037 3.35098 14.3139 2.74074 15.0741 2.74074ZM2.74074 5.48148H6.85185V10.963H23.2963V5.48148H27.4074V34.2593H2.74074V5.48148ZM22.3113 15.4595L13.7037 24.0671L9.20718 19.5706L7.23727 21.5405L12.7188 27.022L13.7037 27.9641L14.6887 27.022L24.2812 17.4294L22.3113 15.4595Z\" fill=\"url(#paint0_linear_232_14034)\"><\/path>\n    <defs>\n    <linearGradient id=\"paint0_linear_232_14034\" x1=\"8.03574\" y1=\"18.5\" x2=\"22.0781\" y2=\"18.5\" gradientUnits=\"userSpaceOnUse\">\n    <stop stop-color=\"#7DD3C7\"><\/stop>\n    <stop offset=\"1\" stop-color=\"#A8E6CF\"><\/stop>\n    <\/linearGradient>\n    <\/defs>\n    <\/svg>                <\/div>\n                <h3 class=\"modernkb-title\">Ksi\u0119g\u0105 przychod\u00f3w i rozchod\u00f3w<\/h3>\n                <div class=\"modernkb-description\">\n                                            Profesjonalne prowadzenie KPiR z terminowo\u015bci\u0105 i zgodno\u015bci\u0105 z przepisami. Zaoszcz\u0119d\u017a czas i uniknij b\u0142\u0119d\u00f3w.\n                                    <\/div>\n            <\/div>\n\n            <div class=\"modernkb-card\">\n                <div class=\"modernkb-icon\">\n                    <svg width=\"31\" height=\"37\" viewBox=\"0 0 31 37\" fill=\"none\" xmlns=\"http:\/\/www.w3.org\/2000\/svg\">\n    <path d=\"M15.0741 0C13.3504 0 12.1246 1.22049 11.5197 2.74074H0V37H30.1481V2.74074H18.6285C18.0236 1.22049 16.7977 0 15.0741 0ZM15.0741 2.74074C15.8342 2.74074 16.4444 3.35098 16.4444 4.11111V5.48148H20.5556V8.22222H9.59259V5.48148H13.7037V4.11111C13.7037 3.35098 14.3139 2.74074 15.0741 2.74074ZM2.74074 5.48148H6.85185V10.963H23.2963V5.48148H27.4074V34.2593H2.74074V5.48148ZM22.3113 15.4595L13.7037 24.0671L9.20718 19.5706L7.23727 21.5405L12.7188 27.022L13.7037 27.9641L14.6887 27.022L24.2812 17.4294L22.3113 15.4595Z\" fill=\"url(#paint0_linear_232_14035)\"><\/path>\n    <defs>\n    <linearGradient id=\"paint0_linear_232_14035\" x1=\"8.03574\" y1=\"18.5\" x2=\"22.0781\" y2=\"18.5\" gradientUnits=\"userSpaceOnUse\">\n    <stop stop-color=\"#7DD3C7\"><\/stop>\n    <stop offset=\"1\" stop-color=\"#A8E6CF\"><\/stop>\n    <\/linearGradient>\n    <\/defs>\n    <\/svg>                <\/div>\n                <h3 class=\"modernkb-title\">Rycza\u0142tem ewidencjonowanym<\/h3>\n                <div class=\"modernkb-description\">\n                                            Kompleksowa obs\u0142uga rycza\u0142tu z <span class=\"modernkb-highlight\">optymalizacj\u0105 stawek<\/span> i terminowymi rozliczeniami.\n                                    <\/div>\n            <\/div>\n\n            <div class=\"modernkb-card\">\n                <div class=\"modernkb-icon\">\n                    <svg width=\"31\" height=\"37\" viewBox=\"0 0 31 37\" fill=\"none\" xmlns=\"http:\/\/www.w3.org\/2000\/svg\">\n    <path d=\"M15.0741 0C13.3504 0 12.1246 1.22049 11.5197 2.74074H0V37H30.1481V2.74074H18.6285C18.0236 1.22049 16.7977 0 15.0741 0ZM15.0741 2.74074C15.8342 2.74074 16.4444 3.35098 16.4444 4.11111V5.48148H20.5556V8.22222H9.59259V5.48148H13.7037V4.11111C13.7037 3.35098 14.3139 2.74074 15.0741 2.74074ZM2.74074 5.48148H6.85185V10.963H23.2963V5.48148H27.4074V34.2593H2.74074V5.48148ZM22.3113 15.4595L13.7037 24.0671L9.20718 19.5706L7.23727 21.5405L12.7188 27.022L13.7037 27.9641L14.6887 27.022L24.2812 17.4294L22.3113 15.4595Z\" fill=\"url(#paint0_linear_232_14036)\"><\/path>\n    <defs>\n    <linearGradient id=\"paint0_linear_232_14036\" x1=\"8.03574\" y1=\"18.5\" x2=\"22.0781\" y2=\"18.5\" gradientUnits=\"userSpaceOnUse\">\n    <stop stop-color=\"#7DD3C7\"><\/stop>\n    <stop offset=\"1\" stop-color=\"#A8E6CF\"><\/stop>\n    <\/linearGradient>\n    <\/defs>\n    <\/svg>                <\/div>\n                <h3 class=\"modernkb-title\">Kart\u0105 podatkow\u0105<\/h3>\n                <div class=\"modernkb-description\">\n                                            Sprawdzenie kwalifikacji, <span class=\"modernkb-highlight\">ocena op\u0142acalno\u015bci<\/span> i obs\u0142uga formalno\u015bci karty podatkowej.\n                                    <\/div>\n            <\/div>\n\n            <div class=\"modernkb-card\">\n                <div class=\"modernkb-icon\">\n                    <svg width=\"31\" height=\"37\" viewBox=\"0 0 31 37\" fill=\"none\" xmlns=\"http:\/\/www.w3.org\/2000\/svg\">\n    <path d=\"M15.0741 0C13.3504 0 12.1246 1.22049 11.5197 2.74074H0V37H30.1481V2.74074H18.6285C18.0236 1.22049 16.7977 0 15.0741 0ZM15.0741 2.74074C15.8342 2.74074 16.4444 3.35098 16.4444 4.11111V5.48148H20.5556V8.22222H9.59259V5.48148H13.7037V4.11111C13.7037 3.35098 14.3139 2.74074 15.0741 2.74074ZM2.74074 5.48148H6.85185V10.963H23.2963V5.48148H27.4074V34.2593H2.74074V5.48148ZM22.3113 15.4595L13.7037 24.0671L9.20718 19.5706L7.23727 21.5405L12.7188 27.022L13.7037 27.9641L14.6887 27.022L24.2812 17.4294L22.3113 15.4595Z\" fill=\"url(#paint0_linear_232_14037)\"><\/path>\n    <defs>\n    <linearGradient id=\"paint0_linear_232_14037\" x1=\"8.03574\" y1=\"18.5\" x2=\"22.0781\" y2=\"18.5\" gradientUnits=\"userSpaceOnUse\">\n    <stop stop-color=\"#7DD3C7\"><\/stop>\n    <stop offset=\"1\" stop-color=\"#A8E6CF\"><\/stop>\n    <\/linearGradient>\n    <\/defs>\n    <\/svg>                <\/div>\n                <h3 class=\"modernkb-title\">Pe\u0142n\u0105 ksi\u0119gowo\u015bci\u0105<\/h3>\n                <div class=\"modernkb-description\">\n                                            Kompleksowe prowadzenie ksi\u0105g rachunkowych &#8211; <span class=\"modernkb-highlight\">od zapis\u00f3w po sprawozdania<\/span>.\n                                    <\/div>\n            <\/div>\n        <\/div>\n    <\/div>\n    <\/span><\/p>\n<h2><strong>Us\u0142ugi ksi\u0119gowe dla przedsi\u0119biorc\u00f3w z Bytomia<\/strong><\/h2>\n<p>Ksi\u0119gowy wcale nie musi pracowa\u0107 na miejscu, by profesjonalnie prowadzi\u0107 ma\u0142\u0105 lub pe\u0142n\u0105 ksi\u0119gowo\u015b\u0107. Zdalne biuro rachunkowe otwiera przed firmami z Bytomia dost\u0119p do najlepszych specjalist\u00f3w z Polski \u2013 nie musisz wi\u0119c ogranicza\u0107 si\u0119 do ksi\u0119gowych z Twojego miasta.\u00a0<a href=\"https:\/\/openprofit.pl\/oferta\/uslugi-ksiegowe\/\"><u>Us\u0142ugi ksi\u0119gowe<\/u><\/a>\u00a0online to tak\u017ce wygoda i oszcz\u0119dno\u015b\u0107 czasu: wsp\u00f3\u0142praca z Open Profit odbywa si\u0119 w 100% zdalnie, dlatego mo\u017cesz zapomnie\u0107 o czasoch\u0142onnych dojazdach do biura rachunkowego i wysy\u0142aniu papierowych dokument\u00f3w kurierem. Obs\u0142ugujemy mikro i ma\u0142e przedsi\u0119biorstwa, kt\u00f3rych siedzib\u0105 jest Bytom, a nasz\u0105 specjalno\u015bci\u0105 jest\u00a0<strong>zar\u00f3wno ma\u0142a, jak i pe\u0142na ksi\u0119gowo\u015b\u0107<\/strong>. Reprezentujemy r\u00f3wnie\u017c naszych klient\u00f3w przed organami administracji i uczestniczymy we wszelkich kontrolach.<\/p>\n<h2><strong>Biuro ksi\u0119gowe Open Profit \u2013 pe\u0142ne wsparcie w prowadzeniu firmy\u00a0<\/strong><\/h2>\n<p>Open Profit to co\u015b wi\u0119cej ni\u017c us\u0142ugi ksi\u0119gowe \u2013 to kompleksowe wsparcie w prowadzeniu dzia\u0142alno\u015bci w Bytomiu. Nie wiesz,\u00a0<a href=\"https:\/\/openprofit.pl\/oferta\/rejestracja-dzialalnosci-firmy\/\"><u>jak zarejestrowa\u0107 firm\u0119<\/u><\/a>? Um\u00f3w si\u0119 na spotkanie zdalne z naszym ksi\u0119gowym, kt\u00f3ry odpowie na Twoje pytania i przeprowadzi Ci\u0119 przez ca\u0142y proces rejestracji. A mo\u017ce zatrudniasz pracownik\u00f3w w Bytomiu i potrzebujesz wsparcia w zakresie\u00a0<a href=\"https:\/\/openprofit.pl\/oferta\/kadry-i-place\/\"><u>kadr i p\u0142ac<\/u><\/a>? Mo\u017cesz nam powierzy\u0107 nadz\u00f3r nad sprawami kadrowymi i naliczaniem wynagrodze\u0144, a tak\u017ce nad prawno-administracyjnymi kwestiami zawierania um\u00f3w. Oferujemy r\u00f3wnie\u017c\u00a0<a href=\"https:\/\/openprofit.pl\/oferta\/uslugi-doradcze\/\"><u>us\u0142ugi doradcze<\/u><\/a>, kt\u00f3re obejmuj\u0105 zar\u00f3wno doradztwo bie\u017c\u0105ce, jak i specjalistyczne.<\/p>\n<h2><strong>Ksi\u0119gowo\u015b\u0107 w Bytomiu \u2013 dlaczego Open Profit?<\/strong><\/h2>\n<p>Zastanawiasz si\u0119, czy zdalne biuro rachunkowe to co\u015b, czego potrzebuje Twoja firma? Sprawd\u017a,\u00a0<a href=\"https:\/\/openprofit.pl\/opinie\/\"><u>co m\u00f3wi\u0105 o nas klienci<\/u><\/a>\u00a0i dowiedz si\u0119, co mo\u017cesz zyska\u0107 na wsp\u00f3\u0142pracy z Open Profit:<\/p>\n<ul>\n<li>nowoczesna ksi\u0119gowo\u015b\u0107 online,<\/li>\n<li>w 100% zdalny kontakt i oszcz\u0119dno\u015b\u0107 czasu,<\/li>\n<li>\u0142atwa i wygodna forma przesy\u0142ania dokument\u00f3w (przez konto Dropbox),<\/li>\n<li>dost\u0119p do ksi\u0119gowo\u015bci 24\/7,<\/li>\n<li>wysokie bezpiecze\u0144stwo (polisa na ponad 1 000 000 z\u0142otych),<\/li>\n<li>oferta dopasowana do potrzeb mikro i ma\u0142ych przedsi\u0119biorstw (r\u00f3wnie\u017c\u00a0<a href=\"https:\/\/openprofit.pl\/oferta\/uslugi-dla-programistow\/\"><u>dla programist\u00f3w<\/u><\/a>\u00a0i\u00a0<a href=\"https:\/\/openprofit.pl\/oferta\/uslugi-dla-e-commerce\/\"><u>dla e-commerce<\/u><\/a>),<\/li>\n<li>dedykowany Opiekun Klienta.<\/li>\n<\/ul>\n<p><strong>Biuro ksi\u0119gowe Open Profit dzia\u0142a ju\u017c od 2005 roku<\/strong>\u00a0\u2013 w tym czasie z naszego wsparcia skorzysta\u0142o ponad 1500 przedsi\u0119biorc\u00f3w z ca\u0142ej Polski. Bytom jest jednym z miast, do kt\u00f3rych kierujemy nasz\u0105 ofert\u0119. Je\u015bli tym, czego szukasz, jest nowoczesna ksi\u0119gowo\u015b\u0107, zdalna obs\u0142uga, \u0142atwy kontakt i transparentne zasady wsp\u00f3\u0142pracy,\u00a0<a href=\"https:\/\/openprofit.pl\/kontakt\/\"><u>skontaktuj si\u0119 z nami<\/u><\/a>\u00a0\u2013 zapraszamy!<\/p>\n\n\t\t\t<\/div>\n\n\t\t<\/div>\n\t<\/div>\n\t\n<\/section>\n","protected":false},"excerpt":{"rendered":"","protected":false},"author":13,"featured_media":0,"parent":2852,"menu_order":0,"comment_status":"closed","ping_status":"closed","template":"","meta":{"_acf_changed":false,"inline_featured_image":false,"editor_plus_copied_stylings":"{}","footnotes":""},"class_list":["post-2605","page","type-page","status-publish","hentry"],"acf":[],"yoast_head":"<!-- This site is optimized with the Yoast SEO plugin v27.4 - https:\/\/yoast.com\/product\/yoast-seo-wordpress\/ -->\n<title>Biuro rachunkowe \u2013 Bytom | biuro rachunkowe i podatkowe - us\u0142ugi ksi\u0119gowe | openprofit.pl<\/title>\n<meta name=\"description\" content=\"Prowadzisz dzia\u0142alno\u015b\u0107 gospodarcz\u0105 w Bytomiu? Sprawd\u017a, co mo\u017cesz zyska\u0107, wybieraj\u0105c zdalne biuro ksi\u0119gowe dla ma\u0142ych sp\u00f3\u0142ek, B2B i JDG.\" \/>\n<meta name=\"robots\" content=\"index, follow, max-snippet:-1, max-image-preview:large, max-video-preview:-1\" \/>\n<link rel=\"canonical\" href=\"https:\/\/openprofit.pl\/slaskie\/biuro-rachunkowe-bytom\/\" \/>\n<meta property=\"og:locale\" content=\"pl_PL\" \/>\n<meta property=\"og:type\" content=\"article\" \/>\n<meta property=\"og:title\" content=\"Biuro rachunkowe \u2013 Bytom | biuro rachunkowe i podatkowe - us\u0142ugi ksi\u0119gowe | openprofit.pl\" \/>\n<meta property=\"og:description\" content=\"Prowadzisz dzia\u0142alno\u015b\u0107 gospodarcz\u0105 w Bytomiu? Sprawd\u017a, co mo\u017cesz zyska\u0107, wybieraj\u0105c zdalne biuro ksi\u0119gowe dla ma\u0142ych sp\u00f3\u0142ek, B2B i JDG.\" \/>\n<meta property=\"og:url\" content=\"https:\/\/openprofit.pl\/slaskie\/biuro-rachunkowe-bytom\/\" \/>\n<meta property=\"og:site_name\" content=\"openprofit.pl\" \/>\n<meta property=\"article:modified_time\" content=\"2025-06-09T07:20:59+00:00\" \/>\n<meta name=\"twitter:card\" content=\"summary_large_image\" \/>\n<!-- \/ Yoast SEO plugin. -->","yoast_head_json":{"title":"Biuro rachunkowe \u2013 Bytom | biuro rachunkowe i podatkowe - us\u0142ugi ksi\u0119gowe | openprofit.pl","description":"Prowadzisz dzia\u0142alno\u015b\u0107 gospodarcz\u0105 w Bytomiu? Sprawd\u017a, co mo\u017cesz zyska\u0107, wybieraj\u0105c zdalne biuro ksi\u0119gowe dla ma\u0142ych sp\u00f3\u0142ek, B2B i JDG.","robots":{"index":"index","follow":"follow","max-snippet":"max-snippet:-1","max-image-preview":"max-image-preview:large","max-video-preview":"max-video-preview:-1"},"canonical":"https:\/\/openprofit.pl\/slaskie\/biuro-rachunkowe-bytom\/","og_locale":"pl_PL","og_type":"article","og_title":"Biuro rachunkowe \u2013 Bytom | biuro rachunkowe i podatkowe - us\u0142ugi ksi\u0119gowe | openprofit.pl","og_description":"Prowadzisz dzia\u0142alno\u015b\u0107 gospodarcz\u0105 w Bytomiu? Sprawd\u017a, co mo\u017cesz zyska\u0107, wybieraj\u0105c zdalne biuro ksi\u0119gowe dla ma\u0142ych sp\u00f3\u0142ek, B2B i JDG.","og_url":"https:\/\/openprofit.pl\/slaskie\/biuro-rachunkowe-bytom\/","og_site_name":"openprofit.pl","article_modified_time":"2025-06-09T07:20:59+00:00","twitter_card":"summary_large_image","schema":{"@context":"https:\/\/schema.org","@graph":[{"@type":"WebPage","@id":"https:\/\/openprofit.pl\/slaskie\/biuro-rachunkowe-bytom\/","url":"https:\/\/openprofit.pl\/slaskie\/biuro-rachunkowe-bytom\/","name":"Biuro rachunkowe \u2013 Bytom | biuro rachunkowe i podatkowe - us\u0142ugi ksi\u0119gowe | openprofit.pl","isPartOf":{"@id":"https:\/\/openprofit.pl\/#website"},"datePublished":"2024-09-23T10:52:06+00:00","dateModified":"2025-06-09T07:20:59+00:00","description":"Prowadzisz dzia\u0142alno\u015b\u0107 gospodarcz\u0105 w Bytomiu? Sprawd\u017a, co mo\u017cesz zyska\u0107, wybieraj\u0105c zdalne biuro ksi\u0119gowe dla ma\u0142ych sp\u00f3\u0142ek, B2B i JDG.","breadcrumb":{"@id":"https:\/\/openprofit.pl\/slaskie\/biuro-rachunkowe-bytom\/#breadcrumb"},"inLanguage":"pl-PL","potentialAction":[{"@type":"ReadAction","target":["https:\/\/openprofit.pl\/slaskie\/biuro-rachunkowe-bytom\/"]}]},{"@type":"BreadcrumbList","@id":"https:\/\/openprofit.pl\/slaskie\/biuro-rachunkowe-bytom\/#breadcrumb","itemListElement":[{"@type":"ListItem","position":1,"name":"Strona g\u0142\u00f3wna","item":"https:\/\/openprofit.pl\/"},{"@type":"ListItem","position":2,"name":"Us\u0142ugi ksi\u0119gowe online \u2013 \u015bl\u0105skie","item":"https:\/\/openprofit.pl\/slaskie\/"},{"@type":"ListItem","position":3,"name":"Biuro rachunkowe \u2013 Bytom"}]},{"@type":"WebSite","@id":"https:\/\/openprofit.pl\/#website","url":"https:\/\/openprofit.pl\/","name":"openprofit.pl","description":"Twoje zdalne biuro rachunkowe","potentialAction":[{"@type":"SearchAction","target":{"@type":"EntryPoint","urlTemplate":"https:\/\/openprofit.pl\/?s={search_term_string}"},"query-input":{"@type":"PropertyValueSpecification","valueRequired":true,"valueName":"search_term_string"}}],"inLanguage":"pl-PL"}]}},"gutenberg_blocks":[{"blockName":"custom-styles","attrs":{"styles":""}},{"blockName":"acf\/seo-section","attrs":{"container":"","disable_contact_section_above_footer":false,"schema_faq":""},"innerBlocks":[],"innerHTML":"","innerContent":[]}],"meta_data":{"container":"","disable_contact_section_above_footer":false,"schema_faq":""},"_links":{"self":[{"href":"https:\/\/openprofit.pl\/index.php\/wp-json\/wp\/v2\/pages\/2605","targetHints":{"allow":["GET"]}}],"collection":[{"href":"https:\/\/openprofit.pl\/index.php\/wp-json\/wp\/v2\/pages"}],"about":[{"href":"https:\/\/openprofit.pl\/index.php\/wp-json\/wp\/v2\/types\/page"}],"author":[{"embeddable":true,"href":"https:\/\/openprofit.pl\/index.php\/wp-json\/wp\/v2\/users\/13"}],"replies":[{"embeddable":true,"href":"https:\/\/openprofit.pl\/index.php\/wp-json\/wp\/v2\/comments?post=2605"}],"version-history":[{"count":3,"href":"https:\/\/openprofit.pl\/index.php\/wp-json\/wp\/v2\/pages\/2605\/revisions"}],"predecessor-version":[{"id":3436,"href":"https:\/\/openprofit.pl\/index.php\/wp-json\/wp\/v2\/pages\/2605\/revisions\/3436"}],"up":[{"embeddable":true,"href":"https:\/\/openprofit.pl\/index.php\/wp-json\/wp\/v2\/pages\/2852"}],"wp:attachment":[{"href":"https:\/\/openprofit.pl\/index.php\/wp-json\/wp\/v2\/media?parent=2605"}],"curies":[{"name":"wp","href":"https:\/\/api.w.org\/{rel}","templated":true}]}}