{"id":2603,"date":"2024-09-23T12:48:59","date_gmt":"2024-09-23T10:48:59","guid":{"rendered":"https:\/\/openprofit.pl\/?page_id=2603"},"modified":"2025-06-09T09:18:48","modified_gmt":"2025-06-09T07:18:48","slug":"biuro-rachunkowe-grodzisk-mazowiecki","status":"publish","type":"page","link":"https:\/\/openprofit.pl\/mazowieckie\/biuro-rachunkowe-grodzisk-mazowiecki\/","title":{"rendered":"Biuro rachunkowe \u2013 Grodzisk Mazowiecki"},"content":{"rendered":"\n<section class=\"seo_section relative container section-margin\">\n\t\t\t<div class=\"flex flex-col w-full max-w-[113.2rem] justify-center mx-auto breadcrumbsSpace\">\n\t\t\t<div class=\"breadcrumbs mb-19 lg:mb-39 mx-auto max-w-full\">\n\t\t\t\t<div class=\"breadcrumbs__inner flex md:w-full\">\n\t\t\t\t\t<span><span><a href=\"https:\/\/openprofit.pl\/\">Strona g\u0142\u00f3wna<\/a><\/span><\/span>\n\t\t\t\t<\/div>\n\t\t\t<\/div>\n\t\t<\/div>\n\t\t<div class=\"text-center\">\n\t\t\n\t\t<div class=\"flex flex-col w-full max-w-[113.2rem] justify-center mx-auto\">\n\n\t\t\t\t\t\t\t\t<h1 class=\"h1  mb-40 md:mb-60\">\n\n\t\tBiuro rachunkowe \u2013 Grodzisk Mazowiecki\n\n\t<\/h1>\n\t\t\t\n\t\t\t<div class=\"seo_section-description paragraph-m text-content\">\n\n\t\t\t\t<p>Czy wiesz, \u017ce coraz wi\u0119cej polskich przedsi\u0119biorc\u00f3w wybiera biuro rachunkowe online? Je\u015bli siedzib\u0105 Twojej firmy jest Grodzisk Mazowiecki, zapraszamy do wsp\u00f3\u0142pracy z Open Profit! Prowadzimy ksi\u0119gowo\u015b\u0107 w 100% zdalnie, dlatego nie musisz doje\u017cd\u017ca\u0107 na spotkania ani wysy\u0142a\u0107 dokument\u00f3w poczt\u0105.\u00a0<strong>Obs\u0142ugujemy mikro i ma\u0142e przedsi\u0119biorstwa z Grodziska Mazowieckiego\u00a0<\/strong>\u2013 ma\u0142e sp\u00f3\u0142ki, osoby na umowach B2B oraz jednoosobowe dzia\u0142alno\u015bci gospodarcze. Do\u0142\u0105cz do grona zadowolonych klient\u00f3w Open Profit i przekonaj si\u0119, \u017ce prowadzenie ksi\u0119gowo\u015bci jest naprawd\u0119 proste!<\/p>\n<p><span class=\"\">\n    <style>\n        .modernkb-wrapper {\n            margin: 20px 0;\n            padding: 0;\n        }\n        \n        .modernkb-button-container {\n            text-align: center;\n            margin: 30px auto 50px;\n        }\n        \n        .modernkb-cta-btn {\n            display: inline-flex !important;\n            align-items: center !important;\n            gap: 10px !important;\n            background-color: #7DD3C7 !important;\n            color: white !important;\n            border-radius: 6px !important;\n            padding: 16px 32px !important;\n            text-decoration: none !important;\n            font-weight: 600 !important;\n            font-size: 16px !important;\n            border: none !important;\n            box-shadow: 0 2px 8px rgba(125, 211, 199, 0.3) !important;\n            transition: all 0.3s ease !important;\n        }\n        \n        .modernkb-cta-btn:hover {\n            background-color: #6BC5B8 !important;\n            transform: translateY(-2px) !important;\n            box-shadow: 0 4px 12px rgba(125, 211, 199, 0.4) !important;\n            color: white !important;\n            text-decoration: none !important;\n        }\n        \n        .modernkb-header {\n            text-align: center;\n            margin-bottom: 40px;\n            font-size: 28px !important;\n            font-weight: 600 !important;\n            color: #2d3748 !important;\n            line-height: 1.3;\n        }\n        \n        .modernkb-grid {\n            display: grid;\n            grid-template-columns: repeat(auto-fit, minmax(250px, 1fr));\n            gap: 20px;\n            margin: 0;\n        }\n        \n        .modernkb-card {\n            background-color: #fff;\n            padding: 30px 20px;\n            border-radius: 8px;\n            box-shadow: 0 2px 10px rgba(0,0,0,0.08);\n            text-align: center;\n            border: 1px solid #e8e8e8;\n            transition: all 0.3s ease;\n            position: relative;\n            overflow: hidden;\n        }\n        \n        .modernkb-card::before {\n            content: \"\";\n            position: absolute;\n            top: 0;\n            left: 0;\n            right: 0;\n            height: 4px;\n            background: linear-gradient(90deg, #7DD3C7, #A8E6CF);\n            transform: scaleX(0);\n            transition: transform 0.3s ease;\n        }\n        \n        .modernkb-card:hover::before {\n            transform: scaleX(1);\n        }\n        \n        .modernkb-card:hover {\n            transform: translateY(-5px);\n            box-shadow: 0 8px 25px rgba(0,0,0,0.12);\n        }\n        \n        .modernkb-icon {\n            width: 60px;\n            height: 70px;\n            margin: 0 auto 20px;\n            display: flex;\n            align-items: center;\n            justify-content: center;\n            background-color: rgba(125, 211, 199, 0.08);\n            border-radius: 8px;\n            transition: all 0.3s ease;\n        }\n        \n        .modernkb-card:hover .modernkb-icon {\n            background-color: rgba(125, 211, 199, 0.15);\n            transform: scale(1.05);\n        }\n        \n        .modernkb-title {\n            font-size: 18px !important;\n            font-weight: 600 !important;\n            color: #2d3748 !important;\n            margin-bottom: 20px !important;\n            line-height: 1.4;\n            min-height: 50px;\n            display: flex;\n            align-items: center;\n            justify-content: center;\n            text-align: center;\n        }\n        \n        .modernkb-description {\n            background-color: #f8fafc;\n            padding: 20px;\n            border-radius: 6px;\n            font-size: 15px !important;\n            line-height: 1.6 !important;\n            color: #4a5568 !important;\n            text-align: center;\n        }\n        \n        .modernkb-highlight {\n            color: #7DD3C7 !important;\n            font-weight: 600;\n        }\n        \n        @media (max-width: 768px) {\n            .modernkb-grid {\n                grid-template-columns: 1fr;\n                gap: 16px;\n            }\n            \n            .modernkb-card {\n                padding: 25px 16px;\n            }\n            \n            .modernkb-header {\n                font-size: 24px !important;\n                margin-bottom: 30px;\n            }\n            \n            .modernkb-description {\n                padding: 16px;\n                font-size: 14px !important;\n            }\n            \n            .modernkb-title {\n                font-size: 16px !important;\n                min-height: 44px;\n            }\n        }\n    <\/style>\n        <div class=\"modernkb-wrapper\">\n        <div class=\"modernkb-button-container\">\n            <a href=\"\/o-nas\/\" target=\"\" class=\"modernkb-cta-btn\">\n                <span>Chc\u0119 pozna\u0107 Was bli\u017cej<\/span>\n                <svg xmlns=\"http:\/\/www.w3.org\/2000\/svg\" width=\"24\" height=\"24\" viewBox=\"0 0 32 32\" fill=\"none\">\n                    <path d=\"M21 3.03125L20.3438 3.75C18.875 5.36719 17.6641 6.08984 16.6562 6.5625C15.6484 7.03516 14.8008 7.17578 13.9688 7.8125C13.082 8.49219 11.793 9.79688 11.25 12.125C10.0859 12.3789 9.23438 12.8242 8.5625 13.4062C7.89844 13.9805 7.39844 14.6328 6.78125 15.3438C6.77734 15.3516 6.78516 15.3672 6.78125 15.375C5.89844 16.3906 5.125 17.4844 3.625 18.0625L3 18.3125V29H22.0625C23.1562 28.9414 23.9141 28.1836 24.375 27.4375C24.8359 26.6914 25.0898 25.8828 25.2188 25.2188C25.5508 23.5273 26.1562 18.6562 26.1562 18.6562L26.1875 18.5625V18.4688C26.1562 17.793 25.8789 17.2188 25.5312 16.6875L26.6562 13.3438L28.4375 10.6562L28.9375 9.9375L28.2812 9.34375L21.7188 3.65625L21 3.03125ZM21.0625 5.78125L26.2812 10.3125L24.9062 12.3438L24.8125 12.4375L24.7812 12.5938L23.875 15.2812C23.4023 15.0859 22.9141 14.9492 22.375 14.9688H22.3125L16 15H15V18.875C14.8594 19.9648 14.2539 20.3867 13.5 20.6875C13.25 20.7891 13.2188 20.7344 13 20.7812V14.9688C12.8359 11.2617 14.1562 10.1953 15.1875 9.40625C15.4727 9.1875 16.3086 8.93359 17.5 8.375C18.4961 7.90625 19.7344 7.06641 21.0625 5.78125ZM11.0625 14.375C11.0586 14.6016 10.9883 14.7617 11 15C11 15.0117 11 15.0195 11 15.0312V23H12C12 23 13.0703 22.9883 14.2188 22.5312C15.3672 22.0742 16.7539 21.0039 17 19.125V17L22.375 16.9688H22.4062C23.3281 16.918 24.0938 17.6172 24.1562 18.5312C24.1523 18.5469 24.1055 18.918 24.0938 19H20V21H23.8438C23.7383 21.7734 23.6406 22.2578 23.5312 23H20V25H23.2188C23.1133 25.4453 22.9023 25.9766 22.6562 26.375C22.3828 26.8203 22.1484 26.9883 21.9375 27H5V19.5312C6.62109 18.6719 7.62891 17.4336 8.28125 16.6875C8.95703 15.9141 9.42188 15.3281 9.875 14.9375C10.1719 14.6836 10.6367 14.5391 11.0625 14.375Z\" fill=\"white\"\/>\n                <\/svg>\n            <\/a>\n        <\/div>\n\n        <h2 class=\"modernkb-header\">Pomo\u017cemy Ci z:<\/h2>\n\n        <div class=\"modernkb-grid\">\n            <div class=\"modernkb-card\">\n                <div class=\"modernkb-icon\">\n                    <svg width=\"31\" height=\"37\" viewBox=\"0 0 31 37\" fill=\"none\" xmlns=\"http:\/\/www.w3.org\/2000\/svg\">\n    <path d=\"M15.0741 0C13.3504 0 12.1246 1.22049 11.5197 2.74074H0V37H30.1481V2.74074H18.6285C18.0236 1.22049 16.7977 0 15.0741 0ZM15.0741 2.74074C15.8342 2.74074 16.4444 3.35098 16.4444 4.11111V5.48148H20.5556V8.22222H9.59259V5.48148H13.7037V4.11111C13.7037 3.35098 14.3139 2.74074 15.0741 2.74074ZM2.74074 5.48148H6.85185V10.963H23.2963V5.48148H27.4074V34.2593H2.74074V5.48148ZM22.3113 15.4595L13.7037 24.0671L9.20718 19.5706L7.23727 21.5405L12.7188 27.022L13.7037 27.9641L14.6887 27.022L24.2812 17.4294L22.3113 15.4595Z\" fill=\"url(#paint0_linear_232_14034)\"><\/path>\n    <defs>\n    <linearGradient id=\"paint0_linear_232_14034\" x1=\"8.03574\" y1=\"18.5\" x2=\"22.0781\" y2=\"18.5\" gradientUnits=\"userSpaceOnUse\">\n    <stop stop-color=\"#7DD3C7\"><\/stop>\n    <stop offset=\"1\" stop-color=\"#A8E6CF\"><\/stop>\n    <\/linearGradient>\n    <\/defs>\n    <\/svg>                <\/div>\n                <h3 class=\"modernkb-title\">Ksi\u0119g\u0105 przychod\u00f3w i rozchod\u00f3w<\/h3>\n                <div class=\"modernkb-description\">\n                                            Profesjonalne prowadzenie KPiR z terminowo\u015bci\u0105 i zgodno\u015bci\u0105 z przepisami. Zaoszcz\u0119d\u017a czas i uniknij b\u0142\u0119d\u00f3w.\n                                    <\/div>\n            <\/div>\n\n            <div class=\"modernkb-card\">\n                <div class=\"modernkb-icon\">\n                    <svg width=\"31\" height=\"37\" viewBox=\"0 0 31 37\" fill=\"none\" xmlns=\"http:\/\/www.w3.org\/2000\/svg\">\n    <path d=\"M15.0741 0C13.3504 0 12.1246 1.22049 11.5197 2.74074H0V37H30.1481V2.74074H18.6285C18.0236 1.22049 16.7977 0 15.0741 0ZM15.0741 2.74074C15.8342 2.74074 16.4444 3.35098 16.4444 4.11111V5.48148H20.5556V8.22222H9.59259V5.48148H13.7037V4.11111C13.7037 3.35098 14.3139 2.74074 15.0741 2.74074ZM2.74074 5.48148H6.85185V10.963H23.2963V5.48148H27.4074V34.2593H2.74074V5.48148ZM22.3113 15.4595L13.7037 24.0671L9.20718 19.5706L7.23727 21.5405L12.7188 27.022L13.7037 27.9641L14.6887 27.022L24.2812 17.4294L22.3113 15.4595Z\" fill=\"url(#paint0_linear_232_14035)\"><\/path>\n    <defs>\n    <linearGradient id=\"paint0_linear_232_14035\" x1=\"8.03574\" y1=\"18.5\" x2=\"22.0781\" y2=\"18.5\" gradientUnits=\"userSpaceOnUse\">\n    <stop stop-color=\"#7DD3C7\"><\/stop>\n    <stop offset=\"1\" stop-color=\"#A8E6CF\"><\/stop>\n    <\/linearGradient>\n    <\/defs>\n    <\/svg>                <\/div>\n                <h3 class=\"modernkb-title\">Rycza\u0142tem ewidencjonowanym<\/h3>\n                <div class=\"modernkb-description\">\n                                            Kompleksowa obs\u0142uga rycza\u0142tu z <span class=\"modernkb-highlight\">optymalizacj\u0105 stawek<\/span> i terminowymi rozliczeniami.\n                                    <\/div>\n            <\/div>\n\n            <div class=\"modernkb-card\">\n                <div class=\"modernkb-icon\">\n                    <svg width=\"31\" height=\"37\" viewBox=\"0 0 31 37\" fill=\"none\" xmlns=\"http:\/\/www.w3.org\/2000\/svg\">\n    <path d=\"M15.0741 0C13.3504 0 12.1246 1.22049 11.5197 2.74074H0V37H30.1481V2.74074H18.6285C18.0236 1.22049 16.7977 0 15.0741 0ZM15.0741 2.74074C15.8342 2.74074 16.4444 3.35098 16.4444 4.11111V5.48148H20.5556V8.22222H9.59259V5.48148H13.7037V4.11111C13.7037 3.35098 14.3139 2.74074 15.0741 2.74074ZM2.74074 5.48148H6.85185V10.963H23.2963V5.48148H27.4074V34.2593H2.74074V5.48148ZM22.3113 15.4595L13.7037 24.0671L9.20718 19.5706L7.23727 21.5405L12.7188 27.022L13.7037 27.9641L14.6887 27.022L24.2812 17.4294L22.3113 15.4595Z\" fill=\"url(#paint0_linear_232_14036)\"><\/path>\n    <defs>\n    <linearGradient id=\"paint0_linear_232_14036\" x1=\"8.03574\" y1=\"18.5\" x2=\"22.0781\" y2=\"18.5\" gradientUnits=\"userSpaceOnUse\">\n    <stop stop-color=\"#7DD3C7\"><\/stop>\n    <stop offset=\"1\" stop-color=\"#A8E6CF\"><\/stop>\n    <\/linearGradient>\n    <\/defs>\n    <\/svg>                <\/div>\n                <h3 class=\"modernkb-title\">Kart\u0105 podatkow\u0105<\/h3>\n                <div class=\"modernkb-description\">\n                                            Sprawdzenie kwalifikacji, <span class=\"modernkb-highlight\">ocena op\u0142acalno\u015bci<\/span> i obs\u0142uga formalno\u015bci karty podatkowej.\n                                    <\/div>\n            <\/div>\n\n            <div class=\"modernkb-card\">\n                <div class=\"modernkb-icon\">\n                    <svg width=\"31\" height=\"37\" viewBox=\"0 0 31 37\" fill=\"none\" xmlns=\"http:\/\/www.w3.org\/2000\/svg\">\n    <path d=\"M15.0741 0C13.3504 0 12.1246 1.22049 11.5197 2.74074H0V37H30.1481V2.74074H18.6285C18.0236 1.22049 16.7977 0 15.0741 0ZM15.0741 2.74074C15.8342 2.74074 16.4444 3.35098 16.4444 4.11111V5.48148H20.5556V8.22222H9.59259V5.48148H13.7037V4.11111C13.7037 3.35098 14.3139 2.74074 15.0741 2.74074ZM2.74074 5.48148H6.85185V10.963H23.2963V5.48148H27.4074V34.2593H2.74074V5.48148ZM22.3113 15.4595L13.7037 24.0671L9.20718 19.5706L7.23727 21.5405L12.7188 27.022L13.7037 27.9641L14.6887 27.022L24.2812 17.4294L22.3113 15.4595Z\" fill=\"url(#paint0_linear_232_14037)\"><\/path>\n    <defs>\n    <linearGradient id=\"paint0_linear_232_14037\" x1=\"8.03574\" y1=\"18.5\" x2=\"22.0781\" y2=\"18.5\" gradientUnits=\"userSpaceOnUse\">\n    <stop stop-color=\"#7DD3C7\"><\/stop>\n    <stop offset=\"1\" stop-color=\"#A8E6CF\"><\/stop>\n    <\/linearGradient>\n    <\/defs>\n    <\/svg>                <\/div>\n                <h3 class=\"modernkb-title\">Pe\u0142n\u0105 ksi\u0119gowo\u015bci\u0105<\/h3>\n                <div class=\"modernkb-description\">\n                                            Kompleksowe prowadzenie ksi\u0105g rachunkowych &#8211; <span class=\"modernkb-highlight\">od zapis\u00f3w po sprawozdania<\/span>.\n                                    <\/div>\n            <\/div>\n        <\/div>\n    <\/div>\n    <\/span><\/p>\n<h2><strong>Grodzisk Mazowiecki \u2013 oferta biura rachunkowego Open Profit<\/strong><\/h2>\n<p>Nasze biuro ksi\u0119gowe oferuje kompleksowe us\u0142ugi dla przedsi\u0119biorc\u00f3w z Grodziska Mazowieckiego. Pomagamy prowadzi\u0107 ksi\u0119gowo\u015b\u0107, wspieramy klient\u00f3w w obs\u0142udze kadrowo-p\u0142acowej oraz oferujemy rekomendacje prawno-podatkowe. Wspieramy tak\u017ce osoby, kt\u00f3re dopiero zak\u0142adaj\u0105 dzia\u0142alno\u015b\u0107 w Grodzisku Mazowieckim \u2013 nasza ksi\u0119gowa pomo\u017ce w\u00a0<a href=\"https:\/\/openprofit.pl\/oferta\/rejestracja-dzialalnosci-firmy\/\"><u>rejestracji firmy<\/u><\/a>\u00a0oraz wesprze Ci\u0119 w dope\u0142nianiu formalno\u015bci.<\/p>\n<p><strong>Oferta dla przedsi\u0119biorc\u00f3w:<\/strong><\/p>\n<ul>\n<li><a href=\"https:\/\/openprofit.pl\/oferta\/uslugi-ksiegowe\/\"><strong><u>Us\u0142ugi ksi\u0119gowe<\/u><\/strong><\/a>\u00a0\u2013 Grodzisk Mazowiecki to siedziba Twojej firmy? Zyskaj profesjonalne wsparcie ksi\u0119gowe i czas na rozw\u00f3j biznesu. Nasz\u0105 specjalno\u015bci\u0105 jest zar\u00f3wno ma\u0142a, jak i pe\u0142na ksi\u0119gowo\u015b\u0107.<\/li>\n<li><a href=\"https:\/\/openprofit.pl\/oferta\/kadry-i-place\/\"><strong><u>Kadry i p\u0142ace<\/u><\/strong><\/a>\u00a0\u2013\u00a0\u00a0dostarczamy gotowe wzory um\u00f3w i wspieramy firmy w dzia\u0142aniach analityczno-organizacyjnych. Je\u015bli zatrudniasz pracownik\u00f3w w Grodzisku Mazowieckim, pomo\u017cemy Ci we wszystkich obowi\u0105zkach kadrowo-p\u0142acowych.<\/li>\n<li><a href=\"https:\/\/openprofit.pl\/oferta\/uslugi-doradcze\/\"><strong><u>Us\u0142ugi doradcze<\/u><\/strong><\/a>\u00a0\u2013 nasze biuro ksi\u0119gowe oferuje r\u00f3wnie\u017c rekomendacje prawno-podatkowe w zakresie zatrudniania wsp\u00f3\u0142pracownik\u00f3w czy wyboru formy dzia\u0142alno\u015bci i opodatkowania. Zapewniamy tak\u017ce doradztwo bie\u017c\u0105ce i specjalistyczne.<\/li>\n<\/ul>\n<h2><strong>Ksi\u0119gowo\u015b\u0107 online, Grodzisk Mazowiecki \u2013 dlaczego my?<\/strong><\/h2>\n<p>Biuro ksi\u0119gowe Open Profit dzia\u0142a w 100% zdalnie, o czym mog\u0105 si\u0119 przekona\u0107 przedsi\u0119biorcy zamieszkuj\u0105cy Grodzisk Mazowiecki. Je\u015bli zastanawiasz si\u0119, czy warto postawi\u0107 na ksi\u0119gowo\u015b\u0107 online, sprawd\u017a\u00a0<a href=\"https:\/\/openprofit.pl\/opinie\/\"><u>opinie naszych klient\u00f3w<\/u><\/a>\u00a0i zalety wsp\u00f3\u0142pracy z Open Profit:<\/p>\n<ul>\n<li><strong>do\u015bwiadczenie<\/strong>\u00a0\u2013 dzia\u0142amy ju\u017c od 2005 roku i zatrudniamy ponad 40 specjalist\u00f3w,<\/li>\n<li><strong>bezpiecze\u0144stwo<\/strong>\u00a0\u2013 ka\u017cdy ksi\u0119gowy jest pracownikiem Open Profit: nie wsp\u00f3\u0142pracujemy z zewn\u0119trznymi ksi\u0119gowymi i mamy polis\u0119 na ponad 1 000 000 z\u0142otych,<\/li>\n<li><strong>indywidualny Opiekun Klienta<\/strong>\u00a0\u2013 Twoimi sprawami zajmuje si\u0119 dedykowany ksi\u0119gowy, z kt\u00f3rym pozostajesz w sta\u0142ym kontakcie,<\/li>\n<li><strong>spersonalizowana oferta<\/strong>\u00a0\u2013 dopasowujemy si\u0119 do potrzeb klient\u00f3w, dlatego oferujemy m.in.\u00a0<a href=\"https:\/\/openprofit.pl\/oferta\/uslugi-dla-programistow\/\"><u>us\u0142ugi dla programist\u00f3w<\/u><\/a>\u00a0i\u00a0<a href=\"https:\/\/openprofit.pl\/oferta\/uslugi-dla-e-commerce\/\"><u>us\u0142ugi dla e-commerce<\/u><\/a>,<\/li>\n<li><strong>oszcz\u0119dno\u015b\u0107 czasu<\/strong>\u00a0\u2013 zapomnij o czasoch\u0142onnych dojazdach do biura ksi\u0119gowego: dzia\u0142amy w 100% zdalnie,<\/li>\n<li><strong>zdalna ksi\u0119gowo\u015b\u0107<\/strong>\u00a0\u2013 zapewniamy dost\u0119p do ksi\u0119gowo\u015bci 24\/7 oraz firmowe konto na Dropbox.<\/li>\n<\/ul>\n<p>Ksi\u0119gowy online to najlepszy wyb\u00f3r dla mikro i ma\u0142ych przedsi\u0119biorstw, kt\u00f3rych siedzib\u0105 jest Grodzisk Mazowiecki. Biuro ksi\u0119gowe Open Profit zapewnia wygod\u0119, oszcz\u0119dno\u015b\u0107 czasu i wsparcie w prowadzeniu biznesu.\u00a0<a href=\"https:\/\/openprofit.pl\/kontakt\/\"><u>Skontaktuj si\u0119 z nami<\/u><\/a>, by pozna\u0107 szczeg\u00f3\u0142y dotycz\u0105ce wsp\u00f3\u0142pracy. Zapraszamy!<\/p>\n\n\t\t\t<\/div>\n\n\t\t<\/div>\n\t<\/div>\n\t\n<\/section>\n","protected":false},"excerpt":{"rendered":"","protected":false},"author":13,"featured_media":0,"parent":2863,"menu_order":0,"comment_status":"closed","ping_status":"closed","template":"","meta":{"_acf_changed":false,"inline_featured_image":false,"editor_plus_copied_stylings":"{}","footnotes":""},"class_list":["post-2603","page","type-page","status-publish","hentry"],"acf":[],"yoast_head":"<!-- This site is optimized with the Yoast SEO plugin v27.3 - https:\/\/yoast.com\/product\/yoast-seo-wordpress\/ -->\n<title>Biuro rachunkowe \u2013 Grodzisk Mazowiecki | biuro rachunkowe i podatkowe - us\u0142ugi ksi\u0119gowe | openprofit.pl<\/title>\n<meta name=\"description\" content=\"Prowadzisz firm\u0119 w Grodzisku Mazowieckim? Sprawd\u017a ofert\u0119 dla Twojego miasta i dowiedz si\u0119, na czym polegaj\u0105 nowoczesne us\u0142ugi ksi\u0119gowe online!\" \/>\n<meta name=\"robots\" content=\"index, follow, max-snippet:-1, max-image-preview:large, max-video-preview:-1\" \/>\n<link rel=\"canonical\" href=\"https:\/\/openprofit.pl\/mazowieckie\/biuro-rachunkowe-grodzisk-mazowiecki\/\" \/>\n<meta property=\"og:locale\" content=\"pl_PL\" \/>\n<meta property=\"og:type\" content=\"article\" \/>\n<meta property=\"og:title\" content=\"Biuro rachunkowe \u2013 Grodzisk Mazowiecki | biuro rachunkowe i podatkowe - us\u0142ugi ksi\u0119gowe | openprofit.pl\" \/>\n<meta property=\"og:description\" content=\"Prowadzisz firm\u0119 w Grodzisku Mazowieckim? Sprawd\u017a ofert\u0119 dla Twojego miasta i dowiedz si\u0119, na czym polegaj\u0105 nowoczesne us\u0142ugi ksi\u0119gowe online!\" \/>\n<meta property=\"og:url\" content=\"https:\/\/openprofit.pl\/mazowieckie\/biuro-rachunkowe-grodzisk-mazowiecki\/\" \/>\n<meta property=\"og:site_name\" content=\"openprofit.pl\" \/>\n<meta property=\"article:modified_time\" content=\"2025-06-09T07:18:48+00:00\" \/>\n<meta name=\"twitter:card\" content=\"summary_large_image\" \/>\n<!-- \/ Yoast SEO plugin. -->","yoast_head_json":{"title":"Biuro rachunkowe \u2013 Grodzisk Mazowiecki | biuro rachunkowe i podatkowe - us\u0142ugi ksi\u0119gowe | openprofit.pl","description":"Prowadzisz firm\u0119 w Grodzisku Mazowieckim? Sprawd\u017a ofert\u0119 dla Twojego miasta i dowiedz si\u0119, na czym polegaj\u0105 nowoczesne us\u0142ugi ksi\u0119gowe online!","robots":{"index":"index","follow":"follow","max-snippet":"max-snippet:-1","max-image-preview":"max-image-preview:large","max-video-preview":"max-video-preview:-1"},"canonical":"https:\/\/openprofit.pl\/mazowieckie\/biuro-rachunkowe-grodzisk-mazowiecki\/","og_locale":"pl_PL","og_type":"article","og_title":"Biuro rachunkowe \u2013 Grodzisk Mazowiecki | biuro rachunkowe i podatkowe - us\u0142ugi ksi\u0119gowe | openprofit.pl","og_description":"Prowadzisz firm\u0119 w Grodzisku Mazowieckim? Sprawd\u017a ofert\u0119 dla Twojego miasta i dowiedz si\u0119, na czym polegaj\u0105 nowoczesne us\u0142ugi ksi\u0119gowe online!","og_url":"https:\/\/openprofit.pl\/mazowieckie\/biuro-rachunkowe-grodzisk-mazowiecki\/","og_site_name":"openprofit.pl","article_modified_time":"2025-06-09T07:18:48+00:00","twitter_card":"summary_large_image","schema":{"@context":"https:\/\/schema.org","@graph":[{"@type":"WebPage","@id":"https:\/\/openprofit.pl\/mazowieckie\/biuro-rachunkowe-grodzisk-mazowiecki\/","url":"https:\/\/openprofit.pl\/mazowieckie\/biuro-rachunkowe-grodzisk-mazowiecki\/","name":"Biuro rachunkowe \u2013 Grodzisk Mazowiecki | biuro rachunkowe i podatkowe - us\u0142ugi ksi\u0119gowe | openprofit.pl","isPartOf":{"@id":"https:\/\/openprofit.pl\/#website"},"datePublished":"2024-09-23T10:48:59+00:00","dateModified":"2025-06-09T07:18:48+00:00","description":"Prowadzisz firm\u0119 w Grodzisku Mazowieckim? Sprawd\u017a ofert\u0119 dla Twojego miasta i dowiedz si\u0119, na czym polegaj\u0105 nowoczesne us\u0142ugi ksi\u0119gowe online!","breadcrumb":{"@id":"https:\/\/openprofit.pl\/mazowieckie\/biuro-rachunkowe-grodzisk-mazowiecki\/#breadcrumb"},"inLanguage":"pl-PL","potentialAction":[{"@type":"ReadAction","target":["https:\/\/openprofit.pl\/mazowieckie\/biuro-rachunkowe-grodzisk-mazowiecki\/"]}]},{"@type":"BreadcrumbList","@id":"https:\/\/openprofit.pl\/mazowieckie\/biuro-rachunkowe-grodzisk-mazowiecki\/#breadcrumb","itemListElement":[{"@type":"ListItem","position":1,"name":"Strona g\u0142\u00f3wna","item":"https:\/\/openprofit.pl\/"},{"@type":"ListItem","position":2,"name":"Ksi\u0119gowo\u015b\u0107 online \u2013 mazowieckie","item":"https:\/\/openprofit.pl\/mazowieckie\/"},{"@type":"ListItem","position":3,"name":"Biuro rachunkowe \u2013 Grodzisk Mazowiecki"}]},{"@type":"WebSite","@id":"https:\/\/openprofit.pl\/#website","url":"https:\/\/openprofit.pl\/","name":"openprofit.pl","description":"Twoje zdalne biuro rachunkowe","potentialAction":[{"@type":"SearchAction","target":{"@type":"EntryPoint","urlTemplate":"https:\/\/openprofit.pl\/?s={search_term_string}"},"query-input":{"@type":"PropertyValueSpecification","valueRequired":true,"valueName":"search_term_string"}}],"inLanguage":"pl-PL"}]}},"gutenberg_blocks":[{"blockName":"custom-styles","attrs":{"styles":""}},{"blockName":"acf\/seo-section","attrs":{"container":"","disable_contact_section_above_footer":false,"schema_faq":""},"innerBlocks":[],"innerHTML":"","innerContent":[]}],"meta_data":{"container":"","disable_contact_section_above_footer":false,"schema_faq":""},"_links":{"self":[{"href":"https:\/\/openprofit.pl\/index.php\/wp-json\/wp\/v2\/pages\/2603","targetHints":{"allow":["GET"]}}],"collection":[{"href":"https:\/\/openprofit.pl\/index.php\/wp-json\/wp\/v2\/pages"}],"about":[{"href":"https:\/\/openprofit.pl\/index.php\/wp-json\/wp\/v2\/types\/page"}],"author":[{"embeddable":true,"href":"https:\/\/openprofit.pl\/index.php\/wp-json\/wp\/v2\/users\/13"}],"replies":[{"embeddable":true,"href":"https:\/\/openprofit.pl\/index.php\/wp-json\/wp\/v2\/comments?post=2603"}],"version-history":[{"count":2,"href":"https:\/\/openprofit.pl\/index.php\/wp-json\/wp\/v2\/pages\/2603\/revisions"}],"predecessor-version":[{"id":2949,"href":"https:\/\/openprofit.pl\/index.php\/wp-json\/wp\/v2\/pages\/2603\/revisions\/2949"}],"up":[{"embeddable":true,"href":"https:\/\/openprofit.pl\/index.php\/wp-json\/wp\/v2\/pages\/2863"}],"wp:attachment":[{"href":"https:\/\/openprofit.pl\/index.php\/wp-json\/wp\/v2\/media?parent=2603"}],"curies":[{"name":"wp","href":"https:\/\/api.w.org\/{rel}","templated":true}]}}