{"id":2594,"date":"2024-09-23T12:06:32","date_gmt":"2024-09-23T10:06:32","guid":{"rendered":"https:\/\/openprofit.pl\/?page_id=2594"},"modified":"2025-06-09T08:52:14","modified_gmt":"2025-06-09T06:52:14","slug":"biuro-rachunkowe-tychy","status":"publish","type":"page","link":"https:\/\/openprofit.pl\/slaskie\/biuro-rachunkowe-tychy\/","title":{"rendered":"Biuro rachunkowe \u2013 Tychy"},"content":{"rendered":"\n<section class=\"seo_section relative container section-margin\">\n\t\t\t<div class=\"flex flex-col w-full max-w-[113.2rem] justify-center mx-auto breadcrumbsSpace\">\n\t\t\t<div class=\"breadcrumbs mb-19 lg:mb-39 mx-auto max-w-full\">\n\t\t\t\t<div class=\"breadcrumbs__inner flex md:w-full\">\n\t\t\t\t\t<span><span><a href=\"https:\/\/openprofit.pl\/\">Strona g\u0142\u00f3wna<\/a><\/span><\/span>\n\t\t\t\t<\/div>\n\t\t\t<\/div>\n\t\t<\/div>\n\t\t<div class=\"text-center\">\n\t\t\n\t\t<div class=\"flex flex-col w-full max-w-[113.2rem] justify-center mx-auto\">\n\n\t\t\t\t\t\t\t\t<h1 class=\"h1  mb-40 md:mb-60\">\n\n\t\tBiuro rachunkowe \u2013 Tychy\n\n\t<\/h1>\n\t\t\t\n\t\t\t<div class=\"seo_section-description paragraph-m text-content\">\n\n\t\t\t\t<p>Tychy to miasto, w kt\u00f3rym prowadzisz firm\u0119? Nasze <strong>zdalne biuro rachunkowe<\/strong> obs\u0142uguje przedsi\u0119biorc\u00f3w z ca\u0142ej Polski, r\u00f3wnie\u017c z Tych\u00f3w. Oferujemy us\u0142ugi ksi\u0119gowe, obs\u0142ug\u0119 kadrowo-p\u0142acow\u0105 oraz rekomendacje prawno-podatkowe. Tychy to tak\u017ce lokalizacja, w kt\u00f3rej pomagamy pocz\u0105tkuj\u0105cym przedsi\u0119biorcom w dope\u0142nieniu formalno\u015bci zwi\u0105zanych z rejestracj\u0105 firmy. <strong>Obs\u0142ugujemy ma\u0142e sp\u00f3\u0142ki, osoby na B2B oraz jednoosobowe dzia\u0142alno\u015bci gospodarcze.<\/strong> Nasz\u0105 ofert\u0119 kierujemy do nowoczesnych przedsi\u0119biorc\u00f3w z Tych\u00f3w, kt\u00f3rzy chc\u0105 prowadzi\u0107 ksi\u0119gowo\u015b\u0107 w 100% zdalnie \u2013 bez dojazd\u00f3w do biura rachunkowego i dostarczania papierowych dokument\u00f3w.<\/p>\n\n    <style>\n        .modernkb-wrapper {\n            margin: 20px 0;\n            padding: 0;\n        }\n        \n        .modernkb-button-container {\n            text-align: center;\n            margin: 30px auto 50px;\n        }\n        \n        .modernkb-cta-btn {\n            display: inline-flex !important;\n            align-items: center !important;\n            gap: 10px !important;\n            background-color: #7DD3C7 !important;\n            color: white !important;\n            border-radius: 6px !important;\n            padding: 16px 32px !important;\n            text-decoration: none !important;\n            font-weight: 600 !important;\n            font-size: 16px !important;\n            border: none !important;\n            box-shadow: 0 2px 8px rgba(125, 211, 199, 0.3) !important;\n            transition: all 0.3s ease !important;\n        }\n        \n        .modernkb-cta-btn:hover {\n            background-color: #6BC5B8 !important;\n            transform: translateY(-2px) !important;\n            box-shadow: 0 4px 12px rgba(125, 211, 199, 0.4) !important;\n            color: white !important;\n            text-decoration: none !important;\n        }\n        \n        .modernkb-header {\n            text-align: center;\n            margin-bottom: 40px;\n            font-size: 28px !important;\n            font-weight: 600 !important;\n            color: #2d3748 !important;\n            line-height: 1.3;\n        }\n        \n        .modernkb-grid {\n            display: grid;\n            grid-template-columns: repeat(auto-fit, minmax(250px, 1fr));\n            gap: 20px;\n            margin: 0;\n        }\n        \n        .modernkb-card {\n            background-color: #fff;\n            padding: 30px 20px;\n            border-radius: 8px;\n            box-shadow: 0 2px 10px rgba(0,0,0,0.08);\n            text-align: center;\n            border: 1px solid #e8e8e8;\n            transition: all 0.3s ease;\n            position: relative;\n            overflow: hidden;\n        }\n        \n        .modernkb-card::before {\n            content: \"\";\n            position: absolute;\n            top: 0;\n            left: 0;\n            right: 0;\n            height: 4px;\n            background: linear-gradient(90deg, #7DD3C7, #A8E6CF);\n            transform: scaleX(0);\n            transition: transform 0.3s ease;\n        }\n        \n        .modernkb-card:hover::before {\n            transform: scaleX(1);\n        }\n        \n        .modernkb-card:hover {\n            transform: translateY(-5px);\n            box-shadow: 0 8px 25px rgba(0,0,0,0.12);\n        }\n        \n        .modernkb-icon {\n            width: 60px;\n            height: 70px;\n            margin: 0 auto 20px;\n            display: flex;\n            align-items: center;\n            justify-content: center;\n            background-color: rgba(125, 211, 199, 0.08);\n            border-radius: 8px;\n            transition: all 0.3s ease;\n        }\n        \n        .modernkb-card:hover .modernkb-icon {\n            background-color: rgba(125, 211, 199, 0.15);\n            transform: scale(1.05);\n        }\n        \n        .modernkb-title {\n            font-size: 18px !important;\n            font-weight: 600 !important;\n            color: #2d3748 !important;\n            margin-bottom: 20px !important;\n            line-height: 1.4;\n            min-height: 50px;\n            display: flex;\n            align-items: center;\n            justify-content: center;\n            text-align: center;\n        }\n        \n        .modernkb-description {\n            background-color: #f8fafc;\n            padding: 20px;\n            border-radius: 6px;\n            font-size: 15px !important;\n            line-height: 1.6 !important;\n            color: #4a5568 !important;\n            text-align: center;\n        }\n        \n        .modernkb-highlight {\n            color: #7DD3C7 !important;\n            font-weight: 600;\n        }\n        \n        @media (max-width: 768px) {\n            .modernkb-grid {\n                grid-template-columns: 1fr;\n                gap: 16px;\n            }\n            \n            .modernkb-card {\n                padding: 25px 16px;\n            }\n            \n            .modernkb-header {\n                font-size: 24px !important;\n                margin-bottom: 30px;\n            }\n            \n            .modernkb-description {\n                padding: 16px;\n                font-size: 14px !important;\n            }\n            \n            .modernkb-title {\n                font-size: 16px !important;\n                min-height: 44px;\n            }\n        }\n    <\/style>\n        <div class=\"modernkb-wrapper\">\n        <div class=\"modernkb-button-container\">\n            <a href=\"\/o-nas\/\" target=\"\" class=\"modernkb-cta-btn\">\n                <span>Chc\u0119 pozna\u0107 Was bli\u017cej<\/span>\n                <svg xmlns=\"http:\/\/www.w3.org\/2000\/svg\" width=\"24\" height=\"24\" viewBox=\"0 0 32 32\" fill=\"none\">\n                    <path d=\"M21 3.03125L20.3438 3.75C18.875 5.36719 17.6641 6.08984 16.6562 6.5625C15.6484 7.03516 14.8008 7.17578 13.9688 7.8125C13.082 8.49219 11.793 9.79688 11.25 12.125C10.0859 12.3789 9.23438 12.8242 8.5625 13.4062C7.89844 13.9805 7.39844 14.6328 6.78125 15.3438C6.77734 15.3516 6.78516 15.3672 6.78125 15.375C5.89844 16.3906 5.125 17.4844 3.625 18.0625L3 18.3125V29H22.0625C23.1562 28.9414 23.9141 28.1836 24.375 27.4375C24.8359 26.6914 25.0898 25.8828 25.2188 25.2188C25.5508 23.5273 26.1562 18.6562 26.1562 18.6562L26.1875 18.5625V18.4688C26.1562 17.793 25.8789 17.2188 25.5312 16.6875L26.6562 13.3438L28.4375 10.6562L28.9375 9.9375L28.2812 9.34375L21.7188 3.65625L21 3.03125ZM21.0625 5.78125L26.2812 10.3125L24.9062 12.3438L24.8125 12.4375L24.7812 12.5938L23.875 15.2812C23.4023 15.0859 22.9141 14.9492 22.375 14.9688H22.3125L16 15H15V18.875C14.8594 19.9648 14.2539 20.3867 13.5 20.6875C13.25 20.7891 13.2188 20.7344 13 20.7812V14.9688C12.8359 11.2617 14.1562 10.1953 15.1875 9.40625C15.4727 9.1875 16.3086 8.93359 17.5 8.375C18.4961 7.90625 19.7344 7.06641 21.0625 5.78125ZM11.0625 14.375C11.0586 14.6016 10.9883 14.7617 11 15C11 15.0117 11 15.0195 11 15.0312V23H12C12 23 13.0703 22.9883 14.2188 22.5312C15.3672 22.0742 16.7539 21.0039 17 19.125V17L22.375 16.9688H22.4062C23.3281 16.918 24.0938 17.6172 24.1562 18.5312C24.1523 18.5469 24.1055 18.918 24.0938 19H20V21H23.8438C23.7383 21.7734 23.6406 22.2578 23.5312 23H20V25H23.2188C23.1133 25.4453 22.9023 25.9766 22.6562 26.375C22.3828 26.8203 22.1484 26.9883 21.9375 27H5V19.5312C6.62109 18.6719 7.62891 17.4336 8.28125 16.6875C8.95703 15.9141 9.42188 15.3281 9.875 14.9375C10.1719 14.6836 10.6367 14.5391 11.0625 14.375Z\" fill=\"white\"\/>\n                <\/svg>\n            <\/a>\n        <\/div>\n\n        <h2 class=\"modernkb-header\">Pomo\u017cemy Ci z:<\/h2>\n\n        <div class=\"modernkb-grid\">\n            <div class=\"modernkb-card\">\n                <div class=\"modernkb-icon\">\n                    <svg width=\"31\" height=\"37\" viewBox=\"0 0 31 37\" fill=\"none\" xmlns=\"http:\/\/www.w3.org\/2000\/svg\">\n    <path d=\"M15.0741 0C13.3504 0 12.1246 1.22049 11.5197 2.74074H0V37H30.1481V2.74074H18.6285C18.0236 1.22049 16.7977 0 15.0741 0ZM15.0741 2.74074C15.8342 2.74074 16.4444 3.35098 16.4444 4.11111V5.48148H20.5556V8.22222H9.59259V5.48148H13.7037V4.11111C13.7037 3.35098 14.3139 2.74074 15.0741 2.74074ZM2.74074 5.48148H6.85185V10.963H23.2963V5.48148H27.4074V34.2593H2.74074V5.48148ZM22.3113 15.4595L13.7037 24.0671L9.20718 19.5706L7.23727 21.5405L12.7188 27.022L13.7037 27.9641L14.6887 27.022L24.2812 17.4294L22.3113 15.4595Z\" fill=\"url(#paint0_linear_232_14034)\"><\/path>\n    <defs>\n    <linearGradient id=\"paint0_linear_232_14034\" x1=\"8.03574\" y1=\"18.5\" x2=\"22.0781\" y2=\"18.5\" gradientUnits=\"userSpaceOnUse\">\n    <stop stop-color=\"#7DD3C7\"><\/stop>\n    <stop offset=\"1\" stop-color=\"#A8E6CF\"><\/stop>\n    <\/linearGradient>\n    <\/defs>\n    <\/svg>                <\/div>\n                <h3 class=\"modernkb-title\">Ksi\u0119g\u0105 przychod\u00f3w i rozchod\u00f3w<\/h3>\n                <div class=\"modernkb-description\">\n                                            Profesjonalne prowadzenie KPiR z terminowo\u015bci\u0105 i zgodno\u015bci\u0105 z przepisami. Zaoszcz\u0119d\u017a czas i uniknij b\u0142\u0119d\u00f3w.\n                                    <\/div>\n            <\/div>\n\n            <div class=\"modernkb-card\">\n                <div class=\"modernkb-icon\">\n                    <svg width=\"31\" height=\"37\" viewBox=\"0 0 31 37\" fill=\"none\" xmlns=\"http:\/\/www.w3.org\/2000\/svg\">\n    <path d=\"M15.0741 0C13.3504 0 12.1246 1.22049 11.5197 2.74074H0V37H30.1481V2.74074H18.6285C18.0236 1.22049 16.7977 0 15.0741 0ZM15.0741 2.74074C15.8342 2.74074 16.4444 3.35098 16.4444 4.11111V5.48148H20.5556V8.22222H9.59259V5.48148H13.7037V4.11111C13.7037 3.35098 14.3139 2.74074 15.0741 2.74074ZM2.74074 5.48148H6.85185V10.963H23.2963V5.48148H27.4074V34.2593H2.74074V5.48148ZM22.3113 15.4595L13.7037 24.0671L9.20718 19.5706L7.23727 21.5405L12.7188 27.022L13.7037 27.9641L14.6887 27.022L24.2812 17.4294L22.3113 15.4595Z\" fill=\"url(#paint0_linear_232_14035)\"><\/path>\n    <defs>\n    <linearGradient id=\"paint0_linear_232_14035\" x1=\"8.03574\" y1=\"18.5\" x2=\"22.0781\" y2=\"18.5\" gradientUnits=\"userSpaceOnUse\">\n    <stop stop-color=\"#7DD3C7\"><\/stop>\n    <stop offset=\"1\" stop-color=\"#A8E6CF\"><\/stop>\n    <\/linearGradient>\n    <\/defs>\n    <\/svg>                <\/div>\n                <h3 class=\"modernkb-title\">Rycza\u0142tem ewidencjonowanym<\/h3>\n                <div class=\"modernkb-description\">\n                                            Kompleksowa obs\u0142uga rycza\u0142tu z <span class=\"modernkb-highlight\">optymalizacj\u0105 stawek<\/span> i terminowymi rozliczeniami.\n                                    <\/div>\n            <\/div>\n\n            <div class=\"modernkb-card\">\n                <div class=\"modernkb-icon\">\n                    <svg width=\"31\" height=\"37\" viewBox=\"0 0 31 37\" fill=\"none\" xmlns=\"http:\/\/www.w3.org\/2000\/svg\">\n    <path d=\"M15.0741 0C13.3504 0 12.1246 1.22049 11.5197 2.74074H0V37H30.1481V2.74074H18.6285C18.0236 1.22049 16.7977 0 15.0741 0ZM15.0741 2.74074C15.8342 2.74074 16.4444 3.35098 16.4444 4.11111V5.48148H20.5556V8.22222H9.59259V5.48148H13.7037V4.11111C13.7037 3.35098 14.3139 2.74074 15.0741 2.74074ZM2.74074 5.48148H6.85185V10.963H23.2963V5.48148H27.4074V34.2593H2.74074V5.48148ZM22.3113 15.4595L13.7037 24.0671L9.20718 19.5706L7.23727 21.5405L12.7188 27.022L13.7037 27.9641L14.6887 27.022L24.2812 17.4294L22.3113 15.4595Z\" fill=\"url(#paint0_linear_232_14036)\"><\/path>\n    <defs>\n    <linearGradient id=\"paint0_linear_232_14036\" x1=\"8.03574\" y1=\"18.5\" x2=\"22.0781\" y2=\"18.5\" gradientUnits=\"userSpaceOnUse\">\n    <stop stop-color=\"#7DD3C7\"><\/stop>\n    <stop offset=\"1\" stop-color=\"#A8E6CF\"><\/stop>\n    <\/linearGradient>\n    <\/defs>\n    <\/svg>                <\/div>\n                <h3 class=\"modernkb-title\">Kart\u0105 podatkow\u0105<\/h3>\n                <div class=\"modernkb-description\">\n                                            Sprawdzenie kwalifikacji, <span class=\"modernkb-highlight\">ocena op\u0142acalno\u015bci<\/span> i obs\u0142uga formalno\u015bci karty podatkowej.\n                                    <\/div>\n            <\/div>\n\n            <div class=\"modernkb-card\">\n                <div class=\"modernkb-icon\">\n                    <svg width=\"31\" height=\"37\" viewBox=\"0 0 31 37\" fill=\"none\" xmlns=\"http:\/\/www.w3.org\/2000\/svg\">\n    <path d=\"M15.0741 0C13.3504 0 12.1246 1.22049 11.5197 2.74074H0V37H30.1481V2.74074H18.6285C18.0236 1.22049 16.7977 0 15.0741 0ZM15.0741 2.74074C15.8342 2.74074 16.4444 3.35098 16.4444 4.11111V5.48148H20.5556V8.22222H9.59259V5.48148H13.7037V4.11111C13.7037 3.35098 14.3139 2.74074 15.0741 2.74074ZM2.74074 5.48148H6.85185V10.963H23.2963V5.48148H27.4074V34.2593H2.74074V5.48148ZM22.3113 15.4595L13.7037 24.0671L9.20718 19.5706L7.23727 21.5405L12.7188 27.022L13.7037 27.9641L14.6887 27.022L24.2812 17.4294L22.3113 15.4595Z\" fill=\"url(#paint0_linear_232_14037)\"><\/path>\n    <defs>\n    <linearGradient id=\"paint0_linear_232_14037\" x1=\"8.03574\" y1=\"18.5\" x2=\"22.0781\" y2=\"18.5\" gradientUnits=\"userSpaceOnUse\">\n    <stop stop-color=\"#7DD3C7\"><\/stop>\n    <stop offset=\"1\" stop-color=\"#A8E6CF\"><\/stop>\n    <\/linearGradient>\n    <\/defs>\n    <\/svg>                <\/div>\n                <h3 class=\"modernkb-title\">Pe\u0142n\u0105 ksi\u0119gowo\u015bci\u0105<\/h3>\n                <div class=\"modernkb-description\">\n                                            Kompleksowe prowadzenie ksi\u0105g rachunkowych &#8211; <span class=\"modernkb-highlight\">od zapis\u00f3w po sprawozdania<\/span>.\n                                    <\/div>\n            <\/div>\n        <\/div>\n    <\/div>\n    \n<h2>Przedsi\u0119biorco z Tych\u00f3w \u2013 sprawd\u017a ofert\u0119 naszego biura rachunkowego!<\/h2>\n<p>Ksi\u0119gowo\u015b\u0107 to nieod\u0142\u0105czny element prowadzenia dzia\u0142alno\u015bci gospodarczej. Je\u015bli siedzib\u0105 Twojej firmy s\u0105 Tychy, mo\u017cesz powierzy\u0107 swoje sprawy ksi\u0119gowe specjalistom z Open Profit. Nasze biuro rachunkowe online specjalizuje si\u0119 w obs\u0142udze mikro i ma\u0142ych przedsi\u0119biorstw, a ka\u017cd\u0105 firm\u0119 obs\u0142uguje Opiekun Klienta, czyli Tw\u00f3j indywidualny ksi\u0119gowy.<\/p>\n<p><strong>Sprawd\u017a, jakie us\u0142ugi przygotowali\u015bmy dla przedsi\u0119biorc\u00f3w zamieszkuj\u0105cych Tychy:<\/strong><\/p>\n<ul>\n<li><a href=\"https:\/\/openprofit.pl\/oferta\/uslugi-ksiegowe\/\"><strong>Us\u0142ugi ksi\u0119gowe<\/strong><\/a> \u2013 ma\u0142a i pe\u0142na ksi\u0119gowo\u015b\u0107 to nasza specjalno\u015b\u0107! Je\u015bli Tychy to miasto, w kt\u00f3rym dzia\u0142a Twoja firma, mo\u017cesz powierzy\u0107 nam wszystkie sprawy zwi\u0105zane z ksi\u0119gowo\u015bci\u0105, r\u00f3wnie\u017c prowadzenie rejestr\u00f3w i ewidencji oraz reprezentowanie firmy przed organami administracji.<\/li>\n<li><a href=\"https:\/\/openprofit.pl\/oferta\/kadry-i-place\/\"><strong>Kadry i p\u0142ace<\/strong><\/a> \u2013 je\u015bli zatrudniasz pracownik\u00f3w w Tychach, nasze biuro ksi\u0119gowe wesprze Ci\u0119 w naliczaniu wynagrodze\u0144, wyborze formy zatrudnienia, prowadzeniu elektronicznych teczek osobowych, wysy\u0142aniu deklaracji PIT i ZUS oraz pozosta\u0142ych obowi\u0105zkach kadrowo-p\u0142acowych.<\/li>\n<li><a href=\"https:\/\/openprofit.pl\/oferta\/uslugi-doradcze\/\"><strong>Us\u0142ugi doradcze<\/strong><\/a> \u2013 przedsi\u0119biorcom z Tych\u00f3w oferujemy r\u00f3wnie\u017c rekomendacje prawno-podatkowe. Opr\u00f3cz bie\u017c\u0105cego doradztwa Opiekuna Klienta zapewniamy r\u00f3wnie\u017c doradztwo w zakresie wyboru formy dzia\u0142alno\u015bci i formy opodatkowania, doradztwo w zakresie zatrudniania wsp\u00f3\u0142pracownik\u00f3w oraz inne doradztwo specjalistyczne.<\/li>\n<li><a href=\"https:\/\/openprofit.pl\/oferta\/rejestracja-dzialalnosci-firmy\/\"><strong>Rejestracja firmy<\/strong><\/a> \u2013 Tychy to miasto, w kt\u00f3rym chcesz zarejestrowa\u0107 dzia\u0142alno\u015b\u0107? Nasza ksi\u0119gowa pomo\u017ce Ci podj\u0105\u0107 najwa\u017cniejsze decyzje zwi\u0105zane z zak\u0142adaniem firmy i wesprze Ci\u0119 podczas sk\u0142adania wniosku. Z nami unikniesz pomy\u0142ek i za\u0142o\u017cysz dzia\u0142alno\u015b\u0107 w Tychach bez zb\u0119dnego stresu!<\/li>\n<\/ul>\n<h2>Biuro ksi\u0119gowe Open Profit \u2013 dlaczego my?<\/h2>\n<p>Zastanawiasz si\u0119, czy zdalne biuro rachunkowe to oferta dopasowana do Twoich potrzeb? Sprawd\u017a, <a href=\"https:\/\/openprofit.pl\/opinie\/\">co m\u00f3wi\u0105 o nas klienci<\/a> i co mo\u017cesz zyska\u0107, decyduj\u0105c si\u0119 na wsp\u00f3\u0142prac\u0119 z Open Profit:<\/p>\n<ul>\n<li>nowoczesna ksi\u0119gowo\u015b\u0107 online i kontakt w 100% zdalny,<\/li>\n<li>\u0142atwa i wygodna forma przesy\u0142ania dokument\u00f3w \u2013 przez konto Dropbox, bez konieczno\u015bci dojazd\u00f3w do biura,<\/li>\n<li>wysokie bezpiecze\u0144stwo: polisa na ponad 1 000 000 z\u0142otych,<\/li>\n<li>dopasowanie oferty do potrzeb mikro i ma\u0142ych przedsi\u0119biorstw,<\/li>\n<li>ksi\u0119gowo\u015b\u0107 dostosowana do bran\u017cy (m.in. <a href=\"https:\/\/openprofit.pl\/oferta\/uslugi-dla-programistow\/\">dla programist\u00f3w<\/a> oraz <a href=\"https:\/\/openprofit.pl\/oferta\/uslugi-dla-e-commerce\/\">dla e-commerce<\/a>),<\/li>\n<li>dedykowany Opiekun Klienta, z kt\u00f3rym kontaktujesz\u00a0si\u0119 przez ca\u0142y okres wsp\u00f3\u0142pracy.<\/li>\n<\/ul>\n<p>Nasze biuro rachunkowe nie oferuje oprogramowania do ksi\u0119gowania i nie zatrudnia zewn\u0119trznych ksi\u0119gowych \u2013 wsp\u00f3\u0142praca z nami jest wi\u0119c wygodna i bezpieczna. Je\u015bli tym, czego szukasz, jest nowoczesna ksi\u0119gowo\u015b\u0107 online, <a href=\"https:\/\/openprofit.pl\/kontakt\/\">skontaktuj si\u0119 z nami<\/a> \u2013 zapraszamy!<\/p>\n\n\t\t\t<\/div>\n\n\t\t<\/div>\n\t<\/div>\n\t\n<\/section>\n","protected":false},"excerpt":{"rendered":"","protected":false},"author":13,"featured_media":0,"parent":2852,"menu_order":0,"comment_status":"closed","ping_status":"closed","template":"","meta":{"_acf_changed":false,"inline_featured_image":false,"editor_plus_copied_stylings":"{}","footnotes":""},"class_list":["post-2594","page","type-page","status-publish","hentry"],"acf":[],"yoast_head":"<!-- This site is optimized with the Yoast SEO plugin v27.3 - https:\/\/yoast.com\/product\/yoast-seo-wordpress\/ -->\n<title>Biuro rachunkowe \u2013 Tychy | biuro rachunkowe i podatkowe - us\u0142ugi ksi\u0119gowe | openprofit.pl<\/title>\n<meta name=\"description\" content=\"Zdalne biuro rachunkowe zapewnia wygodn\u0105, bezpieczn\u0105 i \u0142atw\u0105 ksi\u0119gowo\u015b\u0107. Prowadzisz firm\u0119 w Tychach? Sprawd\u017a ofert\u0119 dla Twojego miasta!\" \/>\n<meta name=\"robots\" content=\"index, follow, max-snippet:-1, max-image-preview:large, max-video-preview:-1\" \/>\n<link rel=\"canonical\" href=\"https:\/\/openprofit.pl\/slaskie\/biuro-rachunkowe-tychy\/\" \/>\n<meta property=\"og:locale\" content=\"pl_PL\" \/>\n<meta property=\"og:type\" content=\"article\" \/>\n<meta property=\"og:title\" content=\"Biuro rachunkowe \u2013 Tychy | biuro rachunkowe i podatkowe - us\u0142ugi ksi\u0119gowe | openprofit.pl\" \/>\n<meta property=\"og:description\" content=\"Zdalne biuro rachunkowe zapewnia wygodn\u0105, bezpieczn\u0105 i \u0142atw\u0105 ksi\u0119gowo\u015b\u0107. Prowadzisz firm\u0119 w Tychach? Sprawd\u017a ofert\u0119 dla Twojego miasta!\" \/>\n<meta property=\"og:url\" content=\"https:\/\/openprofit.pl\/slaskie\/biuro-rachunkowe-tychy\/\" \/>\n<meta property=\"og:site_name\" content=\"openprofit.pl\" \/>\n<meta property=\"article:modified_time\" content=\"2025-06-09T06:52:14+00:00\" \/>\n<meta name=\"twitter:card\" content=\"summary_large_image\" \/>\n<!-- \/ Yoast SEO plugin. -->","yoast_head_json":{"title":"Biuro rachunkowe \u2013 Tychy | biuro rachunkowe i podatkowe - us\u0142ugi ksi\u0119gowe | openprofit.pl","description":"Zdalne biuro rachunkowe zapewnia wygodn\u0105, bezpieczn\u0105 i \u0142atw\u0105 ksi\u0119gowo\u015b\u0107. Prowadzisz firm\u0119 w Tychach? Sprawd\u017a ofert\u0119 dla Twojego miasta!","robots":{"index":"index","follow":"follow","max-snippet":"max-snippet:-1","max-image-preview":"max-image-preview:large","max-video-preview":"max-video-preview:-1"},"canonical":"https:\/\/openprofit.pl\/slaskie\/biuro-rachunkowe-tychy\/","og_locale":"pl_PL","og_type":"article","og_title":"Biuro rachunkowe \u2013 Tychy | biuro rachunkowe i podatkowe - us\u0142ugi ksi\u0119gowe | openprofit.pl","og_description":"Zdalne biuro rachunkowe zapewnia wygodn\u0105, bezpieczn\u0105 i \u0142atw\u0105 ksi\u0119gowo\u015b\u0107. Prowadzisz firm\u0119 w Tychach? Sprawd\u017a ofert\u0119 dla Twojego miasta!","og_url":"https:\/\/openprofit.pl\/slaskie\/biuro-rachunkowe-tychy\/","og_site_name":"openprofit.pl","article_modified_time":"2025-06-09T06:52:14+00:00","twitter_card":"summary_large_image","schema":{"@context":"https:\/\/schema.org","@graph":[{"@type":"WebPage","@id":"https:\/\/openprofit.pl\/slaskie\/biuro-rachunkowe-tychy\/","url":"https:\/\/openprofit.pl\/slaskie\/biuro-rachunkowe-tychy\/","name":"Biuro rachunkowe \u2013 Tychy | biuro rachunkowe i podatkowe - us\u0142ugi ksi\u0119gowe | openprofit.pl","isPartOf":{"@id":"https:\/\/openprofit.pl\/#website"},"datePublished":"2024-09-23T10:06:32+00:00","dateModified":"2025-06-09T06:52:14+00:00","description":"Zdalne biuro rachunkowe zapewnia wygodn\u0105, bezpieczn\u0105 i \u0142atw\u0105 ksi\u0119gowo\u015b\u0107. Prowadzisz firm\u0119 w Tychach? Sprawd\u017a ofert\u0119 dla Twojego miasta!","breadcrumb":{"@id":"https:\/\/openprofit.pl\/slaskie\/biuro-rachunkowe-tychy\/#breadcrumb"},"inLanguage":"pl-PL","potentialAction":[{"@type":"ReadAction","target":["https:\/\/openprofit.pl\/slaskie\/biuro-rachunkowe-tychy\/"]}]},{"@type":"BreadcrumbList","@id":"https:\/\/openprofit.pl\/slaskie\/biuro-rachunkowe-tychy\/#breadcrumb","itemListElement":[{"@type":"ListItem","position":1,"name":"Strona g\u0142\u00f3wna","item":"https:\/\/openprofit.pl\/"},{"@type":"ListItem","position":2,"name":"Us\u0142ugi ksi\u0119gowe online \u2013 \u015bl\u0105skie","item":"https:\/\/openprofit.pl\/slaskie\/"},{"@type":"ListItem","position":3,"name":"Biuro rachunkowe \u2013 Tychy"}]},{"@type":"WebSite","@id":"https:\/\/openprofit.pl\/#website","url":"https:\/\/openprofit.pl\/","name":"openprofit.pl","description":"Twoje zdalne biuro rachunkowe","potentialAction":[{"@type":"SearchAction","target":{"@type":"EntryPoint","urlTemplate":"https:\/\/openprofit.pl\/?s={search_term_string}"},"query-input":{"@type":"PropertyValueSpecification","valueRequired":true,"valueName":"search_term_string"}}],"inLanguage":"pl-PL"}]}},"gutenberg_blocks":[{"blockName":"custom-styles","attrs":{"styles":""}},{"blockName":"acf\/seo-section","attrs":{"container":"","disable_contact_section_above_footer":false,"schema_faq":""},"innerBlocks":[],"innerHTML":"","innerContent":[]}],"meta_data":{"container":"","disable_contact_section_above_footer":false,"schema_faq":""},"_links":{"self":[{"href":"https:\/\/openprofit.pl\/index.php\/wp-json\/wp\/v2\/pages\/2594","targetHints":{"allow":["GET"]}}],"collection":[{"href":"https:\/\/openprofit.pl\/index.php\/wp-json\/wp\/v2\/pages"}],"about":[{"href":"https:\/\/openprofit.pl\/index.php\/wp-json\/wp\/v2\/types\/page"}],"author":[{"embeddable":true,"href":"https:\/\/openprofit.pl\/index.php\/wp-json\/wp\/v2\/users\/13"}],"replies":[{"embeddable":true,"href":"https:\/\/openprofit.pl\/index.php\/wp-json\/wp\/v2\/comments?post=2594"}],"version-history":[{"count":4,"href":"https:\/\/openprofit.pl\/index.php\/wp-json\/wp\/v2\/pages\/2594\/revisions"}],"predecessor-version":[{"id":2939,"href":"https:\/\/openprofit.pl\/index.php\/wp-json\/wp\/v2\/pages\/2594\/revisions\/2939"}],"up":[{"embeddable":true,"href":"https:\/\/openprofit.pl\/index.php\/wp-json\/wp\/v2\/pages\/2852"}],"wp:attachment":[{"href":"https:\/\/openprofit.pl\/index.php\/wp-json\/wp\/v2\/media?parent=2594"}],"curies":[{"name":"wp","href":"https:\/\/api.w.org\/{rel}","templated":true}]}}